{"id":1087,"date":"2023-02-13T14:33:36","date_gmt":"2023-02-13T14:33:36","guid":{"rendered":"https:\/\/cmykprinted.com\/?post_type=product&#038;p=1087"},"modified":"2023-02-13T14:45:30","modified_gmt":"2023-02-13T14:45:30","slug":"tension-fabric-displays-backdrops-for-trade-shows-and-events","status":"publish","type":"product","link":"https:\/\/cmykprinted.com\/tr\/urun\/tension-fabric-displays-backdrops-for-trade-shows-and-events\/","title":{"rendered":"Gerginlik Kuma\u015f\u0131 Ticari Fuarlar ve Etkinlikler i\u00e7in Arka Planlar\u0131 Sergiliyor"},"content":{"rendered":"","protected":false},"excerpt":{"rendered":"<p>Gergi kuma\u015f stantlar, hafif olmalar\u0131, kurulumu kolay olmalar\u0131 ve markan\u0131z i\u00e7in temiz ve modern bir g\u00f6r\u00fcn\u00fcm sa\u011flamalar\u0131 nedeniyle ticari fuar kabinleri ve \u00f6zel etkinlik sergileri i\u00e7in pop\u00fcler bir se\u00e7imdir. Bu ekranlar, \u00e7e\u015fitli konfig\u00fcrasyonlar olu\u015fturmak i\u00e7in hafif bir \u00e7er\u00e7eve \u00fczerine gerilmi\u015f, resminizle bas\u0131lm\u0131\u015f, uyumlu bir kuma\u015f \u00f6rt\u00fc kullan\u0131r. Baz\u0131 yayg\u0131n germe kuma\u015f ekran t\u00fcrleri aras\u0131nda afi\u015f standlar\u0131, a\u00e7\u0131l\u0131r ekranlar ve as\u0131l\u0131 afi\u015fler bulunur. Bu sistemler, benzersiz pazarlama ihtiya\u00e7lar\u0131n\u0131za uyacak \u015fekilde \u00e7ok \u00e7e\u015fitli \u00f6zelle\u015ftirme se\u00e7enekleri sunar ve kolayca demonte edilebilir ve farkl\u0131 etkinliklere ta\u015f\u0131nabilir. Gergi kuma\u015f te\u015fhir \u00fcr\u00fcnleri, markan\u0131z\u0131 ve mesaj\u0131n\u0131z\u0131 profesyonel ve g\u00f6rsel olarak \u00e7ekici bir \u015fekilde sergilemenin etkili bir yolu olabilir.<\/p>\n<div style=\"width: 1290px;\" class=\"wp-video\"><!--[if lt IE 9]><script>document.createElement('video');<\/script><![endif]--><br \/>\n<video class=\"wp-video-shortcode\" id=\"video-1087-1\" width=\"1290\" height=\"726\" loop autoplay preload=\"auto\" controls=\"controls\"><source type=\"video\/mp4\" src=\"http:\/\/cmykprinted.com\/wp-content\/uploads\/2022\/12\/Tension-Fabric-Displays.mp4?_=1\" \/><a href=\"http:\/\/cmykprinted.com\/wp-content\/uploads\/2022\/12\/Tension-Fabric-Displays.mp4\">http:\/\/cmykprinted.com\/wp-content\/uploads\/2022\/12\/Tension-Fabric-Displays.mp4<\/a><\/video><\/div>\n<p>&nbsp;<\/p>","protected":false},"featured_media":1088,"template":"","meta":{"_kad_post_transparent":"default","_kad_post_title":"hide","_kad_post_layout":"fullwidth","_kad_post_sidebar_id":"","_kad_post_content_style":"unboxed","_kad_post_vertical_padding":"hide","_kad_post_feature":"hide","_kad_post_feature_position":"","_kad_post_header":false,"_kad_post_footer":false},"product_cat":[97,99],"product_tag":[320,317,134,318,319],"class_list":{"0":"post-1087","1":"product","2":"type-product","3":"status-publish","4":"has-post-thumbnail","6":"product_cat-tension-fabric-displays","7":"product_cat-custom-fabric-displays","8":"product_tag-events-fabric-displays","9":"product_tag-tension-fabric-backdrops","10":"product_tag-tension-fabric-displays","11":"product_tag-trade-shows-fabric-backdrops","12":"product_tag-trade-shows-fabric-displays","14":"first","15":"instock","16":"shipping-taxable","17":"product-type-simple","18":"entry","19":"content-bg","20":"loop-entry"},"_links":{"self":[{"href":"https:\/\/cmykprinted.com\/tr\/wp-json\/wp\/v2\/product\/1087","targetHints":{"allow":["GET"]}}],"collection":[{"href":"https:\/\/cmykprinted.com\/tr\/wp-json\/wp\/v2\/product"}],"about":[{"href":"https:\/\/cmykprinted.com\/tr\/wp-json\/wp\/v2\/types\/product"}],"version-history":[{"count":1,"href":"https:\/\/cmykprinted.com\/tr\/wp-json\/wp\/v2\/product\/1087\/revisions"}],"predecessor-version":[{"id":1094,"href":"https:\/\/cmykprinted.com\/tr\/wp-json\/wp\/v2\/product\/1087\/revisions\/1094"}],"wp:featuredmedia":[{"embeddable":true,"href":"https:\/\/cmykprinted.com\/tr\/wp-json\/wp\/v2\/media\/1088"}],"wp:attachment":[{"href":"https:\/\/cmykprinted.com\/tr\/wp-json\/wp\/v2\/media?parent=1087"}],"wp:term":[{"taxonomy":"product_cat","embeddable":true,"href":"https:\/\/cmykprinted.com\/tr\/wp-json\/wp\/v2\/product_cat?post=1087"},{"taxonomy":"product_tag","embeddable":true,"href":"https:\/\/cmykprinted.com\/tr\/wp-json\/wp\/v2\/product_tag?post=1087"}],"curies":[{"name":"wp","href":"https:\/\/api.w.org\/{rel}","templated":true}]}}