{"id":1095,"date":"2023-02-13T15:30:16","date_gmt":"2023-02-13T15:30:16","guid":{"rendered":"https:\/\/cmykprinted.com\/?post_type=product&#038;p=1095"},"modified":"2023-02-13T15:34:49","modified_gmt":"2023-02-13T15:34:49","slug":"waterproof-custom-uv-3d-metal-transfer-stickers-labels","status":"publish","type":"product","link":"https:\/\/cmykprinted.com\/tr\/urun\/waterproof-custom-uv-3d-metal-transfer-stickers-labels\/","title":{"rendered":"Su ge\u00e7irmez \u00d6zel UV 3D Metal Transfer \u00c7\u0131kartma Etiketleri"},"content":{"rendered":"","protected":false},"excerpt":{"rendered":"<p>3D metal transfer \u00e7\u0131kartmalar\u0131, 3D efekti olu\u015fturmak i\u00e7in g\u00fc\u00e7l\u00fc nikel folyo kullanan benzersiz ve \u015f\u0131k bir etiketleme \u00e7\u00f6z\u00fcm\u00fc sunar. Fazla malzeme tasar\u0131mdan k\u0131rp\u0131larak &quot;etiketsiz&quot; bir g\u00f6r\u00fcn\u00fcme sahip \u015f\u0131k ve sofistike bir g\u00f6r\u00fcn\u00fcm elde edilir. Birinci s\u0131n\u0131f \u00fcr\u00fcnler veya e-ticaret i\u00e7in m\u00fckemmel olan \u00e7\u0131kartmalar, tasar\u0131m\u0131n \u00f6zel bir bask\u0131 i\u015flemiyle nikel folyoya bas\u0131lmas\u0131yla \u00fcretilir. Fazla malzeme uzakla\u015ft\u0131r\u0131ld\u0131ktan sonra kald\u0131r\u0131lan elemanlar yap\u0131\u015fkan bir tabaka ile kaplanarak plastik, metal, ka\u011f\u0131t gibi \u00e7e\u015fitli y\u00fczeylere uygulanmaya uygun hale getirilir.<br \/>\nBu 3D metal transfer \u00e7\u0131kartmalar\u0131n\u0131n en \u00f6nemli avantajlar\u0131ndan biri dayan\u0131kl\u0131l\u0131klar\u0131d\u0131r. Korozyona dayan\u0131kl\u0131 nikelden yap\u0131lm\u0131\u015ft\u0131r, zamanla kalitelerini korurken a\u015f\u0131nmaya ve y\u0131pranmaya kar\u015f\u0131 dayan\u0131kl\u0131d\u0131rlar. Ek olarak, solmaya ve renk solmas\u0131na kar\u015f\u0131 dayan\u0131kl\u0131d\u0131rlar ve uzun \u00f6m\u00fcrl\u00fc bir etiketleme \u00e7\u00f6z\u00fcm\u00fc sa\u011flarlar. Bu \u00e7\u0131kartmalar\u0131n 3D efekti ayr\u0131ca \u00fcr\u00fcn ambalaj\u0131n\u0131za veya markan\u0131za \u00e7ekici ve ay\u0131rt edici bir dokunu\u015f katar.<\/p>\n<div style=\"width: 1280px;\" class=\"wp-video\"><!--[if lt IE 9]><script>document.createElement('video');<\/script><![endif]--><br \/>\n<video class=\"wp-video-shortcode\" id=\"video-1095-1\" width=\"1280\" height=\"720\" loop autoplay preload=\"metadata\" controls=\"controls\"><source type=\"video\/mp4\" src=\"http:\/\/cmykprinted.com\/wp-content\/uploads\/2022\/12\/Metal-Transfer-Sticker.mp4?_=1\" \/><a href=\"http:\/\/cmykprinted.com\/wp-content\/uploads\/2022\/12\/Metal-Transfer-Sticker.mp4\">http:\/\/cmykprinted.com\/wp-content\/uploads\/2022\/12\/Metal-Transfer-Sticker.mp4<\/a><\/video><\/div>\n<p>&nbsp;<\/p>","protected":false},"featured_media":1096,"template":"","meta":{"_kad_post_transparent":"default","_kad_post_title":"hide","_kad_post_layout":"fullwidth","_kad_post_sidebar_id":"","_kad_post_content_style":"unboxed","_kad_post_vertical_padding":"hide","_kad_post_feature":"hide","_kad_post_feature_position":"","_kad_post_header":false,"_kad_post_footer":false},"product_cat":[101,102],"product_tag":[299],"class_list":{"0":"post-1095","1":"product","2":"type-product","3":"status-publish","4":"has-post-thumbnail","6":"product_cat-transfer-stickers","7":"product_cat-metal-transfer-stickers","8":"product_tag-3d-metal-transfer-stickers","10":"first","11":"instock","12":"shipping-taxable","13":"product-type-simple","14":"entry","15":"content-bg","16":"loop-entry"},"_links":{"self":[{"href":"https:\/\/cmykprinted.com\/tr\/wp-json\/wp\/v2\/product\/1095","targetHints":{"allow":["GET"]}}],"collection":[{"href":"https:\/\/cmykprinted.com\/tr\/wp-json\/wp\/v2\/product"}],"about":[{"href":"https:\/\/cmykprinted.com\/tr\/wp-json\/wp\/v2\/types\/product"}],"version-history":[{"count":2,"href":"https:\/\/cmykprinted.com\/tr\/wp-json\/wp\/v2\/product\/1095\/revisions"}],"predecessor-version":[{"id":1103,"href":"https:\/\/cmykprinted.com\/tr\/wp-json\/wp\/v2\/product\/1095\/revisions\/1103"}],"wp:featuredmedia":[{"embeddable":true,"href":"https:\/\/cmykprinted.com\/tr\/wp-json\/wp\/v2\/media\/1096"}],"wp:attachment":[{"href":"https:\/\/cmykprinted.com\/tr\/wp-json\/wp\/v2\/media?parent=1095"}],"wp:term":[{"taxonomy":"product_cat","embeddable":true,"href":"https:\/\/cmykprinted.com\/tr\/wp-json\/wp\/v2\/product_cat?post=1095"},{"taxonomy":"product_tag","embeddable":true,"href":"https:\/\/cmykprinted.com\/tr\/wp-json\/wp\/v2\/product_tag?post=1095"}],"curies":[{"name":"wp","href":"https:\/\/api.w.org\/{rel}","templated":true}]}}