{"id":1104,"date":"2023-02-13T15:48:44","date_gmt":"2023-02-13T15:48:44","guid":{"rendered":"https:\/\/cmykprinted.com\/?post_type=product&#038;p=1104"},"modified":"2023-02-13T15:54:13","modified_gmt":"2023-02-13T15:54:13","slug":"low-price-custom-feather-flags-for-indoor-and-outdoor-use","status":"publish","type":"product","link":"https:\/\/cmykprinted.com\/tr\/urun\/low-price-custom-feather-flags-for-indoor-and-outdoor-use\/","title":{"rendered":"\u0130\u00e7 ve D\u0131\u015f Mekan Kullan\u0131m\u0131 i\u00e7in D\u00fc\u015f\u00fck Fiyatl\u0131 \u00d6zel T\u00fcy Bayraklar"},"content":{"rendered":"","protected":false},"excerpt":{"rendered":"<p>\u00d6zel ku\u015f t\u00fcy\u00fc bayraklar, markalar\u0131n\u0131 veya mesajlar\u0131n\u0131 tan\u0131tman\u0131n zahmetsiz bir yolunu arayan i\u015fletmeler ve kurulu\u015flar i\u00e7in etkili bir reklam arac\u0131d\u0131r. Bu bayraklar\u0131n kurulumu kolayd\u0131r ve herhangi bir yere yerle\u015ftirilebilir, bu da onlar\u0131 pratik bir \u00e7\u00f6z\u00fcm haline getirir. T\u00fcy bayrak dire\u011fi, al\u00fcminyum ve cam elyaf\u0131 gibi dayan\u0131kl\u0131 malzemelerden \u00fcretilerek r\u00fczgarl\u0131 ko\u015fullarda ve olumsuz hava ko\u015fullar\u0131nda bile dik durmas\u0131n\u0131 sa\u011flar. Bayra\u011f\u0131n kendisi, arka taraf\u0131nda 100%&#039;ye yak\u0131n yans\u0131tma sunan y\u00fcksek kaliteli 115 g\/m2 polyester kuma\u015fa bas\u0131lm\u0131\u015ft\u0131r ve bayra\u011f\u0131n kolayca g\u00f6r\u00fclebilmesini ve uzaktan okunabilmesini sa\u011flar.<br \/>\nDayan\u0131kl\u0131l\u0131k ve g\u00f6r\u00fcn\u00fcrl\u00fcklerine ek olarak, \u00f6zel ku\u015f t\u00fcy\u00fc bayraklar da ta\u015f\u0131maya uygundur ve minimum yer kaplar. Bir yerden bir yere kolayca ta\u015f\u0131nabilirler ve \u00e7e\u015fitli taban se\u00e7enekleri kullan\u0131larak her t\u00fcrl\u00fc zemine kurulabilirler.<br \/>\nSonu\u00e7 olarak, \u00f6zel ku\u015f t\u00fcy\u00fc bayraklar, markan\u0131z\u0131 veya mesaj\u0131n\u0131z\u0131 tan\u0131tmak i\u00e7in esnek ve etkili bir y\u00f6ntemdir. Kolay montaj\u0131, sa\u011flaml\u0131\u011f\u0131 ve y\u00fcksek g\u00f6r\u00fcn\u00fcrl\u00fc\u011f\u00fc ile dikkat \u00e7ekmek isteyen her i\u015fletme ve kurulu\u015f i\u00e7in ideal bir se\u00e7imdir.<\/p>\n<div style=\"width: 1280px;\" class=\"wp-video\"><!--[if lt IE 9]><script>document.createElement('video');<\/script><![endif]--><br \/>\n<video class=\"wp-video-shortcode\" id=\"video-1104-1\" width=\"1280\" height=\"720\" loop autoplay preload=\"metadata\" controls=\"controls\"><source type=\"video\/mp4\" src=\"http:\/\/cmykprinted.com\/wp-content\/uploads\/2022\/12\/Feather-beach-flags.mp4?_=1\" \/><a href=\"http:\/\/cmykprinted.com\/wp-content\/uploads\/2022\/12\/Feather-beach-flags.mp4\">http:\/\/cmykprinted.com\/wp-content\/uploads\/2022\/12\/Feather-beach-flags.mp4<\/a><\/video><\/div>","protected":false},"featured_media":1105,"template":"","meta":{"_kad_post_transparent":"default","_kad_post_title":"hide","_kad_post_layout":"fullwidth","_kad_post_sidebar_id":"","_kad_post_content_style":"unboxed","_kad_post_vertical_padding":"hide","_kad_post_feature":"hide","_kad_post_feature_position":"","_kad_post_header":false,"_kad_post_footer":false},"product_cat":[64,65],"product_tag":[321,322,323,204],"class_list":{"0":"post-1104","1":"product","2":"type-product","3":"status-publish","4":"has-post-thumbnail","6":"product_cat-beach-flags","7":"product_cat-feather-flags-banners","8":"product_tag-custom-feather-flags","9":"product_tag-indoor-feather-flags","10":"product_tag-low-price-feather-flags","11":"product_tag-outdoor-feather-flags","13":"first","14":"instock","15":"shipping-taxable","16":"product-type-simple","17":"entry","18":"content-bg","19":"loop-entry"},"_links":{"self":[{"href":"https:\/\/cmykprinted.com\/tr\/wp-json\/wp\/v2\/product\/1104","targetHints":{"allow":["GET"]}}],"collection":[{"href":"https:\/\/cmykprinted.com\/tr\/wp-json\/wp\/v2\/product"}],"about":[{"href":"https:\/\/cmykprinted.com\/tr\/wp-json\/wp\/v2\/types\/product"}],"version-history":[{"count":2,"href":"https:\/\/cmykprinted.com\/tr\/wp-json\/wp\/v2\/product\/1104\/revisions"}],"predecessor-version":[{"id":1112,"href":"https:\/\/cmykprinted.com\/tr\/wp-json\/wp\/v2\/product\/1104\/revisions\/1112"}],"wp:featuredmedia":[{"embeddable":true,"href":"https:\/\/cmykprinted.com\/tr\/wp-json\/wp\/v2\/media\/1105"}],"wp:attachment":[{"href":"https:\/\/cmykprinted.com\/tr\/wp-json\/wp\/v2\/media?parent=1104"}],"wp:term":[{"taxonomy":"product_cat","embeddable":true,"href":"https:\/\/cmykprinted.com\/tr\/wp-json\/wp\/v2\/product_cat?post=1104"},{"taxonomy":"product_tag","embeddable":true,"href":"https:\/\/cmykprinted.com\/tr\/wp-json\/wp\/v2\/product_tag?post=1104"}],"curies":[{"name":"wp","href":"https:\/\/api.w.org\/{rel}","templated":true}]}}