{"id":1951,"date":"2024-03-25T07:48:46","date_gmt":"2024-03-25T07:48:46","guid":{"rendered":"https:\/\/cmykprinted.com\/?post_type=product&#038;p=1951"},"modified":"2024-03-26T08:28:10","modified_gmt":"2024-03-26T08:28:10","slug":"double-side-printed-polyester-hanging-flag-for-advertising","status":"publish","type":"product","link":"https:\/\/cmykprinted.com\/tr\/urun\/cift-tarafli-baskili-polyester-asili-bayrak-reklam-icin\/","title":{"rendered":"Reklam \u0130\u00e7in \u00c7ift Tarafl\u0131 Bask\u0131l\u0131 Polyester As\u0131l\u0131 Bayrak"},"content":{"rendered":"","protected":false},"excerpt":{"rendered":"<p>\u00d6zelle\u015ftirilmi\u015f Polyester Bayraklar<\/p>\n<p>S\u0131f\u0131r minimum gereksinimler. Kurulu\u015f maliyeti yok! B\u00fcy\u00fck \u00f6l\u00e7ekli al\u0131mlar i\u00e7in toptan sat\u0131\u015f fiyatlar\u0131na eri\u015filebilir. Boya s\u00fcblimasyon bask\u0131yla y\u00fcksek \u00e7\u00f6z\u00fcn\u00fcrl\u00fckl\u00fc tam renkler!<\/p>\n<p>H\u0131zl\u0131 geri d\u00f6n\u00fc\u015f, numunenizi 48 saat i\u00e7inde bitirebiliriz.<\/p>\n<p>Hi\u00e7bir ekstra \u00fccret gerektirmeden m\u00fckemmel Pantone rengi.<\/p>\n<p>\u00dccretsiz tasar\u0131m hizmeti!<\/p>\n<p>Grometler\/delikler\/kol veya \u00e7ubuk eklemek gibi ihtiyac\u0131n\u0131za g\u00f6re herhangi bir \u00f6zelle\u015ftirilmi\u015f bask\u0131l\u0131 bayrak yapabiliriz.<\/p>\n<p>&nbsp;<\/p>","protected":false},"featured_media":1952,"template":"","meta":{"_kad_post_transparent":"default","_kad_post_title":"hide","_kad_post_layout":"fullwidth","_kad_post_sidebar_id":"","_kad_post_content_style":"unboxed","_kad_post_vertical_padding":"hide","_kad_post_feature":"hide","_kad_post_feature_position":"","_kad_post_header":false,"_kad_post_footer":false},"product_cat":[79],"product_tag":[388,387,386,385],"class_list":{"0":"post-1951","1":"product","2":"type-product","3":"status-publish","4":"has-post-thumbnail","6":"product_cat-custom-flags","7":"product_tag-custom-double-sided-flags","8":"product_tag-double-side-printed-polyester-hanging-flag","9":"product_tag-flag-for-advertising","10":"product_tag-polyester-hanging-flag","12":"first","13":"instock","14":"shipping-taxable","15":"product-type-simple","16":"entry","17":"content-bg","18":"loop-entry"},"_links":{"self":[{"href":"https:\/\/cmykprinted.com\/tr\/wp-json\/wp\/v2\/product\/1951","targetHints":{"allow":["GET"]}}],"collection":[{"href":"https:\/\/cmykprinted.com\/tr\/wp-json\/wp\/v2\/product"}],"about":[{"href":"https:\/\/cmykprinted.com\/tr\/wp-json\/wp\/v2\/types\/product"}],"version-history":[{"count":3,"href":"https:\/\/cmykprinted.com\/tr\/wp-json\/wp\/v2\/product\/1951\/revisions"}],"predecessor-version":[{"id":1963,"href":"https:\/\/cmykprinted.com\/tr\/wp-json\/wp\/v2\/product\/1951\/revisions\/1963"}],"wp:featuredmedia":[{"embeddable":true,"href":"https:\/\/cmykprinted.com\/tr\/wp-json\/wp\/v2\/media\/1952"}],"wp:attachment":[{"href":"https:\/\/cmykprinted.com\/tr\/wp-json\/wp\/v2\/media?parent=1951"}],"wp:term":[{"taxonomy":"product_cat","embeddable":true,"href":"https:\/\/cmykprinted.com\/tr\/wp-json\/wp\/v2\/product_cat?post=1951"},{"taxonomy":"product_tag","embeddable":true,"href":"https:\/\/cmykprinted.com\/tr\/wp-json\/wp\/v2\/product_tag?post=1951"}],"curies":[{"name":"wp","href":"https:\/\/api.w.org\/{rel}","templated":true}]}}