{"id":1965,"date":"2024-03-27T04:06:25","date_gmt":"2024-03-27T04:06:25","guid":{"rendered":"https:\/\/cmykprinted.com\/?post_type=product&#038;p=1965"},"modified":"2024-03-27T07:33:30","modified_gmt":"2024-03-27T07:33:30","slug":"full-color-custom-printed-flags-with-sleeve","status":"publish","type":"product","link":"https:\/\/cmykprinted.com\/tr\/urun\/tam-renkli-ozel-baskili-bayraklar-kollu\/","title":{"rendered":"Tam Renkli \u00d6zel Bask\u0131l\u0131 Kollu Bayraklar"},"content":{"rendered":"","protected":false},"excerpt":{"rendered":"<p>MOQ: 1 PCS<\/p>\n<p>Bask\u0131 Y\u00f6ntemi: Boya S\u00fcblimasyon Bask\u0131 veya Dijital Bask\u0131<\/p>\n<p>Single side or double sided printed (front and back will be printed same printed colors )are available .<\/p>\n<p>Free design service and cheap sample cost with fast turnaround.<\/p>\n<p>100D polyester kuma\u015f bayrak, 110g \u00f6rme bayraklar, 120g saten kuma\u015f bayraklar, 250g \u00f6rme kuma\u015f bayraklar gibi bir\u00e7ok farkl\u0131 kalitede kuma\u015f se\u00e7ilebilir<\/p>\n<p>Finished option :\u00a0 hemmed edge with grommets ,or sleeve for pole , Plastic D hanger .<\/p>\n<p>Customized \/ personalized size printed flags .<\/p>\n<p>&nbsp;<\/p>\n<p>&nbsp;<\/p>\n<p>&nbsp;<\/p>\n<p>&nbsp;<\/p>","protected":false},"featured_media":1974,"template":"","meta":{"_kad_post_transparent":"default","_kad_post_title":"hide","_kad_post_layout":"fullwidth","_kad_post_sidebar_id":"","_kad_post_content_style":"unboxed","_kad_post_vertical_padding":"hide","_kad_post_feature":"hide","_kad_post_feature_position":"","_kad_post_header":false,"_kad_post_footer":false},"product_cat":[79],"product_tag":[391,389,392,393,390],"class_list":{"0":"post-1965","1":"product","2":"type-product","3":"status-publish","4":"has-post-thumbnail","6":"product_cat-custom-flags","7":"product_tag-custom-flag-printing","8":"product_tag-custom-printed-flags","9":"product_tag-flag-printing","10":"product_tag-flag-printing-sailing-flags","11":"product_tag-full-color-printed-flag","13":"first","14":"instock","15":"shipping-taxable","16":"product-type-simple","17":"entry","18":"content-bg","19":"loop-entry"},"_links":{"self":[{"href":"https:\/\/cmykprinted.com\/tr\/wp-json\/wp\/v2\/product\/1965","targetHints":{"allow":["GET"]}}],"collection":[{"href":"https:\/\/cmykprinted.com\/tr\/wp-json\/wp\/v2\/product"}],"about":[{"href":"https:\/\/cmykprinted.com\/tr\/wp-json\/wp\/v2\/types\/product"}],"version-history":[{"count":1,"href":"https:\/\/cmykprinted.com\/tr\/wp-json\/wp\/v2\/product\/1965\/revisions"}],"predecessor-version":[{"id":1973,"href":"https:\/\/cmykprinted.com\/tr\/wp-json\/wp\/v2\/product\/1965\/revisions\/1973"}],"wp:featuredmedia":[{"embeddable":true,"href":"https:\/\/cmykprinted.com\/tr\/wp-json\/wp\/v2\/media\/1974"}],"wp:attachment":[{"href":"https:\/\/cmykprinted.com\/tr\/wp-json\/wp\/v2\/media?parent=1965"}],"wp:term":[{"taxonomy":"product_cat","embeddable":true,"href":"https:\/\/cmykprinted.com\/tr\/wp-json\/wp\/v2\/product_cat?post=1965"},{"taxonomy":"product_tag","embeddable":true,"href":"https:\/\/cmykprinted.com\/tr\/wp-json\/wp\/v2\/product_tag?post=1965"}],"curies":[{"name":"wp","href":"https:\/\/api.w.org\/{rel}","templated":true}]}}