{"id":1975,"date":"2024-03-28T09:29:25","date_gmt":"2024-03-28T09:29:25","guid":{"rendered":"https:\/\/cmykprinted.com\/?post_type=product&#038;p=1975"},"modified":"2024-03-28T10:00:58","modified_gmt":"2024-03-28T10:00:58","slug":"best-custom-polyester-nylon-flags-for-indoor-and-outdoor","status":"publish","type":"product","link":"https:\/\/cmykprinted.com\/tr\/urun\/en-iyi-ozel-polyester-nylon-bayraklar-icin-ve-dis-mekanlar\/","title":{"rendered":"\u0130\u00e7 ve D\u0131\u015f Mekanlar i\u00e7in En \u0130yi \u00d6zel Polyester Naylon Bayraklar"},"content":{"rendered":"","protected":false},"excerpt":{"rendered":"<p>\u00d6zel bayraklar, dikkat \u00e7ekmek ve g\u00f6r\u00fcn\u00fcrl\u00fc\u011f\u00fc art\u0131rmak i\u00e7in canl\u0131 renk tonlar\u0131ndan ve dinamik hareketten yararlanarak g\u00fc\u00e7l\u00fc bir tan\u0131t\u0131m \u00f6\u011fesi g\u00f6revi g\u00f6r\u00fcr. Dijital bask\u0131 (naylon \u00fczerine su bask\u0131), serigrafi bask\u0131 ve boya s\u00fcblimasyon bask\u0131 gibi ki\u015fiselle\u015ftirme i\u00e7in \u00e7e\u015fitli bask\u0131 teknikleri mevcuttur. Golden Mouth Reklam Fabrikas\u0131nda, 200\/210D naylon veya \u00f6rme polyester \u00fczerine serigrafi bask\u0131 veya dijital bask\u0131y\u0131 tercih ediyoruz; m\u00fc\u015fteri b\u00fct\u00e7esine, sanat eseri \u00f6zelliklerine ve bayrak adet gereksinimlerine g\u00f6re malzeme ve bask\u0131 y\u00f6ntemini se\u00e7iyoruz. S\u00fcblimasyon bask\u0131 y\u00f6ntemini kullan\u0131yor olsak da, s\u0131n\u0131rl\u0131 m\u00fcrekkep n\u00fcfuzu, onu \u00f6zel arka planlar ve masa \u00f6rt\u00fcleri gibi alternatif kuma\u015f bask\u0131 \u00e7al\u0131\u015fmalar\u0131 i\u00e7in daha uygun hale getiriyor. \u00d6zel Bask\u0131l\u0131 Bayrak i\u00e7in genellikle dijital bask\u0131 kullan\u0131yoruz, bu \u015fekilde fiyat en ucuz olan\u0131d\u0131r.<\/p>\n<p>&nbsp;<\/p>\n<p>&nbsp;<\/p>\n<p>&nbsp;<\/p>\n<p>&nbsp;<\/p>\n<p>&nbsp;<\/p>\n<p>&nbsp;<\/p>","protected":false},"featured_media":1976,"template":"","meta":{"_kad_post_transparent":"default","_kad_post_title":"hide","_kad_post_layout":"fullwidth","_kad_post_sidebar_id":"","_kad_post_content_style":"unboxed","_kad_post_vertical_padding":"hide","_kad_post_feature":"hide","_kad_post_feature_position":"","_kad_post_header":false,"_kad_post_footer":false},"product_cat":[79],"product_tag":[394,389,397,396,399,395,398],"class_list":{"0":"post-1975","1":"product","2":"type-product","3":"status-publish","4":"has-post-thumbnail","6":"product_cat-custom-flags","7":"product_tag-custom-polyester-nylon-flags","8":"product_tag-custom-printed-flags","9":"product_tag-dye-sublimation-printing-flags","10":"product_tag-flags-printing","11":"product_tag-knitted-fabric-flags","12":"product_tag-nylon-flags","13":"product_tag-polyester-flags","15":"first","16":"instock","17":"shipping-taxable","18":"product-type-simple","19":"entry","20":"content-bg","21":"loop-entry"},"_links":{"self":[{"href":"https:\/\/cmykprinted.com\/tr\/wp-json\/wp\/v2\/product\/1975","targetHints":{"allow":["GET"]}}],"collection":[{"href":"https:\/\/cmykprinted.com\/tr\/wp-json\/wp\/v2\/product"}],"about":[{"href":"https:\/\/cmykprinted.com\/tr\/wp-json\/wp\/v2\/types\/product"}],"version-history":[{"count":1,"href":"https:\/\/cmykprinted.com\/tr\/wp-json\/wp\/v2\/product\/1975\/revisions"}],"predecessor-version":[{"id":1983,"href":"https:\/\/cmykprinted.com\/tr\/wp-json\/wp\/v2\/product\/1975\/revisions\/1983"}],"wp:featuredmedia":[{"embeddable":true,"href":"https:\/\/cmykprinted.com\/tr\/wp-json\/wp\/v2\/media\/1976"}],"wp:attachment":[{"href":"https:\/\/cmykprinted.com\/tr\/wp-json\/wp\/v2\/media?parent=1975"}],"wp:term":[{"taxonomy":"product_cat","embeddable":true,"href":"https:\/\/cmykprinted.com\/tr\/wp-json\/wp\/v2\/product_cat?post=1975"},{"taxonomy":"product_tag","embeddable":true,"href":"https:\/\/cmykprinted.com\/tr\/wp-json\/wp\/v2\/product_tag?post=1975"}],"curies":[{"name":"wp","href":"https:\/\/api.w.org\/{rel}","templated":true}]}}