{"id":1994,"date":"2024-04-07T09:49:47","date_gmt":"2024-04-07T09:49:47","guid":{"rendered":"https:\/\/cmykprinted.com\/?post_type=product&#038;p=1994"},"modified":"2024-04-07T10:12:36","modified_gmt":"2024-04-07T10:12:36","slug":"12oz-double-sided-printed-fabric-banners","status":"publish","type":"product","link":"https:\/\/cmykprinted.com\/tr\/urun\/12oz-cift-tarafli-baskili-kumas-bayraklar\/","title":{"rendered":"12oz \u00c7ift Tarafl\u0131 Bask\u0131l\u0131 Kuma\u015f Afi\u015fler"},"content":{"rendered":"","protected":false},"excerpt":{"rendered":"<p>Our factory can print on one layer fabric double sided without middle silver shadow fabric .So the double sided of the fabric will be in same printed colors .<\/p>\n<p>The materials we can choose 3.9 oz or 12 oz thick polyester knitted fabric to choose .<\/p>\n<p>The printing method we can do is digital printing on both side of the fabric . The double sided printed fabric banners will be waterproof and washable .<\/p>\n<p>No size limitation , over sized banners will be sewn together.<\/p>\n<p>For the finished option ,we can do hem&amp;grommets ,or grommets or sleeve for pole ,we can do any customized requirement.<\/p>\n<p>Why we suggest you to use the one layer fabric banner \/flag ,the weight will be light to easy to fly in the air .And its cost is also cheaper than 3 layers double sided fabric banners .<\/p>\n<p>We can provide fast turnaround .<\/p>\n<p>&nbsp;<\/p>\n<p>&nbsp;<\/p>\n<p>&nbsp;<\/p>\n<p>&nbsp;<\/p>\n<p>&nbsp;<\/p>","protected":false},"featured_media":1995,"template":"","meta":{"_kad_post_transparent":"default","_kad_post_title":"hide","_kad_post_layout":"fullwidth","_kad_post_sidebar_id":"","_kad_post_content_style":"unboxed","_kad_post_vertical_padding":"hide","_kad_post_feature":"hide","_kad_post_feature_position":"","_kad_post_header":false,"_kad_post_footer":false},"product_cat":[79],"product_tag":[409,405,407,408,406],"class_list":{"0":"post-1994","1":"product","2":"type-product","3":"status-publish","4":"has-post-thumbnail","6":"product_cat-custom-flags","7":"product_tag-12-oz-fabric-banners","8":"product_tag-double-sided-fabric-banners","9":"product_tag-double-sided-printed-fabric-banners","10":"product_tag-fabric-banners","11":"product_tag-printed-fabric-banners","13":"first","14":"instock","15":"shipping-taxable","16":"product-type-simple","17":"entry","18":"content-bg","19":"loop-entry"},"_links":{"self":[{"href":"https:\/\/cmykprinted.com\/tr\/wp-json\/wp\/v2\/product\/1994","targetHints":{"allow":["GET"]}}],"collection":[{"href":"https:\/\/cmykprinted.com\/tr\/wp-json\/wp\/v2\/product"}],"about":[{"href":"https:\/\/cmykprinted.com\/tr\/wp-json\/wp\/v2\/types\/product"}],"version-history":[{"count":1,"href":"https:\/\/cmykprinted.com\/tr\/wp-json\/wp\/v2\/product\/1994\/revisions"}],"predecessor-version":[{"id":2001,"href":"https:\/\/cmykprinted.com\/tr\/wp-json\/wp\/v2\/product\/1994\/revisions\/2001"}],"wp:featuredmedia":[{"embeddable":true,"href":"https:\/\/cmykprinted.com\/tr\/wp-json\/wp\/v2\/media\/1995"}],"wp:attachment":[{"href":"https:\/\/cmykprinted.com\/tr\/wp-json\/wp\/v2\/media?parent=1994"}],"wp:term":[{"taxonomy":"product_cat","embeddable":true,"href":"https:\/\/cmykprinted.com\/tr\/wp-json\/wp\/v2\/product_cat?post=1994"},{"taxonomy":"product_tag","embeddable":true,"href":"https:\/\/cmykprinted.com\/tr\/wp-json\/wp\/v2\/product_tag?post=1994"}],"curies":[{"name":"wp","href":"https:\/\/api.w.org\/{rel}","templated":true}]}}