{"id":2178,"date":"2024-08-28T02:23:28","date_gmt":"2024-08-28T02:23:28","guid":{"rendered":"https:\/\/cmykprinted.com\/?post_type=product&#038;p=2178"},"modified":"2024-08-28T02:59:18","modified_gmt":"2024-08-28T02:59:18","slug":"customized-handheld-mini-flags","status":"publish","type":"product","link":"https:\/\/cmykprinted.com\/tr\/urun\/ozellestirilmis-el-mini-bayraklar\/","title":{"rendered":"\u00d6zelle\u015ftirilmi\u015f Elde Ta\u015f\u0131nabilir Mini Bayraklar"},"content":{"rendered":"","protected":false},"excerpt":{"rendered":"<p>\u00d6zelle\u015ftirilmi\u015f Elde Ta\u015f\u0131nabilir Mini Bayraklar\u0131m\u0131z \u00e7ift tarafl\u0131 bas\u0131lm\u0131\u015ft\u0131r, yani logo her iki taraftan da do\u011fru bir \u015fekilde okunabilir. \u00c7ift tarafl\u0131 do\u011frudan dijital bask\u0131 ile 280g blok kuma\u015f kullan\u0131yoruz. Bayrak boyutu 20\u00d720 cm&#039;dir ve bayrak dire\u011fi 30 cm&#039;lik ah\u015fap bir \u00e7ubuktur (bayrak dire\u011finin uzunlu\u011fu \u00f6zelle\u015ftirilebilir). Bu \u00f6zel bayrak i\u00e7in minimum sipari\u015f miktar\u0131 yoktur; en az 1 adet sipari\u015f verebilirsiniz, ancak ne kadar \u00e7ok sipari\u015f verirseniz, maliyet etkinli\u011fi o kadar artar.<br \/>\n\u00c7ubuklardaki K\u00fc\u00e7\u00fck Bayraklar\u0131m\u0131z spor etkinlikleri, masa \u00fcst\u00fc te\u015fhirleri, bah\u00e7e dekorasyonlar\u0131, toplant\u0131lar, festivaller, promosyon hediyeleri, ge\u00e7it t\u00f6renleri, protestolar ve di\u011fer aktiviteler i\u00e7in kullan\u0131labilir. Tek kullan\u0131ml\u0131k \u00fcr\u00fcnler olarak tasarlanmalar\u0131na ra\u011fmen, markan\u0131z\u0131 sergilemek i\u00e7in uygun fiyatl\u0131 bir yol sunarlar.<\/p>\n<div style=\"width: 720px;\" class=\"wp-video\"><!--[if lt IE 9]><script>document.createElement('video');<\/script><![endif]--><br \/>\n<video class=\"wp-video-shortcode\" id=\"video-2178-1\" width=\"720\" height=\"1280\" preload=\"metadata\" controls=\"controls\"><source type=\"video\/mp4\" src=\"https:\/\/cmykprinted.com\/wp-content\/uploads\/2024\/08\/Small-Flags-on-Sticks.mp4?_=1\" \/><a href=\"https:\/\/cmykprinted.com\/wp-content\/uploads\/2024\/08\/Small-Flags-on-Sticks.mp4\">https:\/\/cmykprinted.com\/wp-content\/uploads\/2024\/08\/Small-Flags-on-Sticks.mp4<\/a><\/video><\/div>\n<p>&nbsp;<\/p>","protected":false},"featured_media":2179,"template":"","meta":{"_kad_post_transparent":"default","_kad_post_title":"hide","_kad_post_layout":"fullwidth","_kad_post_sidebar_id":"","_kad_post_content_style":"unboxed","_kad_post_vertical_padding":"hide","_kad_post_feature":"hide","_kad_post_feature_position":"","_kad_post_header":false,"_kad_post_footer":false},"product_cat":[79],"product_tag":[490,485,489,486,488,487,484],"class_list":{"0":"post-2178","1":"product","2":"type-product","3":"status-publish","4":"has-post-thumbnail","6":"product_cat-custom-flags","7":"product_tag-hand-held-flags","8":"product_tag-hand-held-flags-of-the-world","9":"product_tag-handheld-banne","10":"product_tag-mini-flags-on-sticks","11":"product_tag-mini-flags-with-stick","12":"product_tag-small-country-flags-on-sticks","13":"product_tag-small-flags-on-sticks","15":"first","16":"instock","17":"shipping-taxable","18":"product-type-simple","19":"entry","20":"content-bg","21":"loop-entry"},"_links":{"self":[{"href":"https:\/\/cmykprinted.com\/tr\/wp-json\/wp\/v2\/product\/2178","targetHints":{"allow":["GET"]}}],"collection":[{"href":"https:\/\/cmykprinted.com\/tr\/wp-json\/wp\/v2\/product"}],"about":[{"href":"https:\/\/cmykprinted.com\/tr\/wp-json\/wp\/v2\/types\/product"}],"version-history":[{"count":1,"href":"https:\/\/cmykprinted.com\/tr\/wp-json\/wp\/v2\/product\/2178\/revisions"}],"predecessor-version":[{"id":2183,"href":"https:\/\/cmykprinted.com\/tr\/wp-json\/wp\/v2\/product\/2178\/revisions\/2183"}],"wp:featuredmedia":[{"embeddable":true,"href":"https:\/\/cmykprinted.com\/tr\/wp-json\/wp\/v2\/media\/2179"}],"wp:attachment":[{"href":"https:\/\/cmykprinted.com\/tr\/wp-json\/wp\/v2\/media?parent=2178"}],"wp:term":[{"taxonomy":"product_cat","embeddable":true,"href":"https:\/\/cmykprinted.com\/tr\/wp-json\/wp\/v2\/product_cat?post=2178"},{"taxonomy":"product_tag","embeddable":true,"href":"https:\/\/cmykprinted.com\/tr\/wp-json\/wp\/v2\/product_tag?post=2178"}],"curies":[{"name":"wp","href":"https:\/\/api.w.org\/{rel}","templated":true}]}}