{"id":2189,"date":"2024-09-18T13:06:31","date_gmt":"2024-09-18T13:06:31","guid":{"rendered":"https:\/\/cmykprinted.com\/?post_type=product&#038;p=2189"},"modified":"2024-09-19T01:45:11","modified_gmt":"2024-09-19T01:45:11","slug":"full-colors-custom-8-feet-printed-spandex-table-covers","status":"publish","type":"product","link":"https:\/\/cmykprinted.com\/tr\/urun\/tam-renkli-ozel-8-ayak-baskili-spandex-masa-ortuleri\/","title":{"rendered":"Tam Renkli \u00d6zel 8 Ayak Bask\u0131l\u0131 Spandex Masa \u00d6rt\u00fcleri"},"content":{"rendered":"","protected":false},"excerpt":{"rendered":"<p><strong>\u00d6zel Bask\u0131l\u0131 Spandex Masa \u00d6rt\u00fcleri: Markan\u0131z i\u00e7in M\u00fckemmel Bir Sergileme<\/strong><\/p>\n<p>Bask\u0131l\u0131 spandeks masa \u00f6rt\u00fcleri, ticaret fuarlar\u0131, promosyon etkinlikleri ve perakende te\u015fhirlerinin d\u00fcnyas\u0131nda vazge\u00e7ilmez bir hale geldi. Hem form hem de i\u015flev sunan bu \u015f\u0131k, zarif konturlu esnek spandeks masa \u00f6rt\u00fcleri, tam oturmas\u0131, canl\u0131 g\u00f6rsel \u00e7ekicili\u011fi ve e\u015fsiz dayan\u0131kl\u0131l\u0131\u011f\u0131 sa\u011flamak i\u00e7in tasarlanm\u0131\u015ft\u0131r.<\/p>\n<p><strong>\u0130htiya\u00e7lar\u0131n\u0131za Uygun \u00d6zel Bir Uyum<\/strong><\/p>\n<p>Spandex masa \u00f6rt\u00fclerimiz, \u00f6zel gereksinimlerinizi kar\u015f\u0131lamak i\u00e7in \u00e7e\u015fitli yap\u0131land\u0131rmalarda mevcuttur. \u0130ster 4 tarafl\u0131 bir \u00f6rt\u00fcye, ister masan\u0131n alt\u0131na kolayca eri\u015febilmeniz i\u00e7in fermuarl\u0131 4 tarafl\u0131 bir \u00f6rt\u00fcye, ister bir personelin sergi alan\u0131nda oturmas\u0131na olanak tan\u0131yan 3 tarafl\u0131 a\u00e7\u0131k s\u0131rtl\u0131 bir tasar\u0131ma ihtiyac\u0131n\u0131z olsun, sizi d\u00fc\u015f\u00fcnd\u00fck. Spandex\/polyester kuma\u015f kar\u0131\u015f\u0131m\u0131, her ortamda harika g\u00f6r\u00fcnen, v\u00fccuda tam oturan, neredeyse k\u0131r\u0131\u015fmayan bir y\u00fczey sa\u011flar.<\/p>\n<p>Hem i\u00e7 hem de d\u0131\u015f mekan etkinlikleri i\u00e7in tasarlanan bu k\u0131l\u0131flar, ticaret fuarlar\u0131nda, perakende ma\u011fazalar\u0131nda, promosyon etkinliklerinde ve \u015firket lobilerinde pop\u00fclerdir. G\u00fc\u00e7lendirilmi\u015f bacak cepleri ve a\u011f\u0131r hizmet tipi fermuarlar, ek dayan\u0131kl\u0131l\u0131k i\u00e7in \u00e7ift diki\u015flidir ve k\u0131l\u0131f\u0131n r\u00fczgarl\u0131 ko\u015fullarda bile g\u00fcvenli bir \u015fekilde yerinde kalmas\u0131n\u0131 sa\u011flar. Art\u0131k masa \u00f6rt\u00fcn\u00fcz\u00fcn d\u0131\u015far\u0131da u\u00e7up gitmesi konusunda endi\u015felenmenize gerek yok.<\/p>\n<p>Maksimum Etki \u0130\u00e7in Y\u00fcksek Kaliteli Kuma\u015f ve Bask\u0131<\/p>\n<p>Masa \u00f6rt\u00fclerimizi farkl\u0131 k\u0131lan \u015fey, malzemenin kalitesi ve bask\u0131 s\u00fcrecidir. 280 GSM kuma\u015ftan \u00fcretilen \u00f6rt\u00fclerimiz, \u00e7o\u011fu rakipten daha kal\u0131n ve daha dayan\u0131kl\u0131d\u0131r ve bu, nihai \u00fcr\u00fcnde kendini g\u00f6sterir. Beklentileri a\u015fan bir \u00fcr\u00fcn sunmak i\u00e7in her ayr\u0131nt\u0131ya odaklan\u0131yoruz.<\/p>\n<p>G\u00fc\u00e7lendirilmi\u015f Polipropilen bacak cepleri ekstra geni\u015ftir ve her masa aya\u011f\u0131 konfig\u00fcrasyonuna uymas\u0131n\u0131 sa\u011flar. Tasar\u0131ma g\u00f6sterilen bu titiz dikkat, kapaklar\u0131 yaln\u0131zca dayan\u0131kl\u0131 de\u011fil ayn\u0131 zamanda \u00e7ok y\u00f6nl\u00fc, her t\u00fcrl\u00fc etkinlik ortam\u0131na uygun hale getirir.<\/p>\n<p>Spandex masa \u00f6rt\u00fclerimizin temel \u00f6zelliklerinden biri, markan\u0131z\u0131n \u00f6ne \u00e7\u0131kmas\u0131n\u0131 sa\u011flayacak canl\u0131, y\u00fcksek kaliteli logo bask\u0131s\u0131d\u0131r. Boya s\u00fcblimasyon teknolojisini kullanarak, yo\u011fun \u0131s\u0131 kullanarak tasar\u0131m\u0131n\u0131z\u0131 transfer ediyoruz ve renkleri kuma\u015fa tamamen yerle\u015ftiriyoruz. Bu geli\u015fmi\u015f bask\u0131 tekni\u011fi, solmayan kal\u0131c\u0131, parlak renklerle sonu\u00e7lan\u0131r. \u0130ster binlerce renk, ister y\u00fcksek kaliteli foto\u011frafik g\u00f6r\u00fcnt\u00fcler veya spot renkli \u00f6\u011feler basmak isteyin, vizyonunuzu hayata ge\u00e7irebiliriz.<\/p>\n<p>Bask\u0131 s\u00fcrecimiz, logonuzun veya tasar\u0131m\u0131n\u0131z\u0131n en karma\u015f\u0131k ayr\u0131nt\u0131lar\u0131n\u0131n bile &#034;g\u00f6ze \u00e7arpmas\u0131n\u0131&#034; sa\u011flayarak ekran\u0131n\u0131za profesyonel, cilal\u0131 bir g\u00f6r\u00fcn\u00fcm kazand\u0131r\u0131r. \u0130sterseniz tasar\u0131m\u0131n\u0131zla 3B efekt bile yaratabilirsiniz.<\/p>\n<p>\u00d6zel Tasar\u0131m Se\u00e7enekleri: Sizin Markan\u0131z, Sizin Yolunuz<\/p>\n<p>Marka ihtiya\u00e7lar\u0131n\u0131z\u0131 kar\u015f\u0131lamak i\u00e7in tam \u00f6zelle\u015ftirme se\u00e7enekleri sunuyoruz. Beyaz bir arka plan, 20 stok rengimizden birini se\u00e7in veya arka plan i\u00e7in bize belirli bir Pantone rengi veya deseni sa\u011flay\u0131n. T\u00fcm masa \u00f6rt\u00fcs\u00fcn\u00fcn veya sadece \u00f6n panelin bas\u0131lmas\u0131na ihtiyac\u0131n\u0131z olsun, her iki se\u00e7enek i\u00e7in de ayn\u0131 fiyat\u0131 sunuyoruz.<\/p>\n<p>Y\u00fcksek \u00e7\u00f6z\u00fcn\u00fcrl\u00fckl\u00fc bir sanat dosyan\u0131z yoksa, grafik tasar\u0131mc\u0131lar\u0131m\u0131z mevcut dosyan\u0131z\u0131 d\u00f6n\u00fc\u015ft\u00fcrmenize veya yeni bir bask\u0131 tasar\u0131m\u0131 olu\u015fturman\u0131za yard\u0131mc\u0131 olabilir.<\/p>\n<p>Dayan\u0131kl\u0131 ve Bak\u0131m\u0131 Kolay<\/p>\n<p>Spandex masa \u00f6rt\u00fclerimiz uzun \u00f6m\u00fcrl\u00fc olacak \u015fekilde tasarlanm\u0131\u015ft\u0131r. Sadece k\u0131r\u0131\u015fmaya dayan\u0131kl\u0131 olmakla kalmaz, ayn\u0131 zamanda kolay bak\u0131m i\u00e7in makinede y\u0131kanabilir. Sadece a\u011fart\u0131c\u0131 toz kullanmadan suyla y\u0131kay\u0131n. Bu \u00f6rt\u00fcler hemen eski \u015fekline d\u00f6ner ve size her seferinde profesyonel bir g\u00f6r\u00fcn\u00fcm kazand\u0131r\u0131r.<\/p>\n<p>H\u0131zl\u0131 ve G\u00fcvenilir \u00dcretim S\u00fcreleri<\/p>\n<p>Son teslim tarihlerinin \u00f6nemini anl\u0131yoruz, bu nedenle esnek \u00fcretim programlar\u0131 sunuyoruz:<\/p>\n<p>4 G\u00fcnl\u00fck Tasarruf \u00dcretimi<br \/>\n3 G\u00fcnl\u00fck Standart \u00dcretim<br \/>\n2 G\u00fcnl\u00fck Acil \u00dcretim<br \/>\nErtesi G\u00fcn Ekspres \u00dcretim<br \/>\nAyn\u0131 G\u00fcn Acil Kritik \u00dcretim<br \/>\nAyr\u0131ca \u00fcretim s\u00fcrelerimizi garanti ediyoruz. Garanti edilen zaman \u00e7izelgesine uymazsak, tam bir geri \u00f6deme alacaks\u0131n\u0131z ve masa \u00f6rt\u00fcn\u00fcz yine de \u00fccretsiz olarak bas\u0131lacak ve g\u00f6nderilecektir.<\/p>\n<p>Gizli \u00dccret Yok: Ne G\u00f6r\u00fcyorsan\u0131z Onu Al\u0131rs\u0131n\u0131z.<\/p>\n<div style=\"width: 854px;\" class=\"wp-video\"><!--[if lt IE 9]><script>document.createElement('video');<\/script><![endif]--><br \/>\n<video class=\"wp-video-shortcode\" id=\"video-2189-1\" width=\"854\" height=\"480\" preload=\"metadata\" controls=\"controls\"><source type=\"video\/mp4\" src=\"https:\/\/cmykprinted.com\/wp-content\/uploads\/2024\/09\/printed-spandex-table-covers.mp4?_=1\" \/><a href=\"https:\/\/cmykprinted.com\/wp-content\/uploads\/2024\/09\/printed-spandex-table-covers.mp4\">https:\/\/cmykprinted.com\/wp-content\/uploads\/2024\/09\/printed-spandex-table-covers.mp4<\/a><\/video><\/div>","protected":false},"featured_media":2193,"template":"","meta":{"_kad_post_transparent":"default","_kad_post_title":"hide","_kad_post_layout":"fullwidth","_kad_post_sidebar_id":"","_kad_post_content_style":"unboxed","_kad_post_vertical_padding":"hide","_kad_post_feature":"hide","_kad_post_feature_position":"","_kad_post_header":false,"_kad_post_footer":false},"product_cat":[80,81,83],"product_tag":[496,497,498,494,495],"class_list":{"0":"post-2189","1":"product","2":"type-product","3":"status-publish","4":"has-post-thumbnail","6":"product_cat-custom-tablecloth","7":"product_cat-custom-stretch-tablecloth","8":"product_cat-fitted-table-cover","9":"product_tag-8-feet-printed-spandex-table-covers","10":"product_tag-custom-8-feet-table-cover","11":"product_tag-full-colors-printed-table-covers","12":"product_tag-printed-spandex-table-covers","13":"product_tag-spandex-table-covers","15":"first","16":"instock","17":"shipping-taxable","18":"product-type-simple","19":"entry","20":"content-bg","21":"loop-entry"},"_links":{"self":[{"href":"https:\/\/cmykprinted.com\/tr\/wp-json\/wp\/v2\/product\/2189","targetHints":{"allow":["GET"]}}],"collection":[{"href":"https:\/\/cmykprinted.com\/tr\/wp-json\/wp\/v2\/product"}],"about":[{"href":"https:\/\/cmykprinted.com\/tr\/wp-json\/wp\/v2\/types\/product"}],"version-history":[{"count":2,"href":"https:\/\/cmykprinted.com\/tr\/wp-json\/wp\/v2\/product\/2189\/revisions"}],"predecessor-version":[{"id":2200,"href":"https:\/\/cmykprinted.com\/tr\/wp-json\/wp\/v2\/product\/2189\/revisions\/2200"}],"wp:featuredmedia":[{"embeddable":true,"href":"https:\/\/cmykprinted.com\/tr\/wp-json\/wp\/v2\/media\/2193"}],"wp:attachment":[{"href":"https:\/\/cmykprinted.com\/tr\/wp-json\/wp\/v2\/media?parent=2189"}],"wp:term":[{"taxonomy":"product_cat","embeddable":true,"href":"https:\/\/cmykprinted.com\/tr\/wp-json\/wp\/v2\/product_cat?post=2189"},{"taxonomy":"product_tag","embeddable":true,"href":"https:\/\/cmykprinted.com\/tr\/wp-json\/wp\/v2\/product_tag?post=2189"}],"curies":[{"name":"wp","href":"https:\/\/api.w.org\/{rel}","templated":true}]}}