{"id":2204,"date":"2024-09-27T08:24:46","date_gmt":"2024-09-27T08:24:46","guid":{"rendered":"https:\/\/cmykprinted.com\/?post_type=product&#038;p=2204"},"modified":"2024-09-30T01:11:28","modified_gmt":"2024-09-30T01:11:28","slug":"custom-advertising-flags-for-promotional-business-use-at-best-price","status":"publish","type":"product","link":"https:\/\/cmykprinted.com\/tr\/urun\/ozel-reklam-bayraklari-promosyonel-ticari-kullanim-icin-en-iyi-fiyatla\/","title":{"rendered":"Promosyon ve Ticari Kullan\u0131m \u0130\u00e7in \u00d6zel Reklam Bayraklar\u0131 En \u0130yi Fiyata"},"content":{"rendered":"","protected":false},"excerpt":{"rendered":"<p>Marka g\u00f6r\u00fcn\u00fcrl\u00fc\u011f\u00fcn\u00fcz\u00fc art\u0131rman\u0131n etkili ama uygun fiyatl\u0131 bir yolunu mu ar\u0131yorsunuz? \u00d6zel reklam bayraklar\u0131, dikkat \u00e7ekmek ve daha fazla m\u00fc\u015fteri \u00e7ekmek isteyen i\u015fletmeler i\u00e7in ideal bir \u00e7\u00f6z\u00fcmd\u00fcr. Bu canl\u0131, \u00f6zel bask\u0131l\u0131 bayraklar, ma\u011fazan\u0131z\u0131n veya etkinlik varl\u0131\u011f\u0131n\u0131z\u0131 geli\u015ftirmek i\u00e7in g\u00fc\u00e7l\u00fc bir pazarlama arac\u0131d\u0131r. \u00d6zel reklam bayraklar\u0131m\u0131z yaln\u0131zca ticari ama\u00e7larla de\u011fil, ayn\u0131 zamanda spor etkinli\u011fi tan\u0131t\u0131m\u0131, ulusal g\u00fcn bayra\u011f\u0131 g\u00f6sterimi ve \u00e7e\u015fitli \u00fclkelerdeki ba\u015fkanl\u0131k kampanyalar\u0131 i\u00e7in bir ara\u00e7 olarak da kullan\u0131labilir. Sokaktaki insanlar\u0131n ad\u0131n\u0131z\u0131n veya foto\u011fraf\u0131n\u0131z\u0131n bulundu\u011fu bayraklar\u0131 tutmas\u0131na izin verin, fiyat\u0131 da ucuzdur. Bu, \u00e7ok etkili ve ekonomik bir se\u00e7men toplama \u00e7al\u0131\u015fmas\u0131d\u0131r.<\/p>\n<p><strong>Kalitemizi g\u00f6rmek i\u00e7in En H\u0131zl\u0131 En \u0130yi hizmet ve \u00fccretsiz numuneler i\u00e7in Sat\u0131\u015f Ekibimizle ileti\u015fime ge\u00e7ebilirsiniz.<\/strong><\/p>\n<div style=\"width: 1280px;\" class=\"wp-video\"><!--[if lt IE 9]><script>document.createElement('video');<\/script><![endif]--><br \/>\n<video class=\"wp-video-shortcode\" id=\"video-2204-1\" width=\"1280\" height=\"576\" preload=\"metadata\" controls=\"controls\"><source type=\"video\/mp4\" src=\"https:\/\/cmykprinted.com\/wp-content\/uploads\/2024\/09\/custom-advertising-flags.mp4?_=1\" \/><a href=\"https:\/\/cmykprinted.com\/wp-content\/uploads\/2024\/09\/custom-advertising-flags.mp4\">https:\/\/cmykprinted.com\/wp-content\/uploads\/2024\/09\/custom-advertising-flags.mp4<\/a><\/video><\/div>\n<p>&nbsp;<\/p>","protected":false},"featured_media":2205,"template":"","meta":{"_kad_post_transparent":"default","_kad_post_title":"hide","_kad_post_layout":"fullwidth","_kad_post_sidebar_id":"","_kad_post_content_style":"unboxed","_kad_post_vertical_padding":"hide","_kad_post_feature":"hide","_kad_post_feature_position":"","_kad_post_header":false,"_kad_post_footer":false},"product_cat":[79],"product_tag":[500,499,503,501,502],"class_list":{"0":"post-2204","1":"product","2":"type-product","3":"status-publish","4":"has-post-thumbnail","6":"product_cat-custom-flags","7":"product_tag-advertising-flags","8":"product_tag-custom-advertising-flags","9":"product_tag-custom-advertising-flags-at-best-price","10":"product_tag-custom-flags","11":"product_tag-custom-flags-cheap","13":"first","14":"instock","15":"shipping-taxable","16":"product-type-simple","17":"entry","18":"content-bg","19":"loop-entry"},"_links":{"self":[{"href":"https:\/\/cmykprinted.com\/tr\/wp-json\/wp\/v2\/product\/2204","targetHints":{"allow":["GET"]}}],"collection":[{"href":"https:\/\/cmykprinted.com\/tr\/wp-json\/wp\/v2\/product"}],"about":[{"href":"https:\/\/cmykprinted.com\/tr\/wp-json\/wp\/v2\/types\/product"}],"version-history":[{"count":3,"href":"https:\/\/cmykprinted.com\/tr\/wp-json\/wp\/v2\/product\/2204\/revisions"}],"predecessor-version":[{"id":2212,"href":"https:\/\/cmykprinted.com\/tr\/wp-json\/wp\/v2\/product\/2204\/revisions\/2212"}],"wp:featuredmedia":[{"embeddable":true,"href":"https:\/\/cmykprinted.com\/tr\/wp-json\/wp\/v2\/media\/2205"}],"wp:attachment":[{"href":"https:\/\/cmykprinted.com\/tr\/wp-json\/wp\/v2\/media?parent=2204"}],"wp:term":[{"taxonomy":"product_cat","embeddable":true,"href":"https:\/\/cmykprinted.com\/tr\/wp-json\/wp\/v2\/product_cat?post=2204"},{"taxonomy":"product_tag","embeddable":true,"href":"https:\/\/cmykprinted.com\/tr\/wp-json\/wp\/v2\/product_tag?post=2204"}],"curies":[{"name":"wp","href":"https:\/\/api.w.org\/{rel}","templated":true}]}}