{"id":2213,"date":"2024-09-30T03:03:20","date_gmt":"2024-09-30T03:03:20","guid":{"rendered":"https:\/\/cmykprinted.com\/?post_type=product&#038;p=2213"},"modified":"2024-10-02T12:51:57","modified_gmt":"2024-10-02T12:51:57","slug":"oval-pop-up-a-frame-banner-with-fast-turnaround","status":"publish","type":"product","link":"https:\/\/cmykprinted.com\/tr\/urun\/oval-pop-up-bir-cerceve-afis-hizli-donusle\/","title":{"rendered":"H\u0131zl\u0131 Teslimatl\u0131 Oval Pop Up \u00c7er\u00e7eve Afi\u015f"},"content":{"rendered":"","protected":false},"excerpt":{"rendered":"<p>G\u00fcn\u00fcm\u00fcz\u00fcn rekabet\u00e7i pazar\u0131nda, markan\u0131z\u0131n \u00f6ne \u00e7\u0131kmas\u0131n\u0131 sa\u011flamak esast\u0131r. Pop Up A&#039;ya girin<\/p>\n<p>Frame Banner\u2014hem i\u00e7 hem de d\u0131\u015f mekan etkinlikleri i\u00e7in m\u00fckemmel, hafif, ta\u015f\u0131nabilir ve olduk\u00e7a etkili bir g\u00f6r\u00fcnt\u00fcleme \u00e7\u00f6z\u00fcm\u00fc. Bu \u00e7ok y\u00f6nl\u00fc bannerlar an\u0131nda g\u00f6r\u00fcn\u00fcrl\u00fck i\u00e7in tasarlanm\u0131\u015ft\u0131r ve spor etkinlikleri, ticaret fuarlar\u0131, promosyonlar ve y\u00f6nlendirme tabelalar\u0131 i\u00e7in idealdir.<\/p>\n<p><strong>Temel \u00d6zellikler<\/strong><br \/>\n<strong>Ta\u015f\u0131nabilirlik ve Kolayl\u0131k:<\/strong><br \/>\nOval Pop Up A-Frame afi\u015fleri, hareketlilik d\u00fc\u015f\u00fcn\u00fclerek tasarlanm\u0131\u015ft\u0131r. Katlanabilir metal \u00e7er\u00e7eveleri, kompakt bir saklama \u00e7antas\u0131na zahmetsizce katlanarak ta\u015f\u0131ma ve kurulumu kolayla\u015ft\u0131r\u0131r. \u0130ster bir ticaret fuar\u0131na ister bir spor etkinli\u011fine gidiyor olun, bu afi\u015fleri maksimum g\u00f6r\u00fcn\u00fcrl\u00fc\u011fe ihtiya\u00e7 duydu\u011funuz her yere kolayca g\u00f6t\u00fcrebilirsiniz.<\/p>\n<p><strong>\u00d6nce G\u00fcvenlik:<\/strong><br \/>\nA-\u00e7er\u00e7eve tasar\u0131m\u0131n\u0131n \u00f6ne \u00e7\u0131kan \u00f6zelliklerinden biri de g\u00fcvenli\u011fidir. Bu pankartlar, sert ekranlar\u0131n aksine, spor sahalar\u0131ndaki oyunculara veya kat\u0131l\u0131mc\u0131lara herhangi bir yaralanma riski sunmaz ve bu da onlar\u0131 a\u00e7\u0131k hava etkinlikleri i\u00e7in pratik bir se\u00e7im haline getirir.<\/p>\n<p><strong>\u00d6zelle\u015ftirilebilir Boyutlar ve \u015eekiller:<\/strong><br \/>\nD\u00f6rt boyutta mevcuttur: K\u00fc\u00e7\u00fck (62 x 126 cm), Orta (65 x 160 cm), B\u00fcy\u00fck (100 x 200 cm) ve Ekstra B\u00fcy\u00fck (110 x 270 cm) Pop Up A-Frame her duruma uyacak \u015fekilde \u00f6zelle\u015ftirilebilir. Her pankart, her a\u00e7\u0131dan dikkat \u00e7eken canl\u0131 grafikler sa\u011flayan tam boya s\u00fcblimasyon bask\u0131s\u0131yla \u00e7ift tarafl\u0131d\u0131r.<\/p>\n<p><strong>Her Ko\u015fulda \u0130stikrar:<\/strong><br \/>\nHer pankart, stabiliteyi sa\u011flamak i\u00e7in kum, \u00e7imen, kar veya toprak gibi yumu\u015fak y\u00fczeylerde kullan\u0131lmak \u00fczere zemin kaz\u0131klar\u0131yla birlikte gelir. Sert y\u00fczeylerde, ek g\u00fcvenlik i\u00e7in bunlar\u0131 a\u015fa\u011f\u0131ya do\u011fru bast\u0131rman\u0131z yeterlidir. Bu \u00f6zellik, pankart\u0131n\u0131z\u0131n ortamdan ba\u011f\u0131ms\u0131z olarak dik ve g\u00f6r\u00fcn\u00fcr kalmas\u0131n\u0131 sa\u011flar.<\/p>\n<p><strong>Her Etkinlik \u0130\u00e7in M\u00fckemmel<\/strong><br \/>\nPop Up A-Frame afi\u015fleri, ko\u015fu yar\u0131\u015fmalar\u0131, golf turnuvalar\u0131 ve festivaller gibi a\u00e7\u0131k hava etkinlikleri i\u00e7in \u00f6zellikle uygundur. Kolay kurulum, s\u00f6kme ve depolama yetenekleri, marka g\u00f6sterimini ve etkile\u015fimi en \u00fcst d\u00fczeye \u00e7\u0131karmak isteyen etkinlik organizat\u00f6rleri i\u00e7in onlar\u0131 tercih edilen bir se\u00e7enek haline getirir.<\/p>\n<div style=\"width: 800px;\" class=\"wp-video\"><!--[if lt IE 9]><script>document.createElement('video');<\/script><![endif]--><br \/>\n<video class=\"wp-video-shortcode\" id=\"video-2213-1\" width=\"800\" height=\"800\" preload=\"metadata\" controls=\"controls\"><source type=\"video\/mp4\" src=\"https:\/\/cmykprinted.com\/wp-content\/uploads\/2024\/09\/pop-up-a-frame-banner-01.mp4?_=1\" \/><a href=\"https:\/\/cmykprinted.com\/wp-content\/uploads\/2024\/09\/pop-up-a-frame-banner-01.mp4\">https:\/\/cmykprinted.com\/wp-content\/uploads\/2024\/09\/pop-up-a-frame-banner-01.mp4<\/a><\/video><\/div>","protected":false},"featured_media":2217,"template":"","meta":{"_kad_post_transparent":"default","_kad_post_title":"hide","_kad_post_layout":"fullwidth","_kad_post_sidebar_id":"","_kad_post_content_style":"unboxed","_kad_post_vertical_padding":"hide","_kad_post_feature":"hide","_kad_post_feature_position":"","_kad_post_header":false,"_kad_post_footer":false},"product_cat":[92,94],"product_tag":[506,505,504,128],"class_list":{"0":"post-2213","1":"product","2":"type-product","3":"status-publish","4":"has-post-thumbnail","6":"product_cat-pop-up-banners","7":"product_cat-horizontal-pop-up-banners","8":"product_tag-a-frame-banner","9":"product_tag-oval-pop-up-a-frame-banner","10":"product_tag-pop-up-a-frame-banner","11":"product_tag-pop-up-banner","13":"first","14":"instock","15":"shipping-taxable","16":"product-type-simple","17":"entry","18":"content-bg","19":"loop-entry"},"_links":{"self":[{"href":"https:\/\/cmykprinted.com\/tr\/wp-json\/wp\/v2\/product\/2213","targetHints":{"allow":["GET"]}}],"collection":[{"href":"https:\/\/cmykprinted.com\/tr\/wp-json\/wp\/v2\/product"}],"about":[{"href":"https:\/\/cmykprinted.com\/tr\/wp-json\/wp\/v2\/types\/product"}],"version-history":[{"count":1,"href":"https:\/\/cmykprinted.com\/tr\/wp-json\/wp\/v2\/product\/2213\/revisions"}],"predecessor-version":[{"id":2222,"href":"https:\/\/cmykprinted.com\/tr\/wp-json\/wp\/v2\/product\/2213\/revisions\/2222"}],"wp:featuredmedia":[{"embeddable":true,"href":"https:\/\/cmykprinted.com\/tr\/wp-json\/wp\/v2\/media\/2217"}],"wp:attachment":[{"href":"https:\/\/cmykprinted.com\/tr\/wp-json\/wp\/v2\/media?parent=2213"}],"wp:term":[{"taxonomy":"product_cat","embeddable":true,"href":"https:\/\/cmykprinted.com\/tr\/wp-json\/wp\/v2\/product_cat?post=2213"},{"taxonomy":"product_tag","embeddable":true,"href":"https:\/\/cmykprinted.com\/tr\/wp-json\/wp\/v2\/product_tag?post=2213"}],"curies":[{"name":"wp","href":"https:\/\/api.w.org\/{rel}","templated":true}]}}