{"id":2405,"date":"2025-03-17T09:13:07","date_gmt":"2025-03-17T09:13:07","guid":{"rendered":"https:\/\/cmykprinted.com\/?post_type=product&#038;p=2405"},"modified":"2025-03-17T09:13:07","modified_gmt":"2025-03-17T09:13:07","slug":"heat-transfer-stickers-for-clothes","status":"publish","type":"product","link":"https:\/\/cmykprinted.com\/tr\/urun\/isi-transfer-etiketleri-giysiler-icin\/","title":{"rendered":"Giysiler \u0130\u00e7in Is\u0131 Transfer Etiketleri"},"content":{"rendered":"","protected":false},"excerpt":{"rendered":"<p>Giysiler i\u00e7in \u0131s\u0131 transfer \u00e7\u0131kartmalar\u0131, \u0131s\u0131 transfer vinil (HTV) veya \u00fct\u00fcyle yap\u0131\u015ft\u0131r\u0131lan transferler olarak da bilinir, giysilere tasar\u0131m, desen ve logo eklemek i\u00e7in pop\u00fcler bir y\u00f6ntemdir.<\/p>\n<p><strong>Giysiler \u0130\u00e7in Is\u0131 Transfer Etiketleri: Kolayca ve \u015e\u0131k Bir \u015eekilde \u00d6zelle\u015ftirin<\/strong><br \/>\nIs\u0131 transfer \u00e7\u0131kartmalar\u0131, k\u0131yafetleri ki\u015fiselle\u015ftirmek ve dekore etmek i\u00e7in devrim niteli\u011finde bir yoldur ve yarat\u0131c\u0131l\u0131k ve markala\u015fma i\u00e7in sonsuz olas\u0131l\u0131klar sunar. Bu \u00e7\u0131kartmalar, \u0131s\u0131 ve bas\u0131n\u00e7 uyguland\u0131\u011f\u0131nda kuma\u015fa yap\u0131\u015fan, dayan\u0131kl\u0131 ve canl\u0131 bir tasar\u0131m yaratan \u00f6zel olarak tasarlanm\u0131\u015f vinilden yap\u0131lm\u0131\u015ft\u0131r.<\/p>\n<div style=\"width: 954px;\" class=\"wp-video\"><!--[if lt IE 9]><script>document.createElement('video');<\/script><![endif]--><br \/>\n<video class=\"wp-video-shortcode\" id=\"video-2405-1\" width=\"954\" height=\"540\" preload=\"metadata\" controls=\"controls\"><source type=\"video\/mp4\" src=\"https:\/\/cmykprinted.com\/wp-content\/uploads\/2025\/03\/hot-transfer-labels.mp4?_=1\" \/><a href=\"https:\/\/cmykprinted.com\/wp-content\/uploads\/2025\/03\/hot-transfer-labels.mp4\">https:\/\/cmykprinted.com\/wp-content\/uploads\/2025\/03\/hot-transfer-labels.mp4<\/a><\/video><\/div>","protected":false},"featured_media":2406,"template":"","meta":{"_kad_post_transparent":"default","_kad_post_title":"hide","_kad_post_layout":"fullwidth","_kad_post_sidebar_id":"","_kad_post_content_style":"unboxed","_kad_post_vertical_padding":"hide","_kad_post_feature":"hide","_kad_post_feature_position":"","_kad_post_header":false,"_kad_post_footer":false},"product_cat":[101,103],"product_tag":[538,540,539],"class_list":{"0":"post-2405","1":"product","2":"type-product","3":"status-publish","4":"has-post-thumbnail","6":"product_cat-transfer-stickers","7":"product_cat-uv-transfer-stickers","8":"product_tag-heat-transfer-stickers","9":"product_tag-heat-transfer-stickers-for-clothes","10":"product_tag-transfer-stickers-for-clothes","12":"first","13":"instock","14":"shipping-taxable","15":"product-type-simple","16":"entry","17":"content-bg","18":"loop-entry"},"_links":{"self":[{"href":"https:\/\/cmykprinted.com\/tr\/wp-json\/wp\/v2\/product\/2405","targetHints":{"allow":["GET"]}}],"collection":[{"href":"https:\/\/cmykprinted.com\/tr\/wp-json\/wp\/v2\/product"}],"about":[{"href":"https:\/\/cmykprinted.com\/tr\/wp-json\/wp\/v2\/types\/product"}],"version-history":[{"count":1,"href":"https:\/\/cmykprinted.com\/tr\/wp-json\/wp\/v2\/product\/2405\/revisions"}],"predecessor-version":[{"id":2415,"href":"https:\/\/cmykprinted.com\/tr\/wp-json\/wp\/v2\/product\/2405\/revisions\/2415"}],"wp:featuredmedia":[{"embeddable":true,"href":"https:\/\/cmykprinted.com\/tr\/wp-json\/wp\/v2\/media\/2406"}],"wp:attachment":[{"href":"https:\/\/cmykprinted.com\/tr\/wp-json\/wp\/v2\/media?parent=2405"}],"wp:term":[{"taxonomy":"product_cat","embeddable":true,"href":"https:\/\/cmykprinted.com\/tr\/wp-json\/wp\/v2\/product_cat?post=2405"},{"taxonomy":"product_tag","embeddable":true,"href":"https:\/\/cmykprinted.com\/tr\/wp-json\/wp\/v2\/product_tag?post=2405"}],"curies":[{"name":"wp","href":"https:\/\/api.w.org\/{rel}","templated":true}]}}