{"id":2431,"date":"2025-04-21T07:41:54","date_gmt":"2025-04-21T07:41:54","guid":{"rendered":"https:\/\/cmykprinted.com\/?post_type=product&#038;p=2431"},"modified":"2025-04-21T07:45:42","modified_gmt":"2025-04-21T07:45:42","slug":"event-bean-pop-up-advertising-banners","status":"publish","type":"product","link":"https:\/\/cmykprinted.com\/tr\/urun\/etkinlik-fasulye-pop-up-reklam-afisleri\/","title":{"rendered":"Event Bean Pop-up Reklam Bannerlar\u0131"},"content":{"rendered":"","protected":false},"excerpt":{"rendered":"<p>Oval Pop-Up Banner&#039;larla Mesaj\u0131n\u0131z\u0131 \u00d6ne \u00c7\u0131kar\u0131n!<\/p>\n<p>A-Frame Pop-Up Banner&#039;lar\u0131 kullanarak kolayca dikkat \u00e7ekin; promosyon tabelalar\u0131 i\u00e7in \u00e7arp\u0131c\u0131 ve ta\u015f\u0131nabilir bir se\u00e7enektir. \u00c7e\u015fitli \u015fekil ve boyutlarda sunulan Oval \/ Fasulye Pop-Up Banner&#039;lar, g\u00fc\u00e7l\u00fc g\u00f6rsel \u00e7ekicilikleri ve uyarlanabilir tasar\u0131mlar\u0131 nedeniyle favoridir.<\/p>\n<div style=\"width: 848px;\" class=\"wp-video\"><!--[if lt IE 9]><script>document.createElement('video');<\/script><![endif]--><br \/>\n<video class=\"wp-video-shortcode\" id=\"video-2431-1\" width=\"848\" height=\"480\" preload=\"metadata\" controls=\"controls\"><source type=\"video\/mp4\" src=\"https:\/\/cmykprinted.com\/wp-content\/uploads\/2025\/04\/Bean-Pop-up-Advertising-Banners.mp4?_=1\" \/><a href=\"https:\/\/cmykprinted.com\/wp-content\/uploads\/2025\/04\/Bean-Pop-up-Advertising-Banners.mp4\">https:\/\/cmykprinted.com\/wp-content\/uploads\/2025\/04\/Bean-Pop-up-Advertising-Banners.mp4<\/a><\/video><\/div>","protected":false},"featured_media":2433,"template":"","meta":{"_kad_post_transparent":"default","_kad_post_title":"hide","_kad_post_layout":"fullwidth","_kad_post_sidebar_id":"","_kad_post_content_style":"unboxed","_kad_post_vertical_padding":"hide","_kad_post_feature":"hide","_kad_post_feature_position":"","_kad_post_header":false,"_kad_post_footer":false},"product_cat":[92,94],"product_tag":[545,544,546,543],"class_list":{"0":"post-2431","1":"product","2":"type-product","3":"status-publish","4":"has-post-thumbnail","6":"product_cat-pop-up-banners","7":"product_cat-horizontal-pop-up-banners","8":"product_tag-bean-pop-up-banners","9":"product_tag-bean-pop-up-advertising-banners","10":"product_tag-event-advertising-banners","11":"product_tag-pop-up-advertising-banners","13":"first","14":"instock","15":"shipping-taxable","16":"product-type-simple","17":"entry","18":"content-bg","19":"loop-entry"},"_links":{"self":[{"href":"https:\/\/cmykprinted.com\/tr\/wp-json\/wp\/v2\/product\/2431","targetHints":{"allow":["GET"]}}],"collection":[{"href":"https:\/\/cmykprinted.com\/tr\/wp-json\/wp\/v2\/product"}],"about":[{"href":"https:\/\/cmykprinted.com\/tr\/wp-json\/wp\/v2\/types\/product"}],"version-history":[{"count":1,"href":"https:\/\/cmykprinted.com\/tr\/wp-json\/wp\/v2\/product\/2431\/revisions"}],"predecessor-version":[{"id":2440,"href":"https:\/\/cmykprinted.com\/tr\/wp-json\/wp\/v2\/product\/2431\/revisions\/2440"}],"wp:featuredmedia":[{"embeddable":true,"href":"https:\/\/cmykprinted.com\/tr\/wp-json\/wp\/v2\/media\/2433"}],"wp:attachment":[{"href":"https:\/\/cmykprinted.com\/tr\/wp-json\/wp\/v2\/media?parent=2431"}],"wp:term":[{"taxonomy":"product_cat","embeddable":true,"href":"https:\/\/cmykprinted.com\/tr\/wp-json\/wp\/v2\/product_cat?post=2431"},{"taxonomy":"product_tag","embeddable":true,"href":"https:\/\/cmykprinted.com\/tr\/wp-json\/wp\/v2\/product_tag?post=2431"}],"curies":[{"name":"wp","href":"https:\/\/api.w.org\/{rel}","templated":true}]}}