{"id":2443,"date":"2025-04-22T08:49:23","date_gmt":"2025-04-22T08:49:23","guid":{"rendered":"https:\/\/cmykprinted.com\/?post_type=product&#038;p=2443"},"modified":"2025-04-28T02:46:21","modified_gmt":"2025-04-28T02:46:21","slug":"custom-pvc-vinyl-banners-with-eyelets","status":"publish","type":"product","link":"https:\/\/cmykprinted.com\/tr\/urun\/ozel-pvc-vinil-afisler-kusgozu-ile\/","title":{"rendered":"G\u00f6zl\u00fc \u00d6zel PVC Vinil Afi\u015fler"},"content":{"rendered":"","protected":false},"excerpt":{"rendered":"<p>Geni\u015f bir kitleye cesur bir mesaj payla\u015fmak istedi\u011finizde b\u00fcy\u00fck PVC afi\u015fler g\u00fc\u00e7l\u00fc ve pratik bir se\u00e7imdir.<\/p>\n<p>Yol kenar\u0131 pazarlamas\u0131 i\u00e7in ideal olan metal delikli d\u0131\u015f mekan PVC afi\u015fleri, an\u0131nda dikkat \u00e7ekebilen g\u00f6z al\u0131c\u0131, b\u00fcy\u00fck \u00f6l\u00e7ekli reklamlar \u00fcretmenizi sa\u011flar. Etkinliklerde g\u00f6rsel bir merkez par\u00e7as\u0131 g\u00f6revi g\u00f6r\u00fcr ve unutulmaz foto\u011fraflar i\u00e7in m\u00fckemmel bir fon sa\u011flar.<\/p>\n<p>Golden Mouth Advertising olarak, mesaj\u0131n\u0131zla b\u00fcy\u00fck etki yaratabilmeniz i\u00e7in 5 mx 50 m&#039;ye kadar \u00e7e\u015fitli boyutlarda PVC afi\u015f bask\u0131 hizmeti sunuyoruz.<\/p>\n<p>\u00d6zel pvc vinil afi\u015flerimiz a\u015f\u0131nmaya ve solmaya kar\u015f\u0131 dayan\u0131kl\u0131, hava ko\u015fullar\u0131na dayan\u0131kl\u0131 PVC&#039;den \u00fcretilmi\u015ftir. Kal\u0131n, esnek malzeme, ister i\u00e7 mekanda ister d\u0131\u015f mekanda sergilensin, tasar\u0131m\u0131n\u0131z\u0131n canl\u0131 ve bozulmam\u0131\u015f kalmas\u0131n\u0131 sa\u011flar ve uzun s\u00fcreli kullan\u0131m sa\u011flar.<\/p>\n<p>Takviyeli halkalar sayesinde kurulum h\u0131zl\u0131 ve basittir. Bu sa\u011flam metal halkalar, ipler, elastik kordonlar, kancalar veya kablo ba\u011flar\u0131 gibi farkl\u0131 sabitleme y\u00f6ntemleriyle iyi \u00e7al\u0131\u015f\u0131r ve bunlar\u0131 \u00e7itlere veya d\u0131\u015far\u0131daki di\u011fer desteklere takmay\u0131 kolayla\u015ft\u0131r\u0131r. Ve kampanyan\u0131z veya etkinli\u011finiz sona erdi\u011finde, pankartlar kolayca \u00e7\u0131kar\u0131labilir ve saklanabilir.<\/p>\n<p>Her pankart, keskin ve y\u00fcksek kaliteli sonu\u00e7lar sa\u011flamak i\u00e7in geli\u015fmi\u015f geni\u015f formatl\u0131 dijital yaz\u0131c\u0131lar kullan\u0131larak bas\u0131l\u0131r. Pankart\u0131n\u0131z\u0131 tasarlamak i\u00e7in yard\u0131ma m\u0131 ihtiyac\u0131n\u0131z var? Dahili yarat\u0131c\u0131 ekibimiz, mesaj\u0131n\u0131z\u0131n g\u00fczel bir \u015fekilde hayata ge\u00e7mesini sa\u011flamak i\u00e7in sanat eserlerinizde size yard\u0131mc\u0131 olmak i\u00e7in burada.<\/p>\n<div style=\"width: 1290px;\" class=\"wp-video\"><!--[if lt IE 9]><script>document.createElement('video');<\/script><![endif]--><br \/>\n<video class=\"wp-video-shortcode\" id=\"video-2443-1\" width=\"1290\" height=\"726\" loop autoplay preload=\"auto\" controls=\"controls\"><source type=\"video\/mp4\" src=\"http:\/\/cmykprinted.com\/wp-content\/uploads\/2022\/12\/vinyl-PVC-banners.mp4?_=1\" \/><a href=\"http:\/\/cmykprinted.com\/wp-content\/uploads\/2022\/12\/vinyl-PVC-banners.mp4\">http:\/\/cmykprinted.com\/wp-content\/uploads\/2022\/12\/vinyl-PVC-banners.mp4<\/a><\/video><\/div>\n<p>&nbsp;<\/p>","protected":false},"featured_media":2444,"template":"","meta":{"_kad_post_transparent":"default","_kad_post_title":"hide","_kad_post_layout":"fullwidth","_kad_post_sidebar_id":"","_kad_post_content_style":"unboxed","_kad_post_vertical_padding":"hide","_kad_post_feature":"hide","_kad_post_feature_position":"","_kad_post_header":false,"_kad_post_footer":false},"product_cat":[85,90,91,89],"product_tag":[549,550,548,547],"class_list":{"0":"post-2443","1":"product","2":"type-product","3":"status-publish","4":"has-post-thumbnail","6":"product_cat-outdoor-vinyl-banners","7":"product_cat-glossy-pvc-banners","8":"product_cat-matte-vinyl-banners","9":"product_cat-pvc-banners","10":"product_tag-custom-pvc-vinyl-banners","11":"product_tag-custom-vinyl-banners-with-eyelets","12":"product_tag-pvc-banners-with-eyelets","13":"product_tag-vinyl-banners-with-eyelets","15":"first","16":"instock","17":"shipping-taxable","18":"product-type-simple","19":"entry","20":"content-bg","21":"loop-entry"},"_links":{"self":[{"href":"https:\/\/cmykprinted.com\/tr\/wp-json\/wp\/v2\/product\/2443","targetHints":{"allow":["GET"]}}],"collection":[{"href":"https:\/\/cmykprinted.com\/tr\/wp-json\/wp\/v2\/product"}],"about":[{"href":"https:\/\/cmykprinted.com\/tr\/wp-json\/wp\/v2\/types\/product"}],"version-history":[{"count":3,"href":"https:\/\/cmykprinted.com\/tr\/wp-json\/wp\/v2\/product\/2443\/revisions"}],"predecessor-version":[{"id":2469,"href":"https:\/\/cmykprinted.com\/tr\/wp-json\/wp\/v2\/product\/2443\/revisions\/2469"}],"wp:featuredmedia":[{"embeddable":true,"href":"https:\/\/cmykprinted.com\/tr\/wp-json\/wp\/v2\/media\/2444"}],"wp:attachment":[{"href":"https:\/\/cmykprinted.com\/tr\/wp-json\/wp\/v2\/media?parent=2443"}],"wp:term":[{"taxonomy":"product_cat","embeddable":true,"href":"https:\/\/cmykprinted.com\/tr\/wp-json\/wp\/v2\/product_cat?post=2443"},{"taxonomy":"product_tag","embeddable":true,"href":"https:\/\/cmykprinted.com\/tr\/wp-json\/wp\/v2\/product_tag?post=2443"}],"curies":[{"name":"wp","href":"https:\/\/api.w.org\/{rel}","templated":true}]}}