{"id":2524,"date":"2025-05-16T07:24:19","date_gmt":"2025-05-16T07:24:19","guid":{"rendered":"https:\/\/cmykprinted.com\/?post_type=product&#038;p=2524"},"modified":"2025-05-16T07:24:19","modified_gmt":"2025-05-16T07:24:19","slug":"custom-table-cloths-for-6-foot-table","status":"publish","type":"product","link":"https:\/\/cmykprinted.com\/tr\/urun\/6-ayakli-masa-icin-ozel-masa-ortuleri\/","title":{"rendered":"6 Ayakl\u0131k Masa \u0130\u00e7in \u00d6zel Masa \u00d6rt\u00fcleri"},"content":{"rendered":"","protected":false},"excerpt":{"rendered":"<p>6 Ayakl\u0131k Masalar \u0130\u00e7in \u00d6zel Masa \u00d6rt\u00fcleri \u2013 Ki\u015fiselle\u015ftirilmi\u015f Zarafet ve \u0130\u015flevsellik<\/p>\n<p>Herhangi bir etkinli\u011fi, fuar\u0131 veya yemek ortam\u0131n\u0131 6 Ayakl\u0131k Masalar i\u00e7in premium \u00d6zel Masa \u00d6rt\u00fclerimizle d\u00f6n\u00fc\u015ft\u00fcr\u00fcn. Standart 6 ayakl\u0131k dikd\u00f6rtgen masalara (genellikle 72 in\u00e7 uzunlu\u011funda, 30 in\u00e7 geni\u015fli\u011finde ve 29-30 in\u00e7 y\u00fcksekli\u011finde) m\u00fckemmel \u015fekilde uyacak \u015fekilde tasarlanan masa \u00f6rt\u00fclerimiz, \u00f6zel tasar\u0131m, y\u00fcksek kaliteli kuma\u015f ve ki\u015fiselle\u015ftirilmi\u015f stilin ideal kombinasyonunu sunar. \u0130ster i\u015fletmenizi markala\u015ft\u0131r\u0131n ister ev dekorunuzu y\u00fckseltin, bu \u00f6zel masa \u00f6rt\u00fcleri hem g\u00fczellik hem de pratiklik sunar.<\/p>\n<p>Profesyonel Bir G\u00f6r\u00fcn\u00fcm \u0130\u00e7in Ki\u015fiye \u00d6zel Kesim<br \/>\n\u00d6zel masa \u00f6rt\u00fclerimiz, 6 fitlik bir masaya tam ve zarif bir \u015fekilde oturmas\u0131n\u0131 sa\u011flamak i\u00e7in hassasiyetle \u00fcretilmi\u015ftir. Oranlar, t\u00fcm kenarlardan p\u00fcr\u00fczs\u00fcz bir \u015fekilde sarkacak \u015fekilde tasarlanm\u0131\u015ft\u0131r ve sunumunuzun veya etkinli\u011finizin esteti\u011fini art\u0131ran temiz, k\u0131r\u0131\u015f\u0131ks\u0131z bir g\u00f6r\u00fcn\u00fcm sa\u011flar. \u0130ster resmi ziyafetler, sergiler veya g\u00fcndelik toplant\u0131lar i\u00e7in kullan\u0131ls\u0131n, oturan stil bir miktar profesyonellik ve incelik katar.<\/p>\n<div style=\"width: 1280px;\" class=\"wp-video\"><!--[if lt IE 9]><script>document.createElement('video');<\/script><![endif]--><br \/>\n<video class=\"wp-video-shortcode\" id=\"video-2524-1\" width=\"1280\" height=\"720\" preload=\"metadata\" controls=\"controls\"><source type=\"video\/mp4\" src=\"https:\/\/cmykprinted.com\/wp-content\/uploads\/2025\/05\/Logo-Table-Covers-for-Trade-Shows-01.mp4?_=1\" \/><a href=\"https:\/\/cmykprinted.com\/wp-content\/uploads\/2025\/05\/Logo-Table-Covers-for-Trade-Shows-01.mp4\">https:\/\/cmykprinted.com\/wp-content\/uploads\/2025\/05\/Logo-Table-Covers-for-Trade-Shows-01.mp4<\/a><\/video><\/div>","protected":false},"featured_media":2527,"template":"","meta":{"_kad_post_transparent":"default","_kad_post_title":"hide","_kad_post_layout":"fullwidth","_kad_post_sidebar_id":"","_kad_post_content_style":"unboxed","_kad_post_vertical_padding":"hide","_kad_post_feature":"hide","_kad_post_feature_position":"","_kad_post_header":false,"_kad_post_footer":false},"product_cat":[80,81],"product_tag":[563,158,562],"class_list":{"0":"post-2524","1":"product","2":"type-product","3":"status-publish","4":"has-post-thumbnail","6":"product_cat-custom-tablecloth","7":"product_cat-custom-stretch-tablecloth","8":"product_tag-custom-table-cloths","9":"product_tag-custom-tablecloth","10":"product_tag-tablecloth-for-6-foot-table","12":"first","13":"instock","14":"shipping-taxable","15":"product-type-simple","16":"entry","17":"content-bg","18":"loop-entry"},"_links":{"self":[{"href":"https:\/\/cmykprinted.com\/tr\/wp-json\/wp\/v2\/product\/2524","targetHints":{"allow":["GET"]}}],"collection":[{"href":"https:\/\/cmykprinted.com\/tr\/wp-json\/wp\/v2\/product"}],"about":[{"href":"https:\/\/cmykprinted.com\/tr\/wp-json\/wp\/v2\/types\/product"}],"version-history":[{"count":2,"href":"https:\/\/cmykprinted.com\/tr\/wp-json\/wp\/v2\/product\/2524\/revisions"}],"predecessor-version":[{"id":2530,"href":"https:\/\/cmykprinted.com\/tr\/wp-json\/wp\/v2\/product\/2524\/revisions\/2530"}],"wp:featuredmedia":[{"embeddable":true,"href":"https:\/\/cmykprinted.com\/tr\/wp-json\/wp\/v2\/media\/2527"}],"wp:attachment":[{"href":"https:\/\/cmykprinted.com\/tr\/wp-json\/wp\/v2\/media?parent=2524"}],"wp:term":[{"taxonomy":"product_cat","embeddable":true,"href":"https:\/\/cmykprinted.com\/tr\/wp-json\/wp\/v2\/product_cat?post=2524"},{"taxonomy":"product_tag","embeddable":true,"href":"https:\/\/cmykprinted.com\/tr\/wp-json\/wp\/v2\/product_tag?post=2524"}],"curies":[{"name":"wp","href":"https:\/\/api.w.org\/{rel}","templated":true}]}}