{"id":2545,"date":"2025-05-19T09:09:51","date_gmt":"2025-05-19T09:09:51","guid":{"rendered":"https:\/\/cmykprinted.com\/?post_type=product&#038;p=2545"},"modified":"2025-05-19T09:09:51","modified_gmt":"2025-05-19T09:09:51","slug":"custom-step-and-repeat-logo-wall-backdrop","status":"publish","type":"product","link":"https:\/\/cmykprinted.com\/tr\/urun\/ozel-step-ve-repeat-logo-duvar-arka-plan\/","title":{"rendered":"\u00d6zel Ad\u0131m ve Tekrar Logo Duvar Arka Plan\u0131"},"content":{"rendered":"","protected":false},"excerpt":{"rendered":"<p>\u00d6zel Ad\u0131m ve Tekrar Logo Duvar Arka Plan\u0131, etkinlikler, k\u0131rm\u0131z\u0131 hal\u0131lar, bas\u0131n toplant\u0131lar\u0131 ve foto\u011fraf \u00e7ekimleri i\u00e7in profesyonel ve g\u00f6z al\u0131c\u0131 bir \u00e7\u00f6z\u00fcmd\u00fcr. Logolar\u0131 tekrarlayan bir desende belirgin bir \u015fekilde g\u00f6r\u00fcnt\u00fclemek i\u00e7in tasarlanan bu arka plan, marka g\u00f6r\u00fcn\u00fcrl\u00fc\u011f\u00fcn\u00fc art\u0131r\u0131r ve cilal\u0131, y\u00fcksek etkili bir ortam yarat\u0131r. Dayan\u0131kl\u0131, ayarlanabilir bir \u00e7er\u00e7eve ve logolar\u0131n\u0131z veya grafiklerinizle \u00f6zel olarak tasarlanm\u0131\u015f y\u00fcksek kaliteli bir kuma\u015f veya vinil bask\u0131ya sahiptir. Kurulumu ve ta\u015f\u0131nmas\u0131 kolayd\u0131r, promosyon etkinlikleri, medya duvarlar\u0131 veya sponsorluk vitrinleri i\u00e7in m\u00fckemmeldir. Kusursuz tasar\u0131m, her foto\u011frafta temiz ve profesyonel bir g\u00f6r\u00fcn\u00fcm sa\u011flar. Pazarlama, halkla ili\u015fkiler veya kurumsal markala\u015fma i\u00e7in ideal olan ad\u0131m ve tekrar arka plan\u0131, \u00e7ok y\u00f6nl\u00fc bir ekranda hem stil hem de g\u00f6r\u00fcn\u00fcrl\u00fck sunar.<\/p>\n<div style=\"width: 1280px;\" class=\"wp-video\"><!--[if lt IE 9]><script>document.createElement('video');<\/script><![endif]--><br \/>\n<video class=\"wp-video-shortcode\" id=\"video-2545-1\" width=\"1280\" height=\"720\" preload=\"metadata\" controls=\"controls\"><source type=\"video\/mp4\" src=\"https:\/\/cmykprinted.com\/wp-content\/uploads\/2025\/05\/Custom-Step-and-Repeat-Backdrop.mp4?_=1\" \/><a href=\"https:\/\/cmykprinted.com\/wp-content\/uploads\/2025\/05\/Custom-Step-and-Repeat-Backdrop.mp4\">https:\/\/cmykprinted.com\/wp-content\/uploads\/2025\/05\/Custom-Step-and-Repeat-Backdrop.mp4<\/a><\/video><\/div>","protected":false},"featured_media":2548,"template":"","meta":{"_kad_post_transparent":"default","_kad_post_title":"hide","_kad_post_layout":"fullwidth","_kad_post_sidebar_id":"","_kad_post_content_style":"unboxed","_kad_post_vertical_padding":"hide","_kad_post_feature":"hide","_kad_post_feature_position":"","_kad_post_header":false,"_kad_post_footer":false},"product_cat":[97,98],"product_tag":[567,566,568],"class_list":{"0":"post-2545","1":"product","2":"type-product","3":"status-publish","4":"has-post-thumbnail","6":"product_cat-tension-fabric-displays","7":"product_cat-curved-tension-fabric-pop-up-displays","8":"product_tag-custom-step-and-repeat-backdrop","9":"product_tag-logo-wall-backdrop","10":"product_tag-step-and-repeat-logo-backdrop","12":"first","13":"instock","14":"shipping-taxable","15":"product-type-simple","16":"entry","17":"content-bg","18":"loop-entry"},"_links":{"self":[{"href":"https:\/\/cmykprinted.com\/tr\/wp-json\/wp\/v2\/product\/2545","targetHints":{"allow":["GET"]}}],"collection":[{"href":"https:\/\/cmykprinted.com\/tr\/wp-json\/wp\/v2\/product"}],"about":[{"href":"https:\/\/cmykprinted.com\/tr\/wp-json\/wp\/v2\/types\/product"}],"version-history":[{"count":1,"href":"https:\/\/cmykprinted.com\/tr\/wp-json\/wp\/v2\/product\/2545\/revisions"}],"predecessor-version":[{"id":2552,"href":"https:\/\/cmykprinted.com\/tr\/wp-json\/wp\/v2\/product\/2545\/revisions\/2552"}],"wp:featuredmedia":[{"embeddable":true,"href":"https:\/\/cmykprinted.com\/tr\/wp-json\/wp\/v2\/media\/2548"}],"wp:attachment":[{"href":"https:\/\/cmykprinted.com\/tr\/wp-json\/wp\/v2\/media?parent=2545"}],"wp:term":[{"taxonomy":"product_cat","embeddable":true,"href":"https:\/\/cmykprinted.com\/tr\/wp-json\/wp\/v2\/product_cat?post=2545"},{"taxonomy":"product_tag","embeddable":true,"href":"https:\/\/cmykprinted.com\/tr\/wp-json\/wp\/v2\/product_tag?post=2545"}],"curies":[{"name":"wp","href":"https:\/\/api.w.org\/{rel}","templated":true}]}}