{"id":2556,"date":"2025-05-20T09:02:02","date_gmt":"2025-05-20T09:02:02","guid":{"rendered":"https:\/\/cmykprinted.com\/?post_type=product&#038;p=2556"},"modified":"2025-05-20T09:02:02","modified_gmt":"2025-05-20T09:02:02","slug":"cheap-step-and-repeat-backdrop-with-stand","status":"publish","type":"product","link":"https:\/\/cmykprinted.com\/tr\/urun\/ucuz-step-and-repeat-arka-plan-stand-ile\/","title":{"rendered":"Ucuz Ad\u0131m ve Tekrar Arkaplan\u0131 Standl\u0131"},"content":{"rendered":"","protected":false},"excerpt":{"rendered":"<p>Bu Standl\u0131 Ad\u0131m ve Tekrar Arkaplan\u0131 ile bir sonraki etkinli\u011finizde profesyonel bir foto\u011fraf f\u0131rsat\u0131 yarat\u0131n. K\u0131rm\u0131z\u0131 hal\u0131 etkinlikleri, bas\u0131n toplant\u0131lar\u0131, ticaret fuarlar\u0131, d\u00fc\u011f\u00fcnler ve kurumsal i\u015flevler i\u00e7in ideal olan bu arka plan, genellikle tekrarlayan logolar veya marka desenleriyle bas\u0131lm\u0131\u015f \u00f6zelle\u015ftirilebilir bir kuma\u015f pankart i\u00e7erir.<\/p>\n<p>Dayan\u0131kl\u0131, k\u0131r\u0131\u015fmaya dayan\u0131kl\u0131 polyester kuma\u015ftan \u00fcretilen pankart, canl\u0131 ve g\u00f6z al\u0131c\u0131 g\u00f6sterimler i\u00e7in y\u00fcksek \u00e7\u00f6z\u00fcn\u00fcrl\u00fckl\u00fc bask\u0131 kalitesi sunar. Sa\u011flam al\u00fcminyum stand hem y\u00fckseklik hem de geni\u015flik a\u00e7\u0131s\u0131ndan ayarlanabilir ve bu da onu genellikle 8 ft x 8 ft&#039;ye kadar \u00e7e\u015fitli pankart boyutlar\u0131 i\u00e7in uygun hale getirir. Montaj\u0131 ve s\u00f6k\u00fcm\u00fc kolay olan \u00e7er\u00e7eve, sabit bir kurulum i\u00e7in teleskopik direkler ve g\u00fcvenli kilitleme mekanizmalar\u0131 i\u00e7erir. Rahat ta\u015f\u0131ma ve saklama i\u00e7in bir ta\u015f\u0131ma \u00e7antas\u0131 dahildir.<\/p>\n<p>Bu fon, yaln\u0131zca marka g\u00f6r\u00fcn\u00fcrl\u00fc\u011f\u00fcn\u00fc art\u0131rmakla kalmaz, ayn\u0131 zamanda her ortama bir zarafet ve profesyonellik dokunu\u015fu da katar. \u0130ster tan\u0131t\u0131m foto\u011fraflar\u0131, ister r\u00f6portajlar veya \u00f6zel kutlamalar i\u00e7in olsun, Step and Repeat Fon, etkinli\u011finizin kal\u0131c\u0131 bir izlenim b\u0131rakmas\u0131n\u0131 sa\u011flar.<\/p>\n<div style=\"width: 720px;\" class=\"wp-video\"><!--[if lt IE 9]><script>document.createElement('video');<\/script><![endif]--><br \/>\n<video class=\"wp-video-shortcode\" id=\"video-2556-1\" width=\"720\" height=\"720\" preload=\"metadata\" controls=\"controls\"><source type=\"video\/mp4\" src=\"https:\/\/cmykprinted.com\/wp-content\/uploads\/2025\/05\/\u89c6\u9891-383512795067.mp4?_=1\" \/><a href=\"https:\/\/cmykprinted.com\/wp-content\/uploads\/2025\/05\/\u89c6\u9891-383512795067.mp4\">https:\/\/cmykprinted.com\/wp-content\/uploads\/2025\/05\/\u89c6\u9891-383512795067.mp4<\/a><\/video><\/div>\n<div style=\"width: 540px;\" class=\"wp-video\"><video class=\"wp-video-shortcode\" id=\"video-2556-2\" width=\"540\" height=\"540\" preload=\"metadata\" controls=\"controls\"><source type=\"video\/mp4\" src=\"https:\/\/cmykprinted.com\/wp-content\/uploads\/2025\/05\/Step-and-Repeat-Backdrop-with-Stand.mp4?_=2\" \/><a href=\"https:\/\/cmykprinted.com\/wp-content\/uploads\/2025\/05\/Step-and-Repeat-Backdrop-with-Stand.mp4\">https:\/\/cmykprinted.com\/wp-content\/uploads\/2025\/05\/Step-and-Repeat-Backdrop-with-Stand.mp4<\/a><\/video><\/div>","protected":false},"featured_media":2561,"template":"","meta":{"_kad_post_transparent":"default","_kad_post_title":"hide","_kad_post_layout":"fullwidth","_kad_post_sidebar_id":"","_kad_post_content_style":"unboxed","_kad_post_vertical_padding":"hide","_kad_post_feature":"hide","_kad_post_feature_position":"","_kad_post_header":false,"_kad_post_footer":false},"product_cat":[97,98],"product_tag":[567,566,568],"class_list":{"0":"post-2556","1":"product","2":"type-product","3":"status-publish","4":"has-post-thumbnail","6":"product_cat-tension-fabric-displays","7":"product_cat-curved-tension-fabric-pop-up-displays","8":"product_tag-custom-step-and-repeat-backdrop","9":"product_tag-logo-wall-backdrop","10":"product_tag-step-and-repeat-logo-backdrop","12":"first","13":"instock","14":"shipping-taxable","15":"product-type-simple","16":"entry","17":"content-bg","18":"loop-entry"},"_links":{"self":[{"href":"https:\/\/cmykprinted.com\/tr\/wp-json\/wp\/v2\/product\/2556","targetHints":{"allow":["GET"]}}],"collection":[{"href":"https:\/\/cmykprinted.com\/tr\/wp-json\/wp\/v2\/product"}],"about":[{"href":"https:\/\/cmykprinted.com\/tr\/wp-json\/wp\/v2\/types\/product"}],"version-history":[{"count":1,"href":"https:\/\/cmykprinted.com\/tr\/wp-json\/wp\/v2\/product\/2556\/revisions"}],"predecessor-version":[{"id":2567,"href":"https:\/\/cmykprinted.com\/tr\/wp-json\/wp\/v2\/product\/2556\/revisions\/2567"}],"wp:featuredmedia":[{"embeddable":true,"href":"https:\/\/cmykprinted.com\/tr\/wp-json\/wp\/v2\/media\/2561"}],"wp:attachment":[{"href":"https:\/\/cmykprinted.com\/tr\/wp-json\/wp\/v2\/media?parent=2556"}],"wp:term":[{"taxonomy":"product_cat","embeddable":true,"href":"https:\/\/cmykprinted.com\/tr\/wp-json\/wp\/v2\/product_cat?post=2556"},{"taxonomy":"product_tag","embeddable":true,"href":"https:\/\/cmykprinted.com\/tr\/wp-json\/wp\/v2\/product_tag?post=2556"}],"curies":[{"name":"wp","href":"https:\/\/api.w.org\/{rel}","templated":true}]}}