{"id":2582,"date":"2025-05-21T06:04:22","date_gmt":"2025-05-21T06:04:22","guid":{"rendered":"https:\/\/cmykprinted.com\/?post_type=product&#038;p=2582"},"modified":"2025-05-21T06:04:22","modified_gmt":"2025-05-21T06:04:22","slug":"custom-feather-flags-australia-queensland-beach-banners","status":"publish","type":"product","link":"https:\/\/cmykprinted.com\/tr\/urun\/ozel-tuy-bayraklar-avustralya-queensland-plaj-afisleri\/","title":{"rendered":"\u00d6zel T\u00fcy Bayraklar\u0131 Avustralya Queensland Plaj Afi\u015fleri"},"content":{"rendered":"","protected":false},"excerpt":{"rendered":"<p>\u00d6zel T\u00fcy Bayraklar, i\u015fletmenizi, markan\u0131z\u0131 veya etkinli\u011finizi Avustralya genelinde tan\u0131tman\u0131n canl\u0131 ve etkili bir yoludur. Y\u00fcksek g\u00f6r\u00fcn\u00fcrl\u00fck i\u00e7in tasarlanan bu g\u00f6z al\u0131c\u0131 pankartlar, a\u00e7\u0131k hava pazarlar\u0131, vitrinler, festivaller, spor etkinlikleri ve ticaret fuarlar\u0131 i\u00e7in m\u00fckemmeldir. \u0130ster k\u00fc\u00e7\u00fck bir i\u015fletme olun ister ulusal bir marka, t\u00fcy bayraklar profesyonel ve uygun fiyatl\u0131 bir reklam \u00e7\u00f6z\u00fcm\u00fc sunar.<\/p>\n<p>Avustralya&#039;n\u0131n \u00e7e\u015fitli ikliminde, t\u00fcy bayraklar\u0131m\u0131z uzun \u00f6m\u00fcrl\u00fc olacak \u015fekilde \u00fcretilmi\u015ftir. Dayan\u0131kl\u0131 polyester kuma\u015ftan yap\u0131lm\u0131\u015f ve UV \u0131\u015f\u0131nlar\u0131na dayan\u0131kl\u0131 m\u00fcrekkepler kullan\u0131larak bas\u0131lm\u0131\u015f olan bu bayraklar sert g\u00fcne\u015fe, r\u00fczgara ve ya\u011fmura dayanabilir. Hafif tasar\u0131m\u0131, gerekti\u011finde kurulumunu, ta\u015f\u0131nmas\u0131n\u0131 ve yeniden konumland\u0131r\u0131lmas\u0131n\u0131 kolayla\u015ft\u0131r\u0131r.<\/p>\n<p>G\u00f6r\u00fcn\u00fcrl\u00fck ihtiya\u00e7lar\u0131n\u0131za ba\u011fl\u0131 olarak tek tarafl\u0131 veya \u00e7ift tarafl\u0131 bask\u0131 aras\u0131ndan se\u00e7im yapabilirsiniz. Her bayrak, logonuz, renkleriniz ve mesaj\u0131n\u0131zla tamamen \u00f6zelle\u015ftirilebilir ve her yerde \u00f6ne \u00e7\u0131kman\u0131za yard\u0131mc\u0131 olur. Farkl\u0131 y\u00fczeylere uyacak \u015fekilde \u00e7e\u015fitli boyutlar ve taban se\u00e7enekleri mevcuttur; ister plajlar ve sahalar i\u00e7in zemin \u00e7ivilerine, ister beton veya i\u00e7 mekanlar i\u00e7in su torbal\u0131 \u00e7apraz tabanlara ihtiyac\u0131n\u0131z olsun.<\/p>\n<p>Melbourne&#039;den Brisbane&#039;e, Sidney&#039;den Perth&#039;e kadar, \u00fclke genelindeki i\u015fletmelere \u00fcretimi h\u0131zl\u0131 ve kurulumu basit olan \u00f6zel t\u00fcy bayraklar tedarik ediyoruz. Ekibimiz, her seferinde sorunsuz ve g\u00fcvenilir bir deneyim sa\u011flamak i\u00e7in tasar\u0131m, bask\u0131 ve teslimat konusunda size destek olmak i\u00e7in burada.<\/p>\n<p>Marka varl\u0131\u011f\u0131n\u0131z\u0131 g\u00fc\u00e7lendirmek ve gitti\u011finiz her yerde dikkat \u00e7ekmek i\u00e7in Custom Feather Flags Australia&#039;y\u0131 se\u00e7in.<\/p>","protected":false},"featured_media":2584,"template":"","meta":{"_kad_post_transparent":"default","_kad_post_title":"hide","_kad_post_layout":"fullwidth","_kad_post_sidebar_id":"","_kad_post_content_style":"unboxed","_kad_post_vertical_padding":"hide","_kad_post_feature":"hide","_kad_post_feature_position":"","_kad_post_header":false,"_kad_post_footer":false},"product_cat":[64,65,66,67],"product_tag":[321,573,574,575],"class_list":{"0":"post-2582","1":"product","2":"type-product","3":"status-publish","4":"has-post-thumbnail","6":"product_cat-beach-flags","7":"product_cat-feather-flags-banners","8":"product_cat-rectangular-flags-banners","9":"product_cat-teardrop-flags-banners","10":"product_tag-custom-feather-flags","11":"product_tag-feather-flags-australia","12":"product_tag-feather-flags-queensland","13":"product_tag-queensland-beach-banners","15":"first","16":"instock","17":"shipping-taxable","18":"product-type-simple","19":"entry","20":"content-bg","21":"loop-entry"},"_links":{"self":[{"href":"https:\/\/cmykprinted.com\/tr\/wp-json\/wp\/v2\/product\/2582","targetHints":{"allow":["GET"]}}],"collection":[{"href":"https:\/\/cmykprinted.com\/tr\/wp-json\/wp\/v2\/product"}],"about":[{"href":"https:\/\/cmykprinted.com\/tr\/wp-json\/wp\/v2\/types\/product"}],"version-history":[{"count":1,"href":"https:\/\/cmykprinted.com\/tr\/wp-json\/wp\/v2\/product\/2582\/revisions"}],"predecessor-version":[{"id":2590,"href":"https:\/\/cmykprinted.com\/tr\/wp-json\/wp\/v2\/product\/2582\/revisions\/2590"}],"wp:featuredmedia":[{"embeddable":true,"href":"https:\/\/cmykprinted.com\/tr\/wp-json\/wp\/v2\/media\/2584"}],"wp:attachment":[{"href":"https:\/\/cmykprinted.com\/tr\/wp-json\/wp\/v2\/media?parent=2582"}],"wp:term":[{"taxonomy":"product_cat","embeddable":true,"href":"https:\/\/cmykprinted.com\/tr\/wp-json\/wp\/v2\/product_cat?post=2582"},{"taxonomy":"product_tag","embeddable":true,"href":"https:\/\/cmykprinted.com\/tr\/wp-json\/wp\/v2\/product_tag?post=2582"}],"curies":[{"name":"wp","href":"https:\/\/api.w.org\/{rel}","templated":true}]}}