{"id":2602,"date":"2025-05-23T13:50:03","date_gmt":"2025-05-23T13:50:03","guid":{"rendered":"https:\/\/cmykprinted.com\/?post_type=product&#038;p=2602"},"modified":"2025-05-23T13:56:32","modified_gmt":"2025-05-23T13:56:32","slug":"custom-fitted-table-cloth-with-zipper-back-australia","status":"publish","type":"product","link":"https:\/\/cmykprinted.com\/tr\/urun\/ozel-olcuye-uygun-masa-ortusu-fermuarli-sirt-kismi-avustralya\/","title":{"rendered":"Fermuarl\u0131 Arkal\u0131 \u00d6zel Dikim Masa \u00d6rt\u00fcs\u00fc Avustralya"},"content":{"rendered":"","protected":false},"excerpt":{"rendered":"<p>Avustralyal\u0131 i\u015fletmeler i\u00e7in \u00f6zel olarak tasarlanm\u0131\u015f, Fermuarl\u0131 Arkal\u0131 Premium \u00d6zel Dikim Masa \u00d6rt\u00fcm\u00fczle etkinliklerde, ticaret fuarlar\u0131nda ve sergilerde markan\u0131z\u0131n g\u00f6r\u00fcn\u00fcrl\u00fc\u011f\u00fcn\u00fc art\u0131r\u0131n. Y\u00fcksek kaliteli esnek polyester kuma\u015ftan \u00fcretilen bu masa \u00f6rt\u00fcs\u00fc, masan\u0131z\u0131 kusursuz bir \u015fekilde saracak \u015fekilde tasarlanm\u0131\u015ft\u0131r ve \u00f6ne \u00e7\u0131kan \u015f\u0131k, profesyonel bir g\u00f6r\u00fcn\u00fcm yarat\u0131r.<\/p>\n<p>Arka fermuar, masan\u0131n alt\u0131nda saklama i\u00e7in rahat eri\u015fim sa\u011flar, da\u011f\u0131n\u0131kl\u0131\u011f\u0131 gizlerken pazarlama materyallerine, ki\u015fisel e\u015fyalara veya stoklara kolayca ula\u015fman\u0131z\u0131 sa\u011flar. Standart 4 ft, 6 ft ve 8 ft masalar i\u00e7in mevcut olan her bez, canl\u0131 tam renkli boya s\u00fcblimasyon bask\u0131s\u0131 kullan\u0131larak logonuz, renkleriniz ve grafiklerinizle tamamen \u00f6zelle\u015ftirilmi\u015ftir.<\/p>\n<p>Konferanslar, fuarlar, perakende ve promosyon etkinlikleri i\u00e7in ideal olan bu tam oturan masa \u00f6rt\u00fcs\u00fc k\u0131r\u0131\u015fmaya dayan\u0131kl\u0131d\u0131r, makinede y\u0131kanabilir ve yeniden kullan\u0131labilir - uzun vadeli de\u011fer ve marka g\u00f6r\u00fcn\u00fcrl\u00fc\u011f\u00fc sunar. Avustralya&#039;da tasarlanm\u0131\u015f ve bas\u0131lm\u0131\u015ft\u0131r, h\u0131zl\u0131 teslimat ve \u00fclke \u00e7ap\u0131nda teslimat.<\/p>\n<p>Profesyonel fermuarl\u0131 masa \u00f6rt\u00fclerimizle kalabal\u0131\u011f\u0131n aras\u0131ndan s\u0131yr\u0131l\u0131n ve sunumunuzu unutulmaz k\u0131l\u0131n.<\/p>\n<div style=\"width: 1280px;\" class=\"wp-video\"><!--[if lt IE 9]><script>document.createElement('video');<\/script><![endif]--><br \/>\n<video class=\"wp-video-shortcode\" id=\"video-2602-1\" width=\"1280\" height=\"720\" preload=\"metadata\" controls=\"controls\"><source type=\"video\/mp4\" src=\"https:\/\/cmykprinted.com\/wp-content\/uploads\/2025\/05\/Promotional-Tablecloths-Australia.mp4?_=1\" \/><a href=\"https:\/\/cmykprinted.com\/wp-content\/uploads\/2025\/05\/Promotional-Tablecloths-Australia.mp4\">https:\/\/cmykprinted.com\/wp-content\/uploads\/2025\/05\/Promotional-Tablecloths-Australia.mp4<\/a><\/video><\/div>","protected":false},"featured_media":2609,"template":"","meta":{"_kad_post_transparent":"default","_kad_post_title":"hide","_kad_post_layout":"fullwidth","_kad_post_sidebar_id":"","_kad_post_content_style":"unboxed","_kad_post_vertical_padding":"hide","_kad_post_feature":"hide","_kad_post_feature_position":"","_kad_post_header":false,"_kad_post_footer":false},"product_cat":[80,81],"product_tag":[535,580,581,582],"class_list":{"0":"post-2602","1":"product","2":"type-product","3":"status-publish","4":"has-post-thumbnail","6":"product_cat-custom-tablecloth","7":"product_cat-custom-stretch-tablecloth","8":"product_tag-custom-fitted-table-cloth","9":"product_tag-fitted-table-cloth","10":"product_tag-fitted-table-cloth-with-zipper-back","11":"product_tag-fitted-table-cloth-with-zipper-back-australia","13":"first","14":"instock","15":"shipping-taxable","16":"product-type-simple","17":"entry","18":"content-bg","19":"loop-entry"},"_links":{"self":[{"href":"https:\/\/cmykprinted.com\/tr\/wp-json\/wp\/v2\/product\/2602","targetHints":{"allow":["GET"]}}],"collection":[{"href":"https:\/\/cmykprinted.com\/tr\/wp-json\/wp\/v2\/product"}],"about":[{"href":"https:\/\/cmykprinted.com\/tr\/wp-json\/wp\/v2\/types\/product"}],"version-history":[{"count":1,"href":"https:\/\/cmykprinted.com\/tr\/wp-json\/wp\/v2\/product\/2602\/revisions"}],"predecessor-version":[{"id":2607,"href":"https:\/\/cmykprinted.com\/tr\/wp-json\/wp\/v2\/product\/2602\/revisions\/2607"}],"wp:featuredmedia":[{"embeddable":true,"href":"https:\/\/cmykprinted.com\/tr\/wp-json\/wp\/v2\/media\/2609"}],"wp:attachment":[{"href":"https:\/\/cmykprinted.com\/tr\/wp-json\/wp\/v2\/media?parent=2602"}],"wp:term":[{"taxonomy":"product_cat","embeddable":true,"href":"https:\/\/cmykprinted.com\/tr\/wp-json\/wp\/v2\/product_cat?post=2602"},{"taxonomy":"product_tag","embeddable":true,"href":"https:\/\/cmykprinted.com\/tr\/wp-json\/wp\/v2\/product_tag?post=2602"}],"curies":[{"name":"wp","href":"https:\/\/api.w.org\/{rel}","templated":true}]}}