{"id":2620,"date":"2025-05-27T07:13:40","date_gmt":"2025-05-27T07:13:40","guid":{"rendered":"https:\/\/cmykprinted.com\/?post_type=product&#038;p=2620"},"modified":"2025-05-27T07:45:05","modified_gmt":"2025-05-27T07:45:05","slug":"custom-printed-branded-tablecloth-for-events","status":"publish","type":"product","link":"https:\/\/cmykprinted.com\/tr\/urun\/ozel-baskili-markali-masa-ortusu-etkinlikler-icin\/","title":{"rendered":"Etkinlikler i\u00e7in \u00d6zel Bask\u0131l\u0131 Markal\u0131 Masa \u00d6rt\u00fcs\u00fc"},"content":{"rendered":"","protected":false},"excerpt":{"rendered":"<p>Bask\u0131l\u0131 markal\u0131 masa \u00f6rt\u00fcs\u00fc, fuarlar, sergiler, konferanslar, \u00fcr\u00fcn lansmanlar\u0131 ve pazarlama etkinlikleri gibi etkinliklere kat\u0131lan her i\u015fletme i\u00e7in olmazsa olmaz bir tan\u0131t\u0131m arac\u0131d\u0131r. Standart bir masay\u0131, markan\u0131z\u0131n yo\u011fun etkinlik ortamlar\u0131nda \u00f6ne \u00e7\u0131kmas\u0131na yard\u0131mc\u0131 olan profesyonel ve g\u00f6rsel olarak \u00e7ekici bir sergileme alan\u0131na d\u00f6n\u00fc\u015ft\u00fcr\u00fcr. Polyester veya esnek spandeks gibi y\u00fcksek kaliteli, dayan\u0131kl\u0131 kuma\u015flardan \u00fcretilen bu masa \u00f6rt\u00fcleri hem i\u00e7 hem de d\u0131\u015f mekan kullan\u0131m\u0131 i\u00e7in tasarlanm\u0131\u015ft\u0131r.<\/p>\n<p>Tasar\u0131m genellikle logonuzu, marka renklerinizi, slogan\u0131n\u0131z\u0131 ve di\u011fer ilgili grafikleri i\u00e7erir ve boya s\u00fcblimasyonu veya dijital bask\u0131 teknikleri kullan\u0131larak tam renkli olarak bas\u0131l\u0131r. Bu, birden fazla y\u0131kamadan sonra bile solmaya kar\u015f\u0131 dayan\u0131kl\u0131, canl\u0131 ve uzun \u00f6m\u00fcrl\u00fc g\u00f6rseller sa\u011flar. Dar, gev\u015fek d\u00f6k\u00fcml\u00fc veya esnek kesim gibi \u00e7e\u015fitli stillerde mevcut olan markal\u0131 masa \u00f6rt\u00fcleri, 4 ft, 6 ft veya 8 ft gibi standart masa boyutlar\u0131na uyacak \u015fekilde \u00f6zelle\u015ftirilebilir veya benzersiz masa boyutlar\u0131na uyacak \u015fekilde uyarlanabilir.<\/p>\n<p>\u0130ster masa alt\u0131 saklama alan\u0131na kolay eri\u015fim i\u00e7in \u00fc\u00e7 tarafl\u0131 bir tasar\u0131m, ister cilal\u0131 360\u00b0 g\u00f6r\u00fcn\u00fcm i\u00e7in tam d\u00f6rt tarafl\u0131 bir \u00f6rt\u00fc se\u00e7in, markal\u0131 bir masa \u00f6rt\u00fcs\u00fc profesyonellik ve marka tutarl\u0131l\u0131\u011f\u0131 katar. Katlanmas\u0131, saklanmas\u0131 ve ta\u015f\u0131nmas\u0131 kolayd\u0131r, bu da onu d\u00fczenli olarak etkinliklere kat\u0131lan i\u015fletmeler i\u00e7in ideal hale getirir. Uygun fiyatl\u0131, yeniden kullan\u0131labilir ve etkili, bask\u0131l\u0131 markal\u0131 masa \u00f6rt\u00fcleri, herhangi bir etkinlikte marka varl\u0131\u011f\u0131n\u0131z\u0131 art\u0131rmak i\u00e7in ak\u0131ll\u0131ca bir yat\u0131r\u0131md\u0131r.<\/p>\n<div style=\"width: 1280px;\" class=\"wp-video\"><!--[if lt IE 9]><script>document.createElement('video');<\/script><![endif]--><br \/>\n<video class=\"wp-video-shortcode\" id=\"video-2620-1\" width=\"1280\" height=\"720\" preload=\"metadata\" controls=\"controls\"><source type=\"video\/mp4\" src=\"https:\/\/cmykprinted.com\/wp-content\/uploads\/2025\/05\/Printed-Branded-Tablecloth-for-Events.mp4?_=1\" \/><a href=\"https:\/\/cmykprinted.com\/wp-content\/uploads\/2025\/05\/Printed-Branded-Tablecloth-for-Events.mp4\">https:\/\/cmykprinted.com\/wp-content\/uploads\/2025\/05\/Printed-Branded-Tablecloth-for-Events.mp4<\/a><\/video><\/div>","protected":false},"featured_media":2626,"template":"","meta":{"_kad_post_transparent":"default","_kad_post_title":"hide","_kad_post_layout":"fullwidth","_kad_post_sidebar_id":"","_kad_post_content_style":"unboxed","_kad_post_vertical_padding":"hide","_kad_post_feature":"hide","_kad_post_feature_position":"","_kad_post_header":false,"_kad_post_footer":false},"product_cat":[80,81,83],"product_tag":[587,590,589,588],"class_list":{"0":"post-2620","1":"product","2":"type-product","3":"status-publish","4":"has-post-thumbnail","6":"product_cat-custom-tablecloth","7":"product_cat-custom-stretch-tablecloth","8":"product_cat-fitted-table-cover","9":"product_tag-branded-tablecloth-for-events","10":"product_tag-custom-branded-tablecloth-for-events","11":"product_tag-custom-printed-branded-tablecloth-f","12":"product_tag-printed-branded-tablecloth","14":"first","15":"instock","16":"shipping-taxable","17":"product-type-simple","18":"entry","19":"content-bg","20":"loop-entry"},"_links":{"self":[{"href":"https:\/\/cmykprinted.com\/tr\/wp-json\/wp\/v2\/product\/2620","targetHints":{"allow":["GET"]}}],"collection":[{"href":"https:\/\/cmykprinted.com\/tr\/wp-json\/wp\/v2\/product"}],"about":[{"href":"https:\/\/cmykprinted.com\/tr\/wp-json\/wp\/v2\/types\/product"}],"version-history":[{"count":1,"href":"https:\/\/cmykprinted.com\/tr\/wp-json\/wp\/v2\/product\/2620\/revisions"}],"predecessor-version":[{"id":2622,"href":"https:\/\/cmykprinted.com\/tr\/wp-json\/wp\/v2\/product\/2620\/revisions\/2622"}],"wp:featuredmedia":[{"embeddable":true,"href":"https:\/\/cmykprinted.com\/tr\/wp-json\/wp\/v2\/media\/2626"}],"wp:attachment":[{"href":"https:\/\/cmykprinted.com\/tr\/wp-json\/wp\/v2\/media?parent=2620"}],"wp:term":[{"taxonomy":"product_cat","embeddable":true,"href":"https:\/\/cmykprinted.com\/tr\/wp-json\/wp\/v2\/product_cat?post=2620"},{"taxonomy":"product_tag","embeddable":true,"href":"https:\/\/cmykprinted.com\/tr\/wp-json\/wp\/v2\/product_tag?post=2620"}],"curies":[{"name":"wp","href":"https:\/\/api.w.org\/{rel}","templated":true}]}}