{"id":2627,"date":"2025-05-28T03:20:18","date_gmt":"2025-05-28T03:20:18","guid":{"rendered":"https:\/\/cmykprinted.com\/?post_type=product&#038;p=2627"},"modified":"2025-05-28T03:22:18","modified_gmt":"2025-05-28T03:22:18","slug":"custom-branded-table-cloth-with-bottom-price","status":"publish","type":"product","link":"https:\/\/cmykprinted.com\/tr\/urun\/ozel-markali-masa-ortusu-en-dusuk-fiyatla\/","title":{"rendered":"Alt Fiyatl\u0131 \u00d6zel Markal\u0131 Masa \u00d6rt\u00fcs\u00fc"},"content":{"rendered":"","protected":false},"excerpt":{"rendered":"<p data-start=\"235\" data-end=\"483\">Markan\u0131z\u0131 etkinliklerde kaliteden \u00f6d\u00fcn vermeden sergilemenin uygun maliyetli bir yolunu mu ar\u0131yorsunuz? <strong data-start=\"335\" data-end=\"376\">Markal\u0131 Masa \u00d6rt\u00fcs\u00fc Alt Fiyatl\u0131<\/strong> B\u00fct\u00e7esine dikkat eden ancak yine de profesyonel bir izlenim b\u0131rakmak isteyen i\u015fletmeler i\u00e7in m\u00fckemmel bir \u00e7\u00f6z\u00fcmd\u00fcr.<\/p>\n<p data-start=\"485\" data-end=\"818\">\u0130ster fuarlarda sergiliyor olun, ister i\u015f fuarlar\u0131na kat\u0131l\u0131yor olun veya bir pop-up ma\u011faza i\u015fletiyor olun, bu masa \u00f6rt\u00fcs\u00fc kurulumunuza temiz, tutarl\u0131 ve markal\u0131 bir g\u00f6r\u00fcn\u00fcm katar. Dayan\u0131kl\u0131 polyester kuma\u015ftan \u00fcretilen bu masa \u00f6rt\u00fcs\u00fc hafiftir, k\u0131r\u0131\u015fmaz ve bak\u0131m\u0131 kolayd\u0131r; s\u0131k seyahat eden veya birden fazla etkinlikte kurulum yapan i\u015fletmeler i\u00e7in idealdir.<\/p>\n<p data-start=\"820\" data-end=\"1149\">Y\u00fcksek kaliteli s\u00fcblimasyon teknolojisi kullan\u0131larak bas\u0131lan logonuz ve marka renkleriniz keskin ve canl\u0131 g\u00f6r\u00fcn\u00fcr ve kalabal\u0131\u011f\u0131n aras\u0131ndan s\u0131yr\u0131lman\u0131za yard\u0131mc\u0131 olur. M\u00fcrekkep kuma\u015fa i\u015flenmi\u015ftir, bu nedenle tasar\u0131m y\u0131kand\u0131ktan sonra soyulmaz veya solmaz. Di\u011fer markal\u0131 te\u015fhir malzemelerinin maliyetinin \u00e7ok daha az\u0131na uzun \u00f6m\u00fcrl\u00fc bir promosyon varl\u0131\u011f\u0131 elde edersiniz.<\/p>\n<p data-start=\"1151\" data-end=\"1429\">Bu masa \u00f6rt\u00fcs\u00fc ihtiya\u00e7lar\u0131n\u0131za uyacak \u015fekilde birden fazla boyutta (4 ft, 6 ft, 8 ft) ve stilde (uygun, d\u00f6k\u00fcml\u00fc veya esnek) mevcuttur. Ayr\u0131ca kolay ta\u015f\u0131ma ve saklama i\u00e7in kompakt bir \u015fekilde katlanarak, k\u0131s\u0131tl\u0131 b\u00fct\u00e7eyle \u00e7al\u0131\u015fan k\u00fc\u00e7\u00fck i\u015fletmeler, yeni kurulan \u015firketler ve pazarlama ekipleri i\u00e7in m\u00fckemmel hale gelir.<\/p>\n<p data-start=\"1431\" data-end=\"1712\">K\u0131sacas\u0131, bu y\u00fcksek etkili markala\u015fma sa\u011flayan d\u00fc\u015f\u00fck maliyetli bir yat\u0131r\u0131md\u0131r. Birinci s\u0131n\u0131f bir ekran\u0131n g\u00f6r\u00fcn\u00fcm\u00fcn\u00fc, birinci s\u0131n\u0131f fiyat etiketi olmadan elde edin. E\u011fer pe\u015findeyseniz <strong data-start=\"1588\" data-end=\"1648\">m\u00fckemmel de\u011fer, g\u00fcvenilir kalite ve g\u00fc\u00e7l\u00fc marka varl\u0131\u011f\u0131<\/strong>, Alt Fiyatl\u0131 Markal\u0131 Masa \u00d6rt\u00fcm\u00fcz ak\u0131ll\u0131ca bir se\u00e7imdir.<\/p>\n<div style=\"width: 1280px;\" class=\"wp-video\"><!--[if lt IE 9]><script>document.createElement('video');<\/script><![endif]--><br \/>\n<video class=\"wp-video-shortcode\" id=\"video-2627-1\" width=\"1280\" height=\"720\" preload=\"metadata\" controls=\"controls\"><source type=\"video\/mp4\" src=\"https:\/\/cmykprinted.com\/wp-content\/uploads\/2025\/05\/Printed-Branded-Tablecloth-for-Events.mp4?_=1\" \/><a href=\"https:\/\/cmykprinted.com\/wp-content\/uploads\/2025\/05\/Printed-Branded-Tablecloth-for-Events.mp4\">https:\/\/cmykprinted.com\/wp-content\/uploads\/2025\/05\/Printed-Branded-Tablecloth-for-Events.mp4<\/a><\/video><\/div>","protected":false},"featured_media":2630,"template":"","meta":{"_kad_post_transparent":"default","_kad_post_title":"hide","_kad_post_layout":"fullwidth","_kad_post_sidebar_id":"","_kad_post_content_style":"unboxed","_kad_post_vertical_padding":"hide","_kad_post_feature":"hide","_kad_post_feature_position":"","_kad_post_header":false,"_kad_post_footer":false},"product_cat":[80,81,83],"product_tag":[592,591,593],"class_list":{"0":"post-2627","1":"product","2":"type-product","3":"status-publish","4":"has-post-thumbnail","6":"product_cat-custom-tablecloth","7":"product_cat-custom-stretch-tablecloth","8":"product_cat-fitted-table-cover","9":"product_tag-branded-table-cloth","10":"product_tag-branded-table-cloth-price","11":"product_tag-custom-branded-table-cloth","13":"first","14":"instock","15":"shipping-taxable","16":"product-type-simple","17":"entry","18":"content-bg","19":"loop-entry"},"_links":{"self":[{"href":"https:\/\/cmykprinted.com\/tr\/wp-json\/wp\/v2\/product\/2627","targetHints":{"allow":["GET"]}}],"collection":[{"href":"https:\/\/cmykprinted.com\/tr\/wp-json\/wp\/v2\/product"}],"about":[{"href":"https:\/\/cmykprinted.com\/tr\/wp-json\/wp\/v2\/types\/product"}],"version-history":[{"count":2,"href":"https:\/\/cmykprinted.com\/tr\/wp-json\/wp\/v2\/product\/2627\/revisions"}],"predecessor-version":[{"id":2633,"href":"https:\/\/cmykprinted.com\/tr\/wp-json\/wp\/v2\/product\/2627\/revisions\/2633"}],"wp:featuredmedia":[{"embeddable":true,"href":"https:\/\/cmykprinted.com\/tr\/wp-json\/wp\/v2\/media\/2630"}],"wp:attachment":[{"href":"https:\/\/cmykprinted.com\/tr\/wp-json\/wp\/v2\/media?parent=2627"}],"wp:term":[{"taxonomy":"product_cat","embeddable":true,"href":"https:\/\/cmykprinted.com\/tr\/wp-json\/wp\/v2\/product_cat?post=2627"},{"taxonomy":"product_tag","embeddable":true,"href":"https:\/\/cmykprinted.com\/tr\/wp-json\/wp\/v2\/product_tag?post=2627"}],"curies":[{"name":"wp","href":"https:\/\/api.w.org\/{rel}","templated":true}]}}