{"id":2634,"date":"2025-05-28T05:01:54","date_gmt":"2025-05-28T05:01:54","guid":{"rendered":"https:\/\/cmykprinted.com\/?post_type=product&#038;p=2634"},"modified":"2025-05-28T05:01:54","modified_gmt":"2025-05-28T05:01:54","slug":"custom-metal-transfer-logo-stickers-for-perfume-bottle","status":"publish","type":"product","link":"https:\/\/cmykprinted.com\/tr\/urun\/ozel-metal-transfer-logo-etiketleri-parfum-sisesi-icin\/","title":{"rendered":"Parf\u00fcm \u015ei\u015fesi \u0130\u00e7in \u00d6zel Metal Transfer Logo Etiketleri"},"content":{"rendered":"","protected":false},"excerpt":{"rendered":"<p>Parf\u00fcm \u015fi\u015feleri i\u00e7in \u00f6zel olarak tasarlanm\u0131\u015f premium \u00d6zel Metal Transfer Logo \u00c7\u0131kartmalar\u0131m\u0131zla \u00fcr\u00fcn\u00fcn\u00fcz\u00fcn zarafetini ve marka kimli\u011finizi geli\u015ftirin. Bu \u00fcst d\u00fczey metalik \u00e7\u0131kartmalar, ambalaj\u0131n\u0131z\u0131 an\u0131nda y\u00fckselten ve markan\u0131z\u0131n kalitesini yans\u0131tan l\u00fcks ve profesyonel bir y\u00fczey sunar.<\/p>\n<p>Geli\u015fmi\u015f transfer teknolojisi kullan\u0131larak \u00fcretilen bu \u00e7\u0131kartmalar, hassas detaylara sahip \u015f\u0131k bir metal y\u00fczeye sahiptir ve bu da onlar\u0131 logolar, marka adlar\u0131 veya dekoratif \u00f6\u011feler i\u00e7in ideal hale getirir. Transfer uygulamas\u0131, yaln\u0131zca metalik par\u00e7an\u0131n y\u00fczeye yap\u0131\u015fmas\u0131n\u0131 sa\u011flayarak arka plan veya yap\u0131\u015fkan kenarlar b\u0131rakmaz \u2014 do\u011frudan cam veya plastik \u015fi\u015fe \u00fczerinde kusursuz, kaz\u0131nm\u0131\u015f gibi bir g\u00f6r\u00fcn\u00fcm yarat\u0131r.<\/p>\n<p>Alt\u0131n, g\u00fcm\u00fc\u015f, g\u00fcl rengi alt\u0131n, mat siyah ve krom gibi \u00e7e\u015fitli y\u00fczeylerde mevcut olan metal logo \u00e7\u0131kartmalar\u0131m\u0131z, markan\u0131z\u0131n esteti\u011fine uyacak \u015fekilde \u00f6zelle\u015ftirilebilir. \u0130ster minimalist bir monogram ister karma\u015f\u0131k bir logo tasar\u0131m\u0131 tercih edin, \u00f6zel ihtiya\u00e7lar\u0131n\u0131z\u0131 kar\u015f\u0131lamak i\u00e7in \u00f6zel \u00e7\u00f6z\u00fcmler sunuyoruz.<\/p>\n<p>Bu \u00e7\u0131kartmalar sadece g\u00f6rsel olarak \u00e7ekici olmakla kalmaz, ayn\u0131 zamanda dayan\u0131kl\u0131d\u0131r; suya, ya\u011fa ve parf\u00fcme dayan\u0131kl\u0131d\u0131r ve markan\u0131z\u0131n zamanla bozulmadan kalmas\u0131n\u0131 sa\u011flar. L\u00fcks parf\u00fcm serileri, kozmetik \u00fcr\u00fcnleri veya \u00fcst d\u00fczey promosyon \u00fcr\u00fcnleri i\u00e7in m\u00fckemmeldir.<\/p>\n<p>Tasar\u0131m ekibimiz, markan\u0131z\u0131n kimli\u011fiyle uyumlu m\u00fckemmel logo \u00e7\u0131kartmas\u0131n\u0131 olu\u015fturmak i\u00e7in sizinle yak\u0131n bir \u015fekilde \u00e7al\u0131\u015facakt\u0131r. Toptan sipari\u015fler i\u00e7in MOQ ve toplu fiyatland\u0131rma mevcuttur.<\/p>\n<p>Ambalaj\u0131n\u0131z\u0131 zarafet ve ayr\u0131cal\u0131kla zenginle\u015ftirin; sofistike bir son dokunu\u015f i\u00e7in \u00d6zel Metal Transfer Logo \u00c7\u0131kartmalar\u0131m\u0131z\u0131 se\u00e7in.<\/p>\n<div style=\"width: 480px;\" class=\"wp-video\"><!--[if lt IE 9]><script>document.createElement('video');<\/script><![endif]--><br \/>\n<video class=\"wp-video-shortcode\" id=\"video-2634-1\" width=\"480\" height=\"480\" preload=\"metadata\" controls=\"controls\"><source type=\"video\/mp4\" src=\"https:\/\/cmykprinted.com\/wp-content\/uploads\/2025\/05\/Metal-Transfer-Logo-Stickers-For-Perfume-Bottle.mp4?_=1\" \/><a href=\"https:\/\/cmykprinted.com\/wp-content\/uploads\/2025\/05\/Metal-Transfer-Logo-Stickers-For-Perfume-Bottle.mp4\">https:\/\/cmykprinted.com\/wp-content\/uploads\/2025\/05\/Metal-Transfer-Logo-Stickers-For-Perfume-Bottle.mp4<\/a><\/video><\/div>","protected":false},"featured_media":2635,"template":"","meta":{"_kad_post_transparent":"default","_kad_post_title":"hide","_kad_post_layout":"fullwidth","_kad_post_sidebar_id":"","_kad_post_content_style":"unboxed","_kad_post_vertical_padding":"hide","_kad_post_feature":"hide","_kad_post_feature_position":"","_kad_post_header":false,"_kad_post_footer":false},"product_cat":[101,102],"product_tag":[596,594,595,597],"class_list":{"0":"post-2634","1":"product","2":"type-product","3":"status-publish","4":"has-post-thumbnail","6":"product_cat-transfer-stickers","7":"product_cat-metal-transfer-stickers","8":"product_tag-custom-metal-transfer-logo-stickers","9":"product_tag-logo-stickers-for-perfume-bottle","10":"product_tag-metal-transfer-logo-stickers","11":"product_tag-transfer-logo-stickers-for-perfume-bottle","13":"first","14":"instock","15":"shipping-taxable","16":"product-type-simple","17":"entry","18":"content-bg","19":"loop-entry"},"_links":{"self":[{"href":"https:\/\/cmykprinted.com\/tr\/wp-json\/wp\/v2\/product\/2634","targetHints":{"allow":["GET"]}}],"collection":[{"href":"https:\/\/cmykprinted.com\/tr\/wp-json\/wp\/v2\/product"}],"about":[{"href":"https:\/\/cmykprinted.com\/tr\/wp-json\/wp\/v2\/types\/product"}],"version-history":[{"count":1,"href":"https:\/\/cmykprinted.com\/tr\/wp-json\/wp\/v2\/product\/2634\/revisions"}],"predecessor-version":[{"id":2640,"href":"https:\/\/cmykprinted.com\/tr\/wp-json\/wp\/v2\/product\/2634\/revisions\/2640"}],"wp:featuredmedia":[{"embeddable":true,"href":"https:\/\/cmykprinted.com\/tr\/wp-json\/wp\/v2\/media\/2635"}],"wp:attachment":[{"href":"https:\/\/cmykprinted.com\/tr\/wp-json\/wp\/v2\/media?parent=2634"}],"wp:term":[{"taxonomy":"product_cat","embeddable":true,"href":"https:\/\/cmykprinted.com\/tr\/wp-json\/wp\/v2\/product_cat?post=2634"},{"taxonomy":"product_tag","embeddable":true,"href":"https:\/\/cmykprinted.com\/tr\/wp-json\/wp\/v2\/product_tag?post=2634"}],"curies":[{"name":"wp","href":"https:\/\/api.w.org\/{rel}","templated":true}]}}