{"id":2668,"date":"2025-06-06T04:34:33","date_gmt":"2025-06-06T04:34:33","guid":{"rendered":"https:\/\/cmykprinted.com\/?post_type=product&#038;p=2668"},"modified":"2025-06-06T05:55:38","modified_gmt":"2025-06-06T05:55:38","slug":"custom-made-canopy-tents-with-your-logo-printed","status":"publish","type":"product","link":"https:\/\/cmykprinted.com\/tr\/urun\/ozel-yapim-cadirlar-logonuzla-baskili\/","title":{"rendered":"Logonuz Bask\u0131l\u0131 \u00d6zel Yap\u0131m G\u00f6lgelik \u00c7ad\u0131rlar"},"content":{"rendered":"","protected":false},"excerpt":{"rendered":"<p>Y\u00fcksek kaliteli \u00f6zel g\u00f6lgelik \u00e7ad\u0131rlar\u0131m\u0131zla her etkinlikte \u00f6ne \u00e7\u0131k\u0131n. Markan\u0131z\u0131 sergilemek i\u00e7in tasarlanan \u00e7ad\u0131rlar\u0131m\u0131z, logonuzun, slogan\u0131n\u0131z\u0131n veya sanat eserinizin her taraf\u0131na tam renkli bask\u0131 \u00f6zelli\u011fine sahiptir. \u0130ster bir ticaret fuar\u0131na, festivale, pazara veya spor etkinli\u011fine kat\u0131l\u0131n, ki\u015fiselle\u015ftirilmi\u015f \u00e7ad\u0131rlar\u0131m\u0131z maksimum g\u00f6r\u00fcn\u00fcrl\u00fck ve profesyonel bir varl\u0131k sa\u011flar.<\/p>\n<p>Her \u00e7ad\u0131r, Avustralya iklimine dayanacak \u015fekilde \u00fcretilmi\u015f, dayan\u0131kl\u0131, hava ko\u015fullar\u0131na dayan\u0131kl\u0131 malzemelerden yap\u0131lm\u0131\u015ft\u0131r. \u0130htiya\u00e7lar\u0131n\u0131za uyacak \u015fekilde \u00e7e\u015fitli boyutlar, \u00e7er\u00e7eve mukavemetleri ve bask\u0131 se\u00e7enekleri aras\u0131ndan se\u00e7im yap\u0131n. A\u00e7\u0131l\u0131r tasar\u0131m, h\u0131zl\u0131 ve kolay kurulum sa\u011flar ve hem i\u00e7 hem de d\u0131\u015f mekan kullan\u0131m\u0131 i\u00e7in m\u00fckemmeldir.<\/p>\n<p>Solmayan canl\u0131, uzun \u00f6m\u00fcrl\u00fc renkler sa\u011flamak i\u00e7in en son bask\u0131 teknolojisini kullan\u0131yoruz. \u0130ste\u011fe ba\u011fl\u0131 eklentiler aras\u0131nda duvarlar, pankartlar, bayraklar ve ta\u015f\u0131ma \u00e7antalar\u0131 bulunur \u2014 hepsi tamamen \u00f6zelle\u015ftirilmi\u015ftir<\/p>\n<p>\u0130\u015fletmeler, okullar, k\u00e2r amac\u0131 g\u00fctmeyen kurulu\u015flar ve etkinlik organizat\u00f6rleri i\u00e7in m\u00fckemmel olan markal\u0131 g\u00f6lgelik \u00e7ad\u0131rlar\u0131m\u0131z, unutulmaz bir ilk izlenim yaratman\u0131za yard\u0131mc\u0131 olur.<\/p>\n<p>Markan\u0131z\u0131n parlamas\u0131n\u0131 sa\u011flay\u0131n \u2014 teklif veya \u00fccretsiz maket i\u00e7in bug\u00fcn bizimle ileti\u015fime ge\u00e7in.<\/p>\n<div style=\"width: 960px;\" class=\"wp-video\"><!--[if lt IE 9]><script>document.createElement('video');<\/script><![endif]--><br \/>\n<video class=\"wp-video-shortcode\" id=\"video-2668-1\" width=\"960\" height=\"544\" preload=\"metadata\" controls=\"controls\"><source type=\"video\/mp4\" src=\"https:\/\/cmykprinted.com\/wp-content\/uploads\/2024\/04\/digicel-tents.mp4?_=1\" \/><a href=\"https:\/\/cmykprinted.com\/wp-content\/uploads\/2024\/04\/digicel-tents.mp4\">https:\/\/cmykprinted.com\/wp-content\/uploads\/2024\/04\/digicel-tents.mp4<\/a><\/video><\/div>","protected":false},"featured_media":2677,"template":"","meta":{"_kad_post_transparent":"default","_kad_post_title":"hide","_kad_post_layout":"normal","_kad_post_sidebar_id":"","_kad_post_content_style":"unboxed","_kad_post_vertical_padding":"hide","_kad_post_feature":"hide","_kad_post_feature_position":"","_kad_post_header":false,"_kad_post_footer":false},"product_cat":[68,76,74],"product_tag":[605,604,606],"class_list":{"0":"post-2668","1":"product","2":"type-product","3":"status-publish","4":"has-post-thumbnail","6":"product_cat-custom-canopy-tents","7":"product_cat-10x15ft-pop-up-tents-50mm-heavy-duty-hexagon-aluminum-tents-custom-canopy-tents","8":"product_cat-50mm-heavy-duty-hexagon-aluminum-tents","9":"product_tag-custom-canopy-tents-with-logo","10":"product_tag-custom-made-canopy-tents","11":"product_tag-custom-printed-canopy-tents","13":"first","14":"instock","15":"shipping-taxable","16":"product-type-simple","17":"entry","18":"content-bg","19":"loop-entry"},"_links":{"self":[{"href":"https:\/\/cmykprinted.com\/tr\/wp-json\/wp\/v2\/product\/2668","targetHints":{"allow":["GET"]}}],"collection":[{"href":"https:\/\/cmykprinted.com\/tr\/wp-json\/wp\/v2\/product"}],"about":[{"href":"https:\/\/cmykprinted.com\/tr\/wp-json\/wp\/v2\/types\/product"}],"version-history":[{"count":1,"href":"https:\/\/cmykprinted.com\/tr\/wp-json\/wp\/v2\/product\/2668\/revisions"}],"predecessor-version":[{"id":2671,"href":"https:\/\/cmykprinted.com\/tr\/wp-json\/wp\/v2\/product\/2668\/revisions\/2671"}],"wp:featuredmedia":[{"embeddable":true,"href":"https:\/\/cmykprinted.com\/tr\/wp-json\/wp\/v2\/media\/2677"}],"wp:attachment":[{"href":"https:\/\/cmykprinted.com\/tr\/wp-json\/wp\/v2\/media?parent=2668"}],"wp:term":[{"taxonomy":"product_cat","embeddable":true,"href":"https:\/\/cmykprinted.com\/tr\/wp-json\/wp\/v2\/product_cat?post=2668"},{"taxonomy":"product_tag","embeddable":true,"href":"https:\/\/cmykprinted.com\/tr\/wp-json\/wp\/v2\/product_tag?post=2668"}],"curies":[{"name":"wp","href":"https:\/\/api.w.org\/{rel}","templated":true}]}}