{"id":2678,"date":"2025-06-09T08:44:00","date_gmt":"2025-06-09T08:44:00","guid":{"rendered":"https:\/\/cmykprinted.com\/?post_type=product&#038;p=2678"},"modified":"2025-06-09T08:44:00","modified_gmt":"2025-06-09T08:44:00","slug":"outdoor-marketing-flags-supplier-best-price-with-48-hours-turnaround","status":"publish","type":"product","link":"https:\/\/cmykprinted.com\/tr\/urun\/dis-mekan-reklam-bayraklari-tedarikcisi-en-iyi-fiyatla-48-saatte-teslimat\/","title":{"rendered":"A\u00e7\u0131k Hava Pazarlama Bayraklar\u0131 Tedarik\u00e7isi En \u0130yi Fiyat 48 Saatlik Teslimat S\u00fcresi"},"content":{"rendered":"","protected":false},"excerpt":{"rendered":"<p>H\u0131zl\u0131 tempolu reklam d\u00fcnyas\u0131nda, dikkat \u00e7ekmek her \u015feydir. \u0130ster b\u00fcy\u00fck bir a\u00e7\u0131l\u0131\u015f\u0131 tan\u0131t\u0131yor olun, ister bir sat\u0131\u015f duyurusu yap\u0131yor olun, ister bir ticaret fuar\u0131na kat\u0131l\u0131yor olun veya sadece kalabal\u0131k bir caddede \u00f6ne \u00e7\u0131kmaya \u00e7al\u0131\u015f\u0131yor olun, \u00f6zel a\u00e7\u0131k hava pazarlama t\u00fcy bayraklar\u0131 her \u00f6l\u00e7ekteki i\u015fletme i\u00e7in olmazsa olmaz ve etkili bir tan\u0131t\u0131m arac\u0131 haline gelmi\u015ftir. Bu dikkat \u00e7ekici pankartlar r\u00fczgarda dalgalanarak dinamik hareket ve g\u00f6r\u00fcn\u00fcrl\u00fck yarat\u0131r ve mesaj\u0131n\u0131z\u0131n y\u00fcksek ve net bir \u015fekilde g\u00f6r\u00fclmesini sa\u011flar.<\/p>\n<p>Bu rehberde, a\u00e7\u0131k hava pazarlamas\u0131nda kullan\u0131lan t\u00fcyl\u00fc bayraklar hakk\u0131nda bilmeniz gereken her \u015feyi inceleyece\u011fiz: Bunlar nedir, neden i\u015fe yarar, etkili bir \u015fekilde nas\u0131l tasarlan\u0131r ve nerede ve ne zaman kullan\u0131l\u0131r.<\/p>\n<p>\u00d6zel a\u00e7\u0131k hava t\u00fcy bayraklar\u0131, modern pazarlamac\u0131lar i\u00e7in ak\u0131ll\u0131, \u015f\u0131k ve \u00f6l\u00e7eklenebilir bir \u00e7\u00f6z\u00fcmd\u00fcr. Hareket, y\u00fckseklik, renk ve uygun fiyatl\u0131l\u0131klar\u0131n\u0131n birle\u015fimi, onlar\u0131 g\u00fcn\u00fcm\u00fczde mevcut en etkili reklam ara\u00e7lar\u0131ndan biri yapar. \u0130ster bir hafta sonu indirimi i\u00e7in tek bir bayra\u011fa, ister b\u00fcy\u00fck \u00f6l\u00e7ekli bir kampanya i\u00e7in bir bayrak filosuna ihtiyac\u0131n\u0131z olsun, \u00f6zel t\u00fcy bayraklara yat\u0131r\u0131m yapmak, dikkatleri \u00fczerinize \u00e7ekmek ve trafi\u011fi m\u00fc\u015fterilere d\u00f6n\u00fc\u015ft\u00fcrmek i\u00e7in kan\u0131tlanm\u0131\u015f bir stratejidir.<\/p>\n<p>Do\u011fru tasar\u0131m, kaliteli malzemeler ve stratejik yerle\u015fimle t\u00fcyl\u00fc bayra\u011f\u0131n\u0131z, ya\u011fmurda veya g\u00fcne\u015fte, her g\u00fcn i\u015finiz i\u00e7in \u00e7al\u0131\u015facakt\u0131r.<\/p>\n<p>&nbsp;<\/p>","protected":false},"featured_media":2679,"template":"","meta":{"_kad_post_transparent":"default","_kad_post_title":"hide","_kad_post_layout":"fullwidth","_kad_post_sidebar_id":"","_kad_post_content_style":"unboxed","_kad_post_vertical_padding":"hide","_kad_post_feature":"hide","_kad_post_feature_position":"","_kad_post_header":false,"_kad_post_footer":false},"product_cat":[64,65],"product_tag":[609,610,607,608],"class_list":{"0":"post-2678","1":"product","2":"type-product","3":"status-publish","4":"has-post-thumbnail","6":"product_cat-beach-flags","7":"product_cat-feather-flags-banners","8":"product_tag-outdoor-flags","9":"product_tag-outdoor-flags-with-best-price","10":"product_tag-outdoor-marketing-flags","11":"product_tag-outdoor-marketing-flags-supplier","13":"first","14":"instock","15":"shipping-taxable","16":"product-type-simple","17":"entry","18":"content-bg","19":"loop-entry"},"_links":{"self":[{"href":"https:\/\/cmykprinted.com\/tr\/wp-json\/wp\/v2\/product\/2678","targetHints":{"allow":["GET"]}}],"collection":[{"href":"https:\/\/cmykprinted.com\/tr\/wp-json\/wp\/v2\/product"}],"about":[{"href":"https:\/\/cmykprinted.com\/tr\/wp-json\/wp\/v2\/types\/product"}],"version-history":[{"count":1,"href":"https:\/\/cmykprinted.com\/tr\/wp-json\/wp\/v2\/product\/2678\/revisions"}],"predecessor-version":[{"id":2684,"href":"https:\/\/cmykprinted.com\/tr\/wp-json\/wp\/v2\/product\/2678\/revisions\/2684"}],"wp:featuredmedia":[{"embeddable":true,"href":"https:\/\/cmykprinted.com\/tr\/wp-json\/wp\/v2\/media\/2679"}],"wp:attachment":[{"href":"https:\/\/cmykprinted.com\/tr\/wp-json\/wp\/v2\/media?parent=2678"}],"wp:term":[{"taxonomy":"product_cat","embeddable":true,"href":"https:\/\/cmykprinted.com\/tr\/wp-json\/wp\/v2\/product_cat?post=2678"},{"taxonomy":"product_tag","embeddable":true,"href":"https:\/\/cmykprinted.com\/tr\/wp-json\/wp\/v2\/product_tag?post=2678"}],"curies":[{"name":"wp","href":"https:\/\/api.w.org\/{rel}","templated":true}]}}