{"id":2686,"date":"2025-06-14T12:05:03","date_gmt":"2025-06-14T12:05:03","guid":{"rendered":"https:\/\/cmykprinted.com\/?post_type=product&#038;p=2686"},"modified":"2025-06-14T12:58:32","modified_gmt":"2025-06-14T12:58:32","slug":"factory-with-best-quality-custom-canopy-tent-10x15","status":"publish","type":"product","link":"https:\/\/cmykprinted.com\/tr\/urun\/en-iyi-kaliteye-sahip-ozel-tente-cadir-fabrikasi-10x15\/","title":{"rendered":"En \u0130yi Kalite \u00d6zel G\u00f6lgelik \u00c7ad\u0131r 10\u00d715 ile Fabrika"},"content":{"rendered":"","protected":false},"excerpt":{"rendered":"<p>Marka varl\u0131\u011f\u0131n\u0131z\u0131 y\u00fckseltmek i\u00e7in m\u00fckemmel bir a\u00e7\u0131k hava \u00e7\u00f6z\u00fcm\u00fc m\u00fc ar\u0131yorsunuz? 10\u00d715 \u00f6zel g\u00f6lgelik \u00e7ad\u0131rlar\u0131m\u0131z, en y\u00fcksek kaliteli malzemeler ve hassas \u00fcretimle profesyonel d\u00fczeydeki fabrikam\u0131zda \u00fcretilmi\u015ftir. \u0130ster bir ticaret fuar\u0131nda, a\u00e7\u0131k hava pazar\u0131nda, festivalde, spor etkinli\u011finde veya promosyon etkinli\u011finde i\u015finizi sergileyin, bu \u00e7ad\u0131r e\u015fsiz dayan\u0131kl\u0131l\u0131k, i\u015flevsellik ve stil sunar.<\/p>\n<p>Su ge\u00e7irmez, UV \u0131\u015f\u0131nlar\u0131na dayan\u0131kl\u0131 ve yang\u0131n geciktirici \u00f6zelliklere sahip a\u011f\u0131r hizmet tipi 600D polyesterden \u00fcretilen tente \u00fcstlerimiz her t\u00fcrl\u00fc hava ko\u015fuluna dayanacak \u015fekilde tasarlanm\u0131\u015ft\u0131r. Sa\u011flam al\u00fcminyum veya \u00e7elik \u00e7er\u00e7eveler uzun \u00f6m\u00fcrl\u00fc destek sa\u011flar ve sadece birka\u00e7 dakika i\u00e7inde kurulumu kolayd\u0131r. Her ayr\u0131nt\u0131y\u0131 \u00f6zelle\u015ftirin; canl\u0131, solmaya dayan\u0131kl\u0131 sonu\u00e7lar sa\u011flayan geli\u015fmi\u015f boya s\u00fcblimasyon bask\u0131s\u0131n\u0131 kullanarak tam renkli logonuzu, marka mesaj\u0131n\u0131z\u0131 veya y\u00fcksek etkili g\u00f6rsellerinizi ekleyin.<\/p>\n<p>Fabrikadan do\u011frudan fiyatland\u0131rma, h\u0131zl\u0131 teslimat s\u00fcreleri ve d\u00fcnya \u00e7ap\u0131nda nakliye ile sadece bir \u00e7ad\u0131r alm\u0131yorsunuz; performans g\u00f6stermek i\u00e7in \u00fcretilmi\u015f y\u00fcksek g\u00f6r\u00fcn\u00fcrl\u00fckl\u00fc bir pazarlama arac\u0131 al\u0131yorsunuz. En iyi kalitede 10\u00d715 \u00f6zel g\u00f6lgelik \u00e7ad\u0131r\u0131m\u0131zla her kalabal\u0131\u011f\u0131n aras\u0131ndan s\u0131yr\u0131l\u0131n.<\/p>","protected":false},"featured_media":2690,"template":"","meta":{"_kad_post_transparent":"default","_kad_post_title":"hide","_kad_post_layout":"normal","_kad_post_sidebar_id":"","_kad_post_content_style":"unboxed","_kad_post_vertical_padding":"hide","_kad_post_feature":"hide","_kad_post_feature_position":"","_kad_post_header":false,"_kad_post_footer":false},"product_cat":[68,76,74],"product_tag":[612,613,611],"class_list":{"0":"post-2686","1":"product","2":"type-product","3":"status-publish","4":"has-post-thumbnail","6":"product_cat-custom-canopy-tents","7":"product_cat-10x15ft-pop-up-tents-50mm-heavy-duty-hexagon-aluminum-tents-custom-canopy-tents","8":"product_cat-50mm-heavy-duty-hexagon-aluminum-tents","9":"product_tag-best-quality-custom-canopy-tent","10":"product_tag-canopy-tent-10x15","11":"product_tag-custom-canopy-tent-10x15","13":"first","14":"instock","15":"shipping-taxable","16":"product-type-simple","17":"entry","18":"content-bg","19":"loop-entry"},"_links":{"self":[{"href":"https:\/\/cmykprinted.com\/tr\/wp-json\/wp\/v2\/product\/2686","targetHints":{"allow":["GET"]}}],"collection":[{"href":"https:\/\/cmykprinted.com\/tr\/wp-json\/wp\/v2\/product"}],"about":[{"href":"https:\/\/cmykprinted.com\/tr\/wp-json\/wp\/v2\/types\/product"}],"version-history":[{"count":1,"href":"https:\/\/cmykprinted.com\/tr\/wp-json\/wp\/v2\/product\/2686\/revisions"}],"predecessor-version":[{"id":2688,"href":"https:\/\/cmykprinted.com\/tr\/wp-json\/wp\/v2\/product\/2686\/revisions\/2688"}],"wp:featuredmedia":[{"embeddable":true,"href":"https:\/\/cmykprinted.com\/tr\/wp-json\/wp\/v2\/media\/2690"}],"wp:attachment":[{"href":"https:\/\/cmykprinted.com\/tr\/wp-json\/wp\/v2\/media?parent=2686"}],"wp:term":[{"taxonomy":"product_cat","embeddable":true,"href":"https:\/\/cmykprinted.com\/tr\/wp-json\/wp\/v2\/product_cat?post=2686"},{"taxonomy":"product_tag","embeddable":true,"href":"https:\/\/cmykprinted.com\/tr\/wp-json\/wp\/v2\/product_tag?post=2686"}],"curies":[{"name":"wp","href":"https:\/\/api.w.org\/{rel}","templated":true}]}}