{"id":2705,"date":"2025-06-18T08:15:16","date_gmt":"2025-06-18T08:15:16","guid":{"rendered":"https:\/\/cmykprinted.com\/?post_type=product&#038;p=2705"},"modified":"2025-06-23T02:43:20","modified_gmt":"2025-06-23T02:43:20","slug":"3d-metal-transfer-stickers","status":"publish","type":"product","link":"https:\/\/cmykprinted.com\/tr\/urun\/kendi-eserinizle-ozellestirilmis-3d-metal-transfer-etiketler\/","title":{"rendered":"Kendi-eserinizle-\u00f6zelle\u015ftirilmi\u015f-3D-metal-transfer-etiketler"},"content":{"rendered":"","protected":false},"excerpt":{"rendered":"<p>Markan\u0131z\u0131 \u00d6zel 3D Metal Transfer Etiketlerle \u00d6ne \u00c7\u0131kar\u0131n \u2013 Sizin Taraf\u0131n\u0131zdan Tasarland\u0131, Etkileyici Hale Getirildi<\/p>\n<p>\u00dcr\u00fcnlerinize, ambalajlar\u0131n\u0131za veya promosyon \u00fcr\u00fcnlerinize kendi sanat eserlerinizi i\u00e7eren \u00d6zel 3D Metal Transfer Etiketleri ile birinci s\u0131n\u0131f, g\u00f6z al\u0131c\u0131 bir g\u00f6r\u00fcn\u00fcm kazand\u0131r\u0131n. Bu \u015f\u0131k, metalik amblemler, markan\u0131z\u0131 an\u0131nda y\u00fckselten \u00fcst d\u00fczey, profesyonel bir g\u00f6r\u00fcn\u00fcm sunar. \u0130ster diz\u00fcst\u00fc bilgisayarlara, elektronik cihazlara, otomotiv par\u00e7alar\u0131na veya perakende mallar\u0131na uygulay\u0131n, bu metal \u00e7\u0131kartmalar kalite ve tasar\u0131m\u0131n cesur bir ifadesini olu\u015fturur.<\/p>\n<p>Krom, f\u0131r\u00e7alanm\u0131\u015f al\u00fcminyum veya paslanmaz \u00e7elik gibi dayan\u0131kl\u0131, hava ko\u015fullar\u0131na dayan\u0131kl\u0131 malzemeler kullan\u0131larak \u00fcretilen 3D \u00e7\u0131kartmalar\u0131m\u0131z yaln\u0131zca g\u00f6r\u00fcn\u00fcm i\u00e7in de\u011fil, uzun \u00f6m\u00fcrl\u00fc olacak \u015fekilde \u00fcretilmi\u015ftir. Her par\u00e7a hassas bir \u015fekilde kesilmi\u015ftir ve g\u00fc\u00e7l\u00fc bir yap\u0131\u015ft\u0131r\u0131c\u0131 ve kolay soyulan transfer filmiyle birlikte gelir, b\u00f6ylece her seferinde kabarc\u0131ks\u0131z, da\u011f\u0131n\u0131kl\u0131k yaratmayan bir uygulama sa\u011flan\u0131r.<\/p>\n<p>Minimum sipari\u015f yok. H\u0131zl\u0131 teslimat. \u00dccretsiz dijital maketler. Bug\u00fcn logonuzu veya \u00f6zel tasar\u0131m\u0131n\u0131z\u0131 g\u00f6nderin ve yarat\u0131c\u0131 vizyonunuzu y\u00fcksek etkili metalik bir ger\u00e7e\u011fe d\u00f6n\u00fc\u015ft\u00fcr\u00fcn.<\/p>\n<div style=\"width: 726px;\" class=\"wp-video\"><!--[if lt IE 9]><script>document.createElement('video');<\/script><![endif]--><br \/>\n<video class=\"wp-video-shortcode\" id=\"video-2705-1\" width=\"726\" height=\"720\" preload=\"metadata\" controls=\"controls\"><source type=\"video\/mp4\" src=\"https:\/\/cmykprinted.com\/wp-content\/uploads\/2025\/06\/3d-Metal-Transfer-Stickers.mp4?_=1\" \/><a href=\"https:\/\/cmykprinted.com\/wp-content\/uploads\/2025\/06\/3d-Metal-Transfer-Stickers.mp4\">https:\/\/cmykprinted.com\/wp-content\/uploads\/2025\/06\/3d-Metal-Transfer-Stickers.mp4<\/a><\/video><\/div>","protected":false},"featured_media":2711,"template":"","meta":{"_kad_post_transparent":"default","_kad_post_title":"hide","_kad_post_layout":"fullwidth","_kad_post_sidebar_id":"","_kad_post_content_style":"unboxed","_kad_post_vertical_padding":"hide","_kad_post_feature":"hide","_kad_post_feature_position":"","_kad_post_header":false,"_kad_post_footer":false},"product_cat":[101,102],"product_tag":[299,618,617,616],"class_list":{"0":"post-2705","1":"product","2":"type-product","3":"status-publish","4":"has-post-thumbnail","6":"product_cat-transfer-stickers","7":"product_cat-metal-transfer-stickers","8":"product_tag-3d-metal-transfer-stickers","9":"product_tag-custom-3d-metal-transfer-stickers","10":"product_tag-metallic-transfer-sticker","11":"product_tag-transfer-sticker","13":"first","14":"instock","15":"shipping-taxable","16":"product-type-simple","17":"entry","18":"content-bg","19":"loop-entry"},"_links":{"self":[{"href":"https:\/\/cmykprinted.com\/tr\/wp-json\/wp\/v2\/product\/2705","targetHints":{"allow":["GET"]}}],"collection":[{"href":"https:\/\/cmykprinted.com\/tr\/wp-json\/wp\/v2\/product"}],"about":[{"href":"https:\/\/cmykprinted.com\/tr\/wp-json\/wp\/v2\/types\/product"}],"version-history":[{"count":1,"href":"https:\/\/cmykprinted.com\/tr\/wp-json\/wp\/v2\/product\/2705\/revisions"}],"predecessor-version":[{"id":2714,"href":"https:\/\/cmykprinted.com\/tr\/wp-json\/wp\/v2\/product\/2705\/revisions\/2714"}],"wp:featuredmedia":[{"embeddable":true,"href":"https:\/\/cmykprinted.com\/tr\/wp-json\/wp\/v2\/media\/2711"}],"wp:attachment":[{"href":"https:\/\/cmykprinted.com\/tr\/wp-json\/wp\/v2\/media?parent=2705"}],"wp:term":[{"taxonomy":"product_cat","embeddable":true,"href":"https:\/\/cmykprinted.com\/tr\/wp-json\/wp\/v2\/product_cat?post=2705"},{"taxonomy":"product_tag","embeddable":true,"href":"https:\/\/cmykprinted.com\/tr\/wp-json\/wp\/v2\/product_tag?post=2705"}],"curies":[{"name":"wp","href":"https:\/\/api.w.org\/{rel}","templated":true}]}}