{"id":2716,"date":"2025-06-23T02:33:41","date_gmt":"2025-06-23T02:33:41","guid":{"rendered":"https:\/\/cmykprinted.com\/?post_type=product&#038;p=2716"},"modified":"2025-06-23T02:33:41","modified_gmt":"2025-06-23T02:33:41","slug":"logo-transfer-stickers","status":"publish","type":"product","link":"https:\/\/cmykprinted.com\/tr\/urun\/logo-transfer-etiketleri\/","title":{"rendered":"\u00d6zel Metal Nikel Logo Transfer Etiketleri \u00c7in Yap\u0131m\u0131"},"content":{"rendered":"","protected":false},"excerpt":{"rendered":"<p>Markan\u0131z\u0131n \u015f\u0131k, \u00fcst d\u00fczey bir y\u00fczeyle \u00f6ne \u00e7\u0131kmas\u0131n\u0131 m\u0131 istiyorsunuz? \u00d6zel Metal Nikel Logo Transfer \u00c7\u0131kartmalar\u0131m\u0131z, kalite, dayan\u0131kl\u0131l\u0131k ve g\u00f6rsel etki talep eden i\u015fletmeler i\u00e7in m\u00fckemmel bir \u00e7\u00f6z\u00fcmd\u00fcr. \u00c7in&#039;de geli\u015fmi\u015f elektroform teknolojisi kullan\u0131larak \u00fcretilen bu \u00e7\u0131kartmalar, g\u00fcm\u00fc\u015f, alt\u0131n, mat, parlak veya f\u0131r\u00e7alanm\u0131\u015f dokularda mevcut olan \u00e7arp\u0131c\u0131 bir metalik y\u00fczeye sahip ultra ince, hafif nikel malzemeye sahiptir.<\/p>\n<p>Diz\u00fcst\u00fc bilgisayarlar, elektronik cihazlar, ambalajlar, cihazlar, promosyon \u00fcr\u00fcnleri, kozmetik ambalaj \u015fi\u015feleri, parf\u00fcm \u015fi\u015feleri, mum ambalaj kutular\u0131 ve daha fazlas\u0131 i\u00e7in ideal olan bu transfer \u00e7\u0131kartmalar\u0131, g\u00fc\u00e7l\u00fc yap\u0131\u015fkan arka y\u00fczey ve da\u011f\u0131n\u0131k kal\u0131nt\u0131 b\u0131rakmadan kolayca uygulan\u0131r. Her logo, herhangi bir p\u00fcr\u00fczs\u00fcz y\u00fczeyde temiz ve profesyonel bir g\u00f6r\u00fcn\u00fcm sa\u011flayan net ayr\u0131nt\u0131larla \u00f6zel olarak kesilir.<\/p>\n<p>Minimum sipari\u015f miktarlar\u0131 d\u00fc\u015f\u00fckt\u00fcr, toplu al\u0131m indirimleri mevcuttur ve h\u0131zl\u0131 k\u00fcresel g\u00f6nderim zaman\u0131nda teslimat\u0131 garanti eder. \u0130ster yeni kurulan bir \u015firket olun ister k\u00f6kl\u00fc bir marka, g\u00fcvenebilece\u011finiz \u00c7in yap\u0131m\u0131 kaliteyi se\u00e7in: rafine, uygun fiyatl\u0131 ve etkilemek i\u00e7in \u00fcretilmi\u015f.<\/p>\n<div style=\"width: 726px;\" class=\"wp-video\"><!--[if lt IE 9]><script>document.createElement('video');<\/script><![endif]--><br \/>\n<video class=\"wp-video-shortcode\" id=\"video-2716-1\" width=\"726\" height=\"720\" preload=\"metadata\" controls=\"controls\"><source type=\"video\/mp4\" src=\"https:\/\/cmykprinted.com\/wp-content\/uploads\/2025\/06\/3d-Metal-Transfer-Stickers.mp4?_=1\" \/><a href=\"https:\/\/cmykprinted.com\/wp-content\/uploads\/2025\/06\/3d-Metal-Transfer-Stickers.mp4\">https:\/\/cmykprinted.com\/wp-content\/uploads\/2025\/06\/3d-Metal-Transfer-Stickers.mp4<\/a><\/video><\/div>","protected":false},"featured_media":2717,"template":"","meta":{"_kad_post_transparent":"default","_kad_post_title":"hide","_kad_post_layout":"fullwidth","_kad_post_sidebar_id":"","_kad_post_content_style":"unboxed","_kad_post_vertical_padding":"hide","_kad_post_feature":"hide","_kad_post_feature_position":"","_kad_post_header":false,"_kad_post_footer":false},"product_cat":[101,102],"product_tag":[620,619,621],"class_list":{"0":"post-2716","1":"product","2":"type-product","3":"status-publish","4":"has-post-thumbnail","6":"product_cat-transfer-stickers","7":"product_cat-metal-transfer-stickers","8":"product_tag-custom-logo-transfer-stickers","9":"product_tag-logo-transfer-stickers","10":"product_tag-metal-nickle-logo-transfer-stickers","12":"first","13":"instock","14":"shipping-taxable","15":"product-type-simple","16":"entry","17":"content-bg","18":"loop-entry"},"_links":{"self":[{"href":"https:\/\/cmykprinted.com\/tr\/wp-json\/wp\/v2\/product\/2716","targetHints":{"allow":["GET"]}}],"collection":[{"href":"https:\/\/cmykprinted.com\/tr\/wp-json\/wp\/v2\/product"}],"about":[{"href":"https:\/\/cmykprinted.com\/tr\/wp-json\/wp\/v2\/types\/product"}],"version-history":[{"count":1,"href":"https:\/\/cmykprinted.com\/tr\/wp-json\/wp\/v2\/product\/2716\/revisions"}],"predecessor-version":[{"id":2722,"href":"https:\/\/cmykprinted.com\/tr\/wp-json\/wp\/v2\/product\/2716\/revisions\/2722"}],"wp:featuredmedia":[{"embeddable":true,"href":"https:\/\/cmykprinted.com\/tr\/wp-json\/wp\/v2\/media\/2717"}],"wp:attachment":[{"href":"https:\/\/cmykprinted.com\/tr\/wp-json\/wp\/v2\/media?parent=2716"}],"wp:term":[{"taxonomy":"product_cat","embeddable":true,"href":"https:\/\/cmykprinted.com\/tr\/wp-json\/wp\/v2\/product_cat?post=2716"},{"taxonomy":"product_tag","embeddable":true,"href":"https:\/\/cmykprinted.com\/tr\/wp-json\/wp\/v2\/product_tag?post=2716"}],"curies":[{"name":"wp","href":"https:\/\/api.w.org\/{rel}","templated":true}]}}