{"id":2723,"date":"2025-06-27T03:53:26","date_gmt":"2025-06-27T03:53:26","guid":{"rendered":"https:\/\/cmykprinted.com\/?post_type=product&#038;p=2723"},"modified":"2025-06-27T06:33:48","modified_gmt":"2025-06-27T06:33:48","slug":"custom-made-football-flags","status":"publish","type":"product","link":"https:\/\/cmykprinted.com\/tr\/urun\/ozel-yapim-futbol-bayraklari\/","title":{"rendered":"B\u00fcy\u00fck Boy \u00d6zel Yap\u0131m Futbol Bayraklar\u0131 Afi\u015fleri Ucuz Fiyata"},"content":{"rendered":"","protected":false},"excerpt":{"rendered":"<p>Futbol gururunuzu b\u00fcy\u00fck bir \u015fekilde sergilemek mi istiyorsunuz? B\u00fcy\u00fck Boy \u00d6zel Yap\u0131m Futbol Bayraklar\u0131 Afi\u015flerimiz, g\u00fc\u00e7l\u00fc bir ifade olu\u015fturmak isteyen tutkulu taraftarlar, kul\u00fcpler veya etkinlik organizat\u00f6rleri i\u00e7in m\u00fckemmel bir \u00e7\u00f6z\u00fcmd\u00fcr. Birinci s\u0131n\u0131f, dayan\u0131kl\u0131 polyester kuma\u015ftan \u00fcretilen bu afi\u015fler, d\u0131\u015f mekan unsurlar\u0131na dayan\u0131r ve mevsimden mevsime canl\u0131l\u0131\u011f\u0131n\u0131 korur.<\/p>\n<p>Tam \u00f6zelle\u015ftirme sunuyoruz: Tak\u0131m renklerinizi, logolar\u0131n\u0131z\u0131, sloganlar\u0131n\u0131z\u0131 ve futbol ruhunuzu ger\u00e7ekten yans\u0131tan bayraklar yaratmak i\u00e7in benzersiz bir tasar\u0131m se\u00e7in. \u0130ster stadyumlar\u0131, taraftar alanlar\u0131n\u0131, spor barlar\u0131n\u0131 veya a\u00e7\u0131k hava etkinliklerini dekore ediyor olun, y\u00fcksek \u00e7\u00f6z\u00fcn\u00fcrl\u00fckl\u00fc bask\u0131m\u0131z kalabal\u0131\u011f\u0131n aras\u0131ndan s\u0131yr\u0131lan keskin grafikler ve g\u00f6z al\u0131c\u0131 renkler sa\u011flar.<\/p>\n<p>Etkileyici boyutlar\u0131na ve kalitelerine ra\u011fmen, t\u00fcm b\u00fct\u00e7elere uygun olduk\u00e7a rekabet\u00e7i fiyatlar garanti ediyoruz ve bu da turnuvalar, ligler veya promosyon kampanyalar\u0131 i\u00e7in toplu sipari\u015f vermeyi her zamankinden daha kolay hale getiriyor. H\u0131zl\u0131 teslimat ve d\u00fcnya \u00e7ap\u0131nda g\u00f6nderim, nerede olursan\u0131z olun pankartlar\u0131n\u0131z\u0131 zaman\u0131nda alaca\u011f\u0131n\u0131z anlam\u0131na geliyor.<\/p>\n<p>S\u0131radan olanla yetinmeyin. B\u00fcy\u00fck Boy \u00d6zel Yap\u0131m Futbol Spor Bayraklar\u0131 Afi\u015flerimizle tak\u0131m\u0131n\u0131z\u0131n tutkusunu y\u00fcksek sesle ve gururla g\u00f6sterin - birinci s\u0131n\u0131f kalite, birinci s\u0131n\u0131f fiyat olmadan!<\/p>\n<div style=\"width: 854px;\" class=\"wp-video\"><!--[if lt IE 9]><script>document.createElement('video');<\/script><![endif]--><br \/>\n<video class=\"wp-video-shortcode\" id=\"video-2723-1\" width=\"854\" height=\"480\" preload=\"metadata\" controls=\"controls\"><source type=\"video\/mp4\" src=\"https:\/\/cmykprinted.com\/wp-content\/uploads\/2025\/06\/Large-Flag-Banner-for-Football-Events.mp4?_=1\" \/><a href=\"https:\/\/cmykprinted.com\/wp-content\/uploads\/2025\/06\/Large-Flag-Banner-for-Football-Events.mp4\">https:\/\/cmykprinted.com\/wp-content\/uploads\/2025\/06\/Large-Flag-Banner-for-Football-Events.mp4<\/a><\/video><\/div>","protected":false},"featured_media":2724,"template":"","meta":{"_kad_post_transparent":"default","_kad_post_title":"hide","_kad_post_layout":"fullwidth","_kad_post_sidebar_id":"","_kad_post_content_style":"unboxed","_kad_post_vertical_padding":"hide","_kad_post_feature":"hide","_kad_post_feature_position":"","_kad_post_header":false,"_kad_post_footer":false},"product_cat":[79],"product_tag":[625,622,626,624,623],"class_list":{"0":"post-2723","1":"product","2":"type-product","3":"status-publish","4":"has-post-thumbnail","6":"product_cat-custom-flags","7":"product_tag-custom-football-flags","8":"product_tag-custom-made-football-flags","9":"product_tag-custom-made-sports-flags","10":"product_tag-large-size-flags","11":"product_tag-sports-flags-banners","13":"first","14":"instock","15":"shipping-taxable","16":"product-type-simple","17":"entry","18":"content-bg","19":"loop-entry"},"_links":{"self":[{"href":"https:\/\/cmykprinted.com\/tr\/wp-json\/wp\/v2\/product\/2723","targetHints":{"allow":["GET"]}}],"collection":[{"href":"https:\/\/cmykprinted.com\/tr\/wp-json\/wp\/v2\/product"}],"about":[{"href":"https:\/\/cmykprinted.com\/tr\/wp-json\/wp\/v2\/types\/product"}],"version-history":[{"count":5,"href":"https:\/\/cmykprinted.com\/tr\/wp-json\/wp\/v2\/product\/2723\/revisions"}],"predecessor-version":[{"id":2743,"href":"https:\/\/cmykprinted.com\/tr\/wp-json\/wp\/v2\/product\/2723\/revisions\/2743"}],"wp:featuredmedia":[{"embeddable":true,"href":"https:\/\/cmykprinted.com\/tr\/wp-json\/wp\/v2\/media\/2724"}],"wp:attachment":[{"href":"https:\/\/cmykprinted.com\/tr\/wp-json\/wp\/v2\/media?parent=2723"}],"wp:term":[{"taxonomy":"product_cat","embeddable":true,"href":"https:\/\/cmykprinted.com\/tr\/wp-json\/wp\/v2\/product_cat?post=2723"},{"taxonomy":"product_tag","embeddable":true,"href":"https:\/\/cmykprinted.com\/tr\/wp-json\/wp\/v2\/product_tag?post=2723"}],"curies":[{"name":"wp","href":"https:\/\/api.w.org\/{rel}","templated":true}]}}