{"id":2738,"date":"2025-06-27T06:28:32","date_gmt":"2025-06-27T06:28:32","guid":{"rendered":"https:\/\/cmykprinted.com\/?post_type=product&#038;p=2738"},"modified":"2025-06-27T06:28:33","modified_gmt":"2025-06-27T06:28:33","slug":"business-flags","status":"publish","type":"product","link":"https:\/\/cmykprinted.com\/tr\/urun\/is-bayraklari\/","title":{"rendered":"24 Saat Teslimat S\u00fcreli \u00d6zel Damla \u0130\u015f Bayraklar\u0131"},"content":{"rendered":"","protected":false},"excerpt":{"rendered":"<p><strong>\u00d6zel Damla \u0130\u015f Bayraklar\u0131yla An\u0131nda \u00d6ne \u00c7\u0131k\u0131n \u2013 Sadece 24 Saat \u0130\u00e7inde Teslim!<\/strong><\/p>\n<p>\u0130\u015fletmenizin h\u0131zla dikkat \u00e7ekmesini mi istiyorsunuz? \u00d6zel Damla \u0130\u015f Bayraklar\u0131m\u0131z, markan\u0131z\u0131, promosyonlar\u0131n\u0131z\u0131 veya etkinliklerinizi sergilemek i\u00e7in m\u00fckemmel y\u00fcksek etkili \u00e7\u00f6z\u00fcmd\u00fcr. Maksimum g\u00f6r\u00fcn\u00fcrl\u00fck i\u00e7in tasarlanan bu bayraklar, her y\u00f6nden g\u00f6zleri \u00e7eken, g\u00fczelce dalgalanan \u015f\u0131k ve modern bir \u015fekle sahiptir.<\/p>\n<p>Logolar\u0131n\u0131z\u0131n, sloganlar\u0131n\u0131z\u0131n ve grafiklerinizin canl\u0131 ve profesyonel g\u00f6r\u00fcnmesini sa\u011flayarak birinci s\u0131n\u0131f polyester kuma\u015f \u00fczerine tam renkli, y\u00fcksek \u00e7\u00f6z\u00fcn\u00fcrl\u00fckl\u00fc bask\u0131 sunuyoruz. Birden fazla boyut se\u00e7ene\u011fiyle, ma\u011faza vitrininize, fuar stand\u0131n\u0131za, a\u00e7\u0131k hava etkinli\u011finize veya yol kenar\u0131 serginize uygun m\u00fckemmel y\u00fcksekli\u011fi ve geni\u015fli\u011fi se\u00e7ebilirsiniz.<\/p>\n<p>En iyisi, kaliteyi feda etmeden s\u0131k\u0131 teslim tarihlerine uyabilmeniz i\u00e7in rakipsiz 24 saatlik bir teslim hizmeti sunuyoruz. Tasar\u0131m onay\u0131ndan \u00fcretime kadar, ak\u0131c\u0131 s\u00fcrecimiz bayraklar\u0131n\u0131z\u0131n h\u0131zl\u0131 bir \u015fekilde g\u00f6nderilmesini sa\u011flayarak gecikmeden f\u0131rsatlar\u0131 yakalaman\u0131za yard\u0131mc\u0131 olur.<\/p>\n<p>Uygun fiyatland\u0131rma, dayan\u0131kl\u0131 malzemeler ve kolay montaj, \u00d6zel Damla \u0130\u015fletme Bayraklar\u0131m\u0131z\u0131, cesur bir izlenim b\u0131rakmaya haz\u0131r her i\u015fletme i\u00e7in nihai pazarlama arac\u0131 haline getirir - h\u0131zl\u0131!<\/p>\n<div style=\"width: 1290px;\" class=\"wp-video\"><!--[if lt IE 9]><script>document.createElement('video');<\/script><![endif]--><br \/>\n<video class=\"wp-video-shortcode\" id=\"video-2738-1\" width=\"1290\" height=\"726\" poster=\"https:\/\/cmykprinted.com\/wp-content\/uploads\/2023\/10\/Wholesale-Teardrop-Flags-1026002.jpg\" preload=\"metadata\" controls=\"controls\"><source type=\"video\/mp4\" src=\"https:\/\/cmykprinted.com\/wp-content\/uploads\/2023\/10\/Wholesale-Teardrop-Flags.mp4?_=1\" \/><a href=\"https:\/\/cmykprinted.com\/wp-content\/uploads\/2023\/10\/Wholesale-Teardrop-Flags.mp4\">https:\/\/cmykprinted.com\/wp-content\/uploads\/2023\/10\/Wholesale-Teardrop-Flags.mp4<\/a><\/video><\/div>","protected":false},"featured_media":2741,"template":"","meta":{"_kad_post_transparent":"default","_kad_post_title":"hide","_kad_post_layout":"fullwidth","_kad_post_sidebar_id":"","_kad_post_content_style":"unboxed","_kad_post_vertical_padding":"hide","_kad_post_feature":"hide","_kad_post_feature_position":"","_kad_post_header":false,"_kad_post_footer":false},"product_cat":[64,67],"product_tag":[627,629,628],"class_list":{"0":"post-2738","1":"product","2":"type-product","3":"status-publish","4":"has-post-thumbnail","6":"product_cat-beach-flags","7":"product_cat-teardrop-flags-banners","8":"product_tag-business-flags","9":"product_tag-custom-business-flags","10":"product_tag-teardrop-business-flags","12":"first","13":"instock","14":"shipping-taxable","15":"product-type-simple","16":"entry","17":"content-bg","18":"loop-entry"},"_links":{"self":[{"href":"https:\/\/cmykprinted.com\/tr\/wp-json\/wp\/v2\/product\/2738","targetHints":{"allow":["GET"]}}],"collection":[{"href":"https:\/\/cmykprinted.com\/tr\/wp-json\/wp\/v2\/product"}],"about":[{"href":"https:\/\/cmykprinted.com\/tr\/wp-json\/wp\/v2\/types\/product"}],"version-history":[{"count":1,"href":"https:\/\/cmykprinted.com\/tr\/wp-json\/wp\/v2\/product\/2738\/revisions"}],"predecessor-version":[{"id":2742,"href":"https:\/\/cmykprinted.com\/tr\/wp-json\/wp\/v2\/product\/2738\/revisions\/2742"}],"wp:featuredmedia":[{"embeddable":true,"href":"https:\/\/cmykprinted.com\/tr\/wp-json\/wp\/v2\/media\/2741"}],"wp:attachment":[{"href":"https:\/\/cmykprinted.com\/tr\/wp-json\/wp\/v2\/media?parent=2738"}],"wp:term":[{"taxonomy":"product_cat","embeddable":true,"href":"https:\/\/cmykprinted.com\/tr\/wp-json\/wp\/v2\/product_cat?post=2738"},{"taxonomy":"product_tag","embeddable":true,"href":"https:\/\/cmykprinted.com\/tr\/wp-json\/wp\/v2\/product_tag?post=2738"}],"curies":[{"name":"wp","href":"https:\/\/api.w.org\/{rel}","templated":true}]}}