{"id":2745,"date":"2025-07-01T12:15:17","date_gmt":"2025-07-01T12:15:17","guid":{"rendered":"https:\/\/cmykprinted.com\/?post_type=product&#038;p=2745"},"modified":"2025-07-01T12:35:43","modified_gmt":"2025-07-01T12:35:43","slug":"display-signs-for-trade-shows","status":"publish","type":"product","link":"https:\/\/cmykprinted.com\/tr\/urun\/fuarlar-icin-sergi-levhalari\/","title":{"rendered":"Fuarlar i\u00e7in 48 Saatlik Teslimat S\u00fcresiyle \u00d6zel Kuma\u015fl\u0131 Ekran Tabelalar\u0131"},"content":{"rendered":"","protected":false},"excerpt":{"rendered":"<p>Canl\u0131 g\u00f6rseller ve profesyonel etki sunmak i\u00e7in tasarlanm\u0131\u015f \u00f6zel kuma\u015f te\u015fhir tabelalar\u0131m\u0131zla markan\u0131z\u0131 fuarlarda \u00f6ne \u00e7\u0131kar\u0131n. Geli\u015fmi\u015f \u00fcretim tesisimizde \u00fcretilen bu te\u015fhir standlar\u0131, 250 gsm polyester gibi birinci s\u0131n\u0131f kuma\u015flar \u00fczerine y\u00fcksek \u00e7\u00f6z\u00fcn\u00fcrl\u00fckl\u00fc boya s\u00fcblimasyon bask\u0131 \u00f6zelli\u011fiyle parlak renkler ve k\u0131r\u0131\u015fmaya dayan\u0131kl\u0131 performans sa\u011flar.<\/p>\n<p>Fuarlar i\u00e7in \u00f6zel kuma\u015f te\u015fhir tabelalar\u0131ndan as\u0131l\u0131 pankartlara ve masa \u00fcst\u00fc te\u015fhirlere kadar, stand tasar\u0131m\u0131n\u0131za uyacak \u015fekilde \u00e7ok \u00e7e\u015fitli \u00f6zelle\u015ftirilebilir boyut ve \u015fekiller sunuyoruz. Hafif ve montaj\u0131 kolay olan kuma\u015f tabelalar\u0131m\u0131z, h\u0131zl\u0131 kurulum ve ta\u015f\u0131ma i\u00e7in idealdir ve yo\u011fun etkinlikler s\u0131ras\u0131nda size zaman ve emek kazand\u0131r\u0131r.<\/p>\n<p>Kaliteyi feda etmeden ger\u00e7ek fabrika do\u011frudan fiyatland\u0131rmas\u0131n\u0131n tad\u0131n\u0131 \u00e7\u0131kar\u0131n. Tek bir te\u015fhir stand\u0131na veya toplu \u00fcretime ihtiyac\u0131n\u0131z olsun, rekabet\u00e7i fiyatlar, h\u0131zl\u0131 teslimat s\u00fcreleri ve d\u00fcnya \u00e7ap\u0131nda nakliye garantisi veriyoruz. Her fuarda dikkat \u00e7eken ve kal\u0131c\u0131 izlenimler sunan \u00f6zel kuma\u015f te\u015fhir tabelalar\u0131yla markan\u0131z\u0131 tan\u0131t\u0131n!<\/p>\n<div style=\"width: 720px;\" class=\"wp-video\"><!--[if lt IE 9]><script>document.createElement('video');<\/script><![endif]--><br \/>\n<video class=\"wp-video-shortcode\" id=\"video-2745-1\" width=\"720\" height=\"1280\" preload=\"metadata\" controls=\"controls\"><source type=\"video\/mp4\" src=\"https:\/\/cmykprinted.com\/wp-content\/uploads\/2025\/07\/Instruction-Installation-Custom-Pillowcase-Backdrop.mp4?_=1\" \/><a href=\"https:\/\/cmykprinted.com\/wp-content\/uploads\/2025\/07\/Instruction-Installation-Custom-Pillowcase-Backdrop.mp4\">https:\/\/cmykprinted.com\/wp-content\/uploads\/2025\/07\/Instruction-Installation-Custom-Pillowcase-Backdrop.mp4<\/a><\/video><\/div>\n<p>&nbsp;<\/p>","protected":false},"featured_media":2751,"template":"","meta":{"_kad_post_transparent":"default","_kad_post_title":"hide","_kad_post_layout":"fullwidth","_kad_post_sidebar_id":"","_kad_post_content_style":"unboxed","_kad_post_vertical_padding":"hide","_kad_post_feature":"hide","_kad_post_feature_position":"","_kad_post_header":false,"_kad_post_footer":false},"product_cat":[97,99],"product_tag":[632,630,631],"class_list":{"0":"post-2745","1":"product","2":"type-product","3":"status-publish","4":"has-post-thumbnail","6":"product_cat-tension-fabric-displays","7":"product_cat-custom-fabric-displays","8":"product_tag-custom-fabric-display-signs","9":"product_tag-display-signs-for-trade-shows","10":"product_tag-fabric-display-signs","12":"first","13":"instock","14":"shipping-taxable","15":"product-type-simple","16":"entry","17":"content-bg","18":"loop-entry"},"_links":{"self":[{"href":"https:\/\/cmykprinted.com\/tr\/wp-json\/wp\/v2\/product\/2745","targetHints":{"allow":["GET"]}}],"collection":[{"href":"https:\/\/cmykprinted.com\/tr\/wp-json\/wp\/v2\/product"}],"about":[{"href":"https:\/\/cmykprinted.com\/tr\/wp-json\/wp\/v2\/types\/product"}],"version-history":[{"count":1,"href":"https:\/\/cmykprinted.com\/tr\/wp-json\/wp\/v2\/product\/2745\/revisions"}],"predecessor-version":[{"id":2756,"href":"https:\/\/cmykprinted.com\/tr\/wp-json\/wp\/v2\/product\/2745\/revisions\/2756"}],"wp:featuredmedia":[{"embeddable":true,"href":"https:\/\/cmykprinted.com\/tr\/wp-json\/wp\/v2\/media\/2751"}],"wp:attachment":[{"href":"https:\/\/cmykprinted.com\/tr\/wp-json\/wp\/v2\/media?parent=2745"}],"wp:term":[{"taxonomy":"product_cat","embeddable":true,"href":"https:\/\/cmykprinted.com\/tr\/wp-json\/wp\/v2\/product_cat?post=2745"},{"taxonomy":"product_tag","embeddable":true,"href":"https:\/\/cmykprinted.com\/tr\/wp-json\/wp\/v2\/product_tag?post=2745"}],"curies":[{"name":"wp","href":"https:\/\/api.w.org\/{rel}","templated":true}]}}