{"id":2767,"date":"2025-07-03T07:12:11","date_gmt":"2025-07-03T07:12:11","guid":{"rendered":"https:\/\/cmykprinted.com\/?post_type=product&#038;p=2767"},"modified":"2025-07-03T07:55:11","modified_gmt":"2025-07-03T07:55:11","slug":"banner-with-velcro","status":"publish","type":"product","link":"https:\/\/cmykprinted.com\/tr\/urun\/velcro-lu-afis\/","title":{"rendered":"Velcro \u00d6zel Arka Plan Afi\u015fi - Daha D\u00fc\u015f\u00fck Fiyat"},"content":{"rendered":"","protected":false},"excerpt":{"rendered":"<p>Kullan\u0131\u015fl\u0131 Velcro ba\u011flant\u0131s\u0131na sahip \u00d6zel Arka Plan Afi\u015fimizle g\u00f6z al\u0131c\u0131 bir sergi yarat\u0131n! Kolayl\u0131k ve \u00e7ok y\u00f6nl\u00fcl\u00fck i\u00e7in tasarlanan bu Velcro&#039;lu arka plan afi\u015fi, fuarlar, foto\u011fraf kabinleri, bas\u0131n toplant\u0131lar\u0131, perakende alanlar\u0131 ve \u00f6zel etkinlikler i\u00e7in m\u00fckemmeldir. Y\u00fcksek kaliteli, dayan\u0131kl\u0131 kuma\u015ftan veya vinilden \u00fcretilen bu afi\u015f, markan\u0131z\u0131, mesaj\u0131n\u0131z\u0131 veya sanat eserinizi \u00e7arp\u0131c\u0131 ayr\u0131nt\u0131larla sergileyen canl\u0131, tam renkli bask\u0131 sunar.<\/p>\n<p>Kenarlardaki Velcro \u015feritleri, \u00e7er\u00e7eveler veya stantlarla h\u0131zl\u0131 kurulum ve kusursuz hizalama sa\u011flayarak grafikleri alet kullanmadan zahmetsizce de\u011fi\u015ftirmenize olanak tan\u0131r. Alan\u0131n\u0131za uyacak \u015fekilde \u00e7e\u015fitli boyutlarda mevcut olan \u00f6zel arka plan afi\u015fimiz hafif, ta\u015f\u0131nabilir ve ta\u015f\u0131nmas\u0131 kolayd\u0131r. \u0130ster i\u00e7 mekanda ister d\u0131\u015f mekanda kullan\u0131ls\u0131n, canl\u0131 renklerini ve net g\u00f6rsellerini korur. Hem pratik hem de g\u00f6rsel olarak etkili bir arka plan \u00e7\u00f6z\u00fcm\u00fcyle profesyonel bir izlenim b\u0131rak\u0131n ve pazarlaman\u0131z\u0131 y\u00fckseltin. Vizyonunuzu bug\u00fcn Velcro&#039;lu \u00d6zel Arka Plan Afi\u015fimizle ger\u00e7e\u011fe d\u00f6n\u00fc\u015ft\u00fcr\u00fcn!<\/p>\n<div style=\"width: 1290px;\" class=\"wp-video\"><!--[if lt IE 9]><script>document.createElement('video');<\/script><![endif]--><br \/>\n<video class=\"wp-video-shortcode\" id=\"video-2767-1\" width=\"1290\" height=\"726\" loop autoplay preload=\"auto\" controls=\"controls\"><source type=\"video\/mp4\" src=\"http:\/\/cmykprinted.com\/wp-content\/uploads\/2022\/12\/vinyl-PVC-banners.mp4?_=1\" \/><a href=\"http:\/\/cmykprinted.com\/wp-content\/uploads\/2022\/12\/vinyl-PVC-banners.mp4\">http:\/\/cmykprinted.com\/wp-content\/uploads\/2022\/12\/vinyl-PVC-banners.mp4<\/a><\/video><\/div>\n<p>&nbsp;<\/p>","protected":false},"featured_media":2772,"template":"","meta":{"_kad_post_transparent":"default","_kad_post_title":"hide","_kad_post_layout":"fullwidth","_kad_post_sidebar_id":"","_kad_post_content_style":"unboxed","_kad_post_vertical_padding":"hide","_kad_post_feature":"hide","_kad_post_feature_position":"","_kad_post_header":false,"_kad_post_footer":false},"product_cat":[85,90,91,89],"product_tag":[637,638],"class_list":{"0":"post-2767","1":"product","2":"type-product","3":"status-publish","4":"has-post-thumbnail","6":"product_cat-outdoor-vinyl-banners","7":"product_cat-glossy-pvc-banners","8":"product_cat-matte-vinyl-banners","9":"product_cat-pvc-banners","10":"product_tag-banner-with-velcro","11":"product_tag-custom-backdrop-banner","13":"first","14":"instock","15":"shipping-taxable","16":"product-type-simple","17":"entry","18":"content-bg","19":"loop-entry"},"_links":{"self":[{"href":"https:\/\/cmykprinted.com\/tr\/wp-json\/wp\/v2\/product\/2767","targetHints":{"allow":["GET"]}}],"collection":[{"href":"https:\/\/cmykprinted.com\/tr\/wp-json\/wp\/v2\/product"}],"about":[{"href":"https:\/\/cmykprinted.com\/tr\/wp-json\/wp\/v2\/types\/product"}],"version-history":[{"count":1,"href":"https:\/\/cmykprinted.com\/tr\/wp-json\/wp\/v2\/product\/2767\/revisions"}],"predecessor-version":[{"id":2775,"href":"https:\/\/cmykprinted.com\/tr\/wp-json\/wp\/v2\/product\/2767\/revisions\/2775"}],"wp:featuredmedia":[{"embeddable":true,"href":"https:\/\/cmykprinted.com\/tr\/wp-json\/wp\/v2\/media\/2772"}],"wp:attachment":[{"href":"https:\/\/cmykprinted.com\/tr\/wp-json\/wp\/v2\/media?parent=2767"}],"wp:term":[{"taxonomy":"product_cat","embeddable":true,"href":"https:\/\/cmykprinted.com\/tr\/wp-json\/wp\/v2\/product_cat?post=2767"},{"taxonomy":"product_tag","embeddable":true,"href":"https:\/\/cmykprinted.com\/tr\/wp-json\/wp\/v2\/product_tag?post=2767"}],"curies":[{"name":"wp","href":"https:\/\/api.w.org\/{rel}","templated":true}]}}