{"id":2784,"date":"2025-07-07T02:32:54","date_gmt":"2025-07-07T02:32:54","guid":{"rendered":"https:\/\/cmykprinted.com\/?post_type=product&#038;p=2784"},"modified":"2025-07-07T02:35:29","modified_gmt":"2025-07-07T02:35:29","slug":"street-light-pole-banner","status":"publish","type":"product","link":"https:\/\/cmykprinted.com\/tr\/urun\/sokak-lamba-diregi-afisi\/","title":{"rendered":"Ucuz Fiyat Sokak Lambas\u0131 Dire\u011fi Afi\u015fi Braketli"},"content":{"rendered":"","protected":false},"excerpt":{"rendered":"<p>Markan\u0131z\u0131 sergilemek, etkinlikleri tan\u0131tmak veya \u015fehir sokaklar\u0131n\u0131 dekore etmek i\u00e7in b\u00fct\u00e7e dostu ancak etkili bir yol mu ar\u0131yorsunuz? Braketli Ucuz Fiyatl\u0131 Sokak Lambas\u0131 Dire\u011fi Afi\u015flerimiz m\u00fckemmel bir \u00e7\u00f6z\u00fcmd\u00fcr.<\/p>\n<p>A\u011f\u0131r hizmet tipi vinil veya polyester kuma\u015f gibi dayan\u0131kl\u0131, hava ko\u015fullar\u0131na dayan\u0131kl\u0131 malzemelerden \u00fcretilen bu pankartlar, g\u00fcne\u015fe, ya\u011fmura ve r\u00fczgara dayan\u0131kl\u0131 canl\u0131, uzun \u00f6m\u00fcrl\u00fc bask\u0131lar sa\u011flar. Her set, \u00e7e\u015fitli direk boyutlar\u0131na g\u00fcvenli ve kolay kurulum i\u00e7in sa\u011flam braketlerle birlikte gelir ve bunlar\u0131 sokaklar, otoparklar, kamp\u00fcsler, al\u0131\u015fveri\u015f b\u00f6lgeleri ve daha fazlas\u0131 i\u00e7in ideal hale getirir.<\/p>\n<p>Temel \u00d6zellikler:<br \/>\n1.Maliyet Etkin Pazarlama \u2013 Uygun fiyata y\u00fcksek g\u00f6r\u00fcn\u00fcrl\u00fck.<\/p>\n<p>2.\u00d6zel Bask\u0131 \u2013 Benzersiz mesaj\u0131n\u0131z\u0131 veya markan\u0131z\u0131 vurgulayan tam renkli grafikler.<\/p>\n<p>3.Dayan\u0131kl\u0131 Malzemeler \u2013 Uzun s\u00fcreli kullan\u0131mlarda d\u0131\u015f mekan ko\u015fullar\u0131na dayanacak \u015fekilde tasarlanm\u0131\u015ft\u0131r.<\/p>\n<p>4. Kolay Kurulum \u2013 H\u0131zl\u0131 montaj i\u00e7in g\u00fcvenilir braketler i\u00e7erir.<\/p>\n<p>5. \u00c7ok Y\u00f6nl\u00fc Uygulamalar \u2013 Mevsimsel promosyonlar, festivaller, toplumsal gurur ve i\u015fletme reklamlar\u0131 i\u00e7in m\u00fckemmeldir.<\/p>\n<p>B\u00fct\u00e7e k\u0131s\u0131tlamalar\u0131n\u0131n g\u00f6r\u00fcn\u00fcrl\u00fc\u011f\u00fcn\u00fcz\u00fc s\u0131n\u0131rlamas\u0131na izin vermeyin. Ucuz Fiyatl\u0131 Parantezli Sokak Lambas\u0131 Dire\u011fi Afi\u015flerimizle, fazla harcama yapmadan dikkat \u00e7ekebilir ve mesaj\u0131n\u0131z\u0131 g\u00fc\u00e7lendirebilirsiniz. \u00d6zel boyutlar, tasar\u0131mlar ve \u00fccretsiz bir teklif i\u00e7in bug\u00fcn bizimle ileti\u015fime ge\u00e7in!<\/p>\n<figure id=\"attachment_2785\" aria-describedby=\"caption-attachment-2785\" style=\"width: 1000px\" class=\"wp-caption alignnone\"><img fetchpriority=\"high\" decoding=\"async\" class=\"size-full wp-image-2785\" src=\"https:\/\/cmykprinted.com\/wp-content\/uploads\/2025\/07\/Street-Light-Pole-Banner.jpg\" alt=\"Sokak Lambas\u0131 Dire\u011fi Afi\u015fi\" width=\"1000\" height=\"560\" srcset=\"https:\/\/cmykprinted.com\/wp-content\/uploads\/2025\/07\/Street-Light-Pole-Banner.jpg 1000w, https:\/\/cmykprinted.com\/wp-content\/uploads\/2025\/07\/Street-Light-Pole-Banner-300x168.jpg 300w, https:\/\/cmykprinted.com\/wp-content\/uploads\/2025\/07\/Street-Light-Pole-Banner-768x430.jpg 768w, https:\/\/cmykprinted.com\/wp-content\/uploads\/2025\/07\/Street-Light-Pole-Banner-18x10.jpg 18w, https:\/\/cmykprinted.com\/wp-content\/uploads\/2025\/07\/Street-Light-Pole-Banner-600x336.jpg 600w\" sizes=\"(max-width: 1000px) 100vw, 1000px\" \/><figcaption id=\"caption-attachment-2785\" class=\"wp-caption-text\">Sokak Lambas\u0131 Dire\u011fi Afi\u015fi<\/figcaption><\/figure>\n<p>&nbsp;<\/p>","protected":false},"featured_media":2786,"template":"","meta":{"_kad_post_transparent":"default","_kad_post_title":"hide","_kad_post_layout":"fullwidth","_kad_post_sidebar_id":"","_kad_post_content_style":"unboxed","_kad_post_vertical_padding":"hide","_kad_post_feature":"hide","_kad_post_feature_position":"","_kad_post_header":false,"_kad_post_footer":false},"product_cat":[85,90,91,89],"product_tag":[642,641],"class_list":{"0":"post-2784","1":"product","2":"type-product","3":"status-publish","4":"has-post-thumbnail","6":"product_cat-outdoor-vinyl-banners","7":"product_cat-glossy-pvc-banners","8":"product_cat-matte-vinyl-banners","9":"product_cat-pvc-banners","10":"product_tag-light-pole-banner-with-brackets","11":"product_tag-street-light-pole-banner","13":"first","14":"instock","15":"shipping-taxable","16":"product-type-simple","17":"entry","18":"content-bg","19":"loop-entry"},"_links":{"self":[{"href":"https:\/\/cmykprinted.com\/tr\/wp-json\/wp\/v2\/product\/2784","targetHints":{"allow":["GET"]}}],"collection":[{"href":"https:\/\/cmykprinted.com\/tr\/wp-json\/wp\/v2\/product"}],"about":[{"href":"https:\/\/cmykprinted.com\/tr\/wp-json\/wp\/v2\/types\/product"}],"version-history":[{"count":1,"href":"https:\/\/cmykprinted.com\/tr\/wp-json\/wp\/v2\/product\/2784\/revisions"}],"predecessor-version":[{"id":2789,"href":"https:\/\/cmykprinted.com\/tr\/wp-json\/wp\/v2\/product\/2784\/revisions\/2789"}],"wp:featuredmedia":[{"embeddable":true,"href":"https:\/\/cmykprinted.com\/tr\/wp-json\/wp\/v2\/media\/2786"}],"wp:attachment":[{"href":"https:\/\/cmykprinted.com\/tr\/wp-json\/wp\/v2\/media?parent=2784"}],"wp:term":[{"taxonomy":"product_cat","embeddable":true,"href":"https:\/\/cmykprinted.com\/tr\/wp-json\/wp\/v2\/product_cat?post=2784"},{"taxonomy":"product_tag","embeddable":true,"href":"https:\/\/cmykprinted.com\/tr\/wp-json\/wp\/v2\/product_tag?post=2784"}],"curies":[{"name":"wp","href":"https:\/\/api.w.org\/{rel}","templated":true}]}}