{"id":2790,"date":"2025-07-07T09:16:58","date_gmt":"2025-07-07T09:16:58","guid":{"rendered":"https:\/\/cmykprinted.com\/?post_type=product&#038;p=2790"},"modified":"2025-07-08T00:21:16","modified_gmt":"2025-07-08T00:21:16","slug":"double-sided-vinyl-banners","status":"publish","type":"product","link":"https:\/\/cmykprinted.com\/tr\/urun\/cift-tarafli-vinil-afisler\/","title":{"rendered":"18 oz \u00c7ift Tarafl\u0131 Vinil Afi\u015fler 11$"},"content":{"rendered":"","protected":false},"excerpt":{"rendered":"<p>Pazarlama ve tan\u0131t\u0131m\u0131n dinamik d\u00fcnyas\u0131nda, cesur bir ifade olu\u015fturmak ve dikkat \u00e7ekmek \u00e7ok \u00f6nemlidir. 18 oz \u00c7ift Tarafl\u0131 Vinil Afi\u015flerimizle tan\u0131\u015f\u0131n - silinmez bir iz b\u0131rakmak isteyen i\u015fletmeler, etkinlikler ve bireyler i\u00e7in nihai \u00e7\u00f6z\u00fcm.<\/p>\n<p>Hassasiyetle haz\u0131rlanan ve m\u00fckemmellik i\u00e7in tasarlanan bu pankartlar sadece vinil par\u00e7alar\u0131 de\u011fil; mesaj\u0131n\u0131z\u0131 yeni zirvelere ta\u015f\u0131mak i\u00e7in tasarlanm\u0131\u015f g\u00fc\u00e7l\u00fc ara\u00e7lard\u0131r.<\/p>\n<p>18 oz \u00c7ift Tarafl\u0131 Vinil Afi\u015flerimizin \u00f6z\u00fcnde ola\u011fan\u00fcst\u00fc bir dayan\u0131kl\u0131l\u0131k seviyesi vard\u0131r. Y\u00fcksek kaliteli, dayan\u0131kl\u0131 vinil malzemeden \u00fcretilen bu afi\u015fler, en sert hava ko\u015fullar\u0131na dayanacak \u015fekilde \u00fcretilmi\u015ftir. Kavurucu g\u00fcne\u015f, sa\u011fanak ya\u011fmur, kuvvetli r\u00fczgarlar veya dondurucu s\u0131cakl\u0131klar olsun, afi\u015flerimiz sa\u011flam ve canl\u0131 kal\u0131r. 18 oz a\u011f\u0131rl\u0131k, sa\u011flam ve dayan\u0131kl\u0131 bir yap\u0131 sunarak afi\u015finizin kolayca y\u0131rt\u0131lmamas\u0131n\u0131, y\u0131pranmamas\u0131n\u0131 veya solmamas\u0131n\u0131 sa\u011flar.<\/p>\n<p>Bu dayan\u0131kl\u0131l\u0131k, onlar\u0131 hem k\u0131sa vadeli hem de uzun vadeli d\u0131\u015f mekan kullan\u0131m\u0131 i\u00e7in ideal hale getirir. \u00d6rne\u011fin, ma\u011fazan\u0131z\u0131n d\u0131\u015f\u0131nda mevsimlik bir indirimi tan\u0131t\u0131yorsan\u0131z, afi\u015f t\u00fcm kampanya boyunca b\u00fct\u00fcnl\u00fc\u011f\u00fcn\u00fc koruyacakt\u0131r. Veya, birka\u00e7 g\u00fcn boyunca b\u00fcy\u00fck \u00f6l\u00e7ekli bir etkinli\u011fin yerini i\u015faretlemek i\u00e7in kullan\u0131yorsan\u0131z, harika g\u00f6r\u00fcnmeye ve mesaj\u0131n\u0131z\u0131 net bir \u015fekilde iletmeye devam edece\u011finden emin olabilirsiniz.\u200b<\/p>\n<p>Bu pankartlar\u0131n \u00e7ift tarafl\u0131 yap\u0131s\u0131 etkiyi iki kat\u0131na \u00e7\u0131kar\u0131r. Hedef kitleniz hangi y\u00f6nden yakla\u015f\u0131rsa yakla\u015fs\u0131n, net ve ilgi \u00e7ekici bir mesajla kar\u015f\u0131lan\u0131rlar. Bu, \u00f6zellikle yo\u011fun caddeler, kav\u015faklar veya festivaller ve fuarlardaki geni\u015f a\u00e7\u0131k alanlar gibi yo\u011fun trafikli alanlar i\u00e7in faydal\u0131d\u0131r.<\/p>\n<p>Markan\u0131z\u0131n, \u00fcr\u00fcn\u00fcn\u00fcz\u00fcn veya etkinli\u011finizin g\u00f6r\u00fcn\u00fcrl\u00fc\u011f\u00fcn\u00fc en \u00fcst d\u00fczeye \u00e7\u0131kararak pazarlama yat\u0131r\u0131m\u0131n\u0131z\u0131n daha uzun \u00f6m\u00fcrl\u00fc olmas\u0131n\u0131 sa\u011flar.<\/p>\n<figure id=\"attachment_2785\" aria-describedby=\"caption-attachment-2785\" style=\"width: 1000px\" class=\"wp-caption alignnone\"><img fetchpriority=\"high\" decoding=\"async\" class=\"size-full wp-image-2785\" src=\"https:\/\/cmykprinted.com\/wp-content\/uploads\/2025\/07\/Street-Light-Pole-Banner.jpg\" alt=\" \u00c7ift Tarafl\u0131 Vinil Afi\u015fler\" width=\"1000\" height=\"560\" srcset=\"https:\/\/cmykprinted.com\/wp-content\/uploads\/2025\/07\/Street-Light-Pole-Banner.jpg 1000w, https:\/\/cmykprinted.com\/wp-content\/uploads\/2025\/07\/Street-Light-Pole-Banner-300x168.jpg 300w, https:\/\/cmykprinted.com\/wp-content\/uploads\/2025\/07\/Street-Light-Pole-Banner-768x430.jpg 768w, https:\/\/cmykprinted.com\/wp-content\/uploads\/2025\/07\/Street-Light-Pole-Banner-18x10.jpg 18w, https:\/\/cmykprinted.com\/wp-content\/uploads\/2025\/07\/Street-Light-Pole-Banner-600x336.jpg 600w\" sizes=\"(max-width: 1000px) 100vw, 1000px\" \/><figcaption id=\"caption-attachment-2785\" class=\"wp-caption-text\">\u00c7ift Tarafl\u0131 Vinil Afi\u015fler<\/figcaption><\/figure>","protected":false},"featured_media":2792,"template":"","meta":{"_kad_post_transparent":"default","_kad_post_title":"hide","_kad_post_layout":"fullwidth","_kad_post_sidebar_id":"","_kad_post_content_style":"unboxed","_kad_post_vertical_padding":"hide","_kad_post_feature":"hide","_kad_post_feature_position":"","_kad_post_header":false,"_kad_post_footer":false},"product_cat":[85,90,91,89],"product_tag":[644,645,643],"class_list":{"0":"post-2790","1":"product","2":"type-product","3":"status-publish","4":"has-post-thumbnail","6":"product_cat-outdoor-vinyl-banners","7":"product_cat-glossy-pvc-banners","8":"product_cat-matte-vinyl-banners","9":"product_cat-pvc-banners","10":"product_tag-18-oz-vinyl-banners","11":"product_tag-double-sided-banners","12":"product_tag-double-sided-vinyl-banners","14":"first","15":"instock","16":"shipping-taxable","17":"product-type-simple","18":"entry","19":"content-bg","20":"loop-entry"},"_links":{"self":[{"href":"https:\/\/cmykprinted.com\/tr\/wp-json\/wp\/v2\/product\/2790","targetHints":{"allow":["GET"]}}],"collection":[{"href":"https:\/\/cmykprinted.com\/tr\/wp-json\/wp\/v2\/product"}],"about":[{"href":"https:\/\/cmykprinted.com\/tr\/wp-json\/wp\/v2\/types\/product"}],"version-history":[{"count":1,"href":"https:\/\/cmykprinted.com\/tr\/wp-json\/wp\/v2\/product\/2790\/revisions"}],"predecessor-version":[{"id":2796,"href":"https:\/\/cmykprinted.com\/tr\/wp-json\/wp\/v2\/product\/2790\/revisions\/2796"}],"wp:featuredmedia":[{"embeddable":true,"href":"https:\/\/cmykprinted.com\/tr\/wp-json\/wp\/v2\/media\/2792"}],"wp:attachment":[{"href":"https:\/\/cmykprinted.com\/tr\/wp-json\/wp\/v2\/media?parent=2790"}],"wp:term":[{"taxonomy":"product_cat","embeddable":true,"href":"https:\/\/cmykprinted.com\/tr\/wp-json\/wp\/v2\/product_cat?post=2790"},{"taxonomy":"product_tag","embeddable":true,"href":"https:\/\/cmykprinted.com\/tr\/wp-json\/wp\/v2\/product_tag?post=2790"}],"curies":[{"name":"wp","href":"https:\/\/api.w.org\/{rel}","templated":true}]}}