{"id":2799,"date":"2025-07-08T08:16:30","date_gmt":"2025-07-08T08:16:30","guid":{"rendered":"https:\/\/cmykprinted.com\/?post_type=product&#038;p=2799"},"modified":"2025-07-08T08:16:30","modified_gmt":"2025-07-08T08:16:30","slug":"custom-fabric-banners","status":"publish","type":"product","link":"https:\/\/cmykprinted.com\/tr\/urun\/ozel-kumas-afisler\/","title":{"rendered":"Fuarlar\/Sporlar\/Etkinlikler \u0130\u00e7in \u00d6zel Kuma\u015f Afi\u015flerde \u0130ndirim"},"content":{"rendered":"","protected":false},"excerpt":{"rendered":"<p>Birinci s\u0131n\u0131f \u00d6zel Kuma\u015f Afi\u015flerimizle fuarlarda, spor etkinliklerinde veya \u00f6zel g\u00fcnlerinizde g\u00fc\u00e7l\u00fc bir etki yarat\u0131n. Y\u00fcksek kaliteli ve dayan\u0131kl\u0131 malzemelerden \u00fcretilen bu afi\u015fler, her g\u00f6z\u00fc yakalayan ve markan\u0131z\u0131n g\u00f6r\u00fcn\u00fcrl\u00fc\u011f\u00fcn\u00fc art\u0131ran canl\u0131 ve net grafikler sunar. Hafif ancak sa\u011flam olan bu afi\u015fler, ta\u015f\u0131nmas\u0131, kurulumu ve yeniden kullan\u0131m\u0131 kolayd\u0131r; zamandan ve paradan tasarruf etmenizi sa\u011flar.<\/p>\n<p>\u0130ster bir fuarda i\u015fletmenizi sergiliyor olun, ister ekibinizi destekliyor olun, ister g\u00f6z al\u0131c\u0131 bir etkinlik fonu olu\u015fturuyor olun, kuma\u015f pankartlar\u0131m\u0131z benzersiz ihtiya\u00e7lar\u0131n\u0131za g\u00f6re uyarlanm\u0131\u015f \u00e7ok y\u00f6nl\u00fc \u00e7\u00f6z\u00fcmler sunar. Geli\u015fmi\u015f boya s\u00fcblimasyon bask\u0131 teknolojisi sayesinde canl\u0131 renklerin keyfini \u00e7\u0131kar\u0131n ve mesaj\u0131n\u0131z\u0131n \u00e7arp\u0131c\u0131 ve profesyonel kalmas\u0131n\u0131 sa\u011flay\u0131n.<\/p>\n<p>S\u0131n\u0131rl\u0131 s\u00fcreli teklifimizi ka\u00e7\u0131rmay\u0131n: \u00d6zel kuma\u015f afi\u015flerinizde bug\u00fcn indirim kazan\u0131n ve markan\u0131z\u0131n her zamankinden daha parlak g\u00f6r\u00fcnmesini sa\u011flay\u0131n. Te\u015fhir oyununuzu bir \u00fcst seviyeye ta\u015f\u0131mak ve rakiplerinizden s\u0131yr\u0131lmak i\u00e7in hemen bizimle ileti\u015fime ge\u00e7in!<\/p>\n<div style=\"width: 854px;\" class=\"wp-video\"><!--[if lt IE 9]><script>document.createElement('video');<\/script><![endif]--><br \/>\n<video class=\"wp-video-shortcode\" id=\"video-2799-1\" width=\"854\" height=\"480\" preload=\"metadata\" controls=\"controls\"><source type=\"video\/mp4\" src=\"https:\/\/cmykprinted.com\/wp-content\/uploads\/2025\/06\/Large-Flag-Banner-for-Football-Events.mp4?_=1\" \/><a href=\"https:\/\/cmykprinted.com\/wp-content\/uploads\/2025\/06\/Large-Flag-Banner-for-Football-Events.mp4\">https:\/\/cmykprinted.com\/wp-content\/uploads\/2025\/06\/Large-Flag-Banner-for-Football-Events.mp4<\/a><\/video><\/div>","protected":false},"featured_media":2807,"template":"","meta":{"_kad_post_transparent":"default","_kad_post_title":"hide","_kad_post_layout":"fullwidth","_kad_post_sidebar_id":"","_kad_post_content_style":"unboxed","_kad_post_vertical_padding":"hide","_kad_post_feature":"hide","_kad_post_feature_position":"","_kad_post_header":false,"_kad_post_footer":false},"product_cat":[79],"product_tag":[646,408,648,647],"class_list":{"0":"post-2799","1":"product","2":"type-product","3":"status-publish","4":"has-post-thumbnail","6":"product_cat-custom-flags","7":"product_tag-custom-fabric-banners","8":"product_tag-fabric-banners","9":"product_tag-fabric-banners-for-events","10":"product_tag-fabric-banners-for-trade-show","12":"first","13":"instock","14":"shipping-taxable","15":"product-type-simple","16":"entry","17":"content-bg","18":"loop-entry"},"_links":{"self":[{"href":"https:\/\/cmykprinted.com\/tr\/wp-json\/wp\/v2\/product\/2799","targetHints":{"allow":["GET"]}}],"collection":[{"href":"https:\/\/cmykprinted.com\/tr\/wp-json\/wp\/v2\/product"}],"about":[{"href":"https:\/\/cmykprinted.com\/tr\/wp-json\/wp\/v2\/types\/product"}],"version-history":[{"count":1,"href":"https:\/\/cmykprinted.com\/tr\/wp-json\/wp\/v2\/product\/2799\/revisions"}],"predecessor-version":[{"id":2808,"href":"https:\/\/cmykprinted.com\/tr\/wp-json\/wp\/v2\/product\/2799\/revisions\/2808"}],"wp:featuredmedia":[{"embeddable":true,"href":"https:\/\/cmykprinted.com\/tr\/wp-json\/wp\/v2\/media\/2807"}],"wp:attachment":[{"href":"https:\/\/cmykprinted.com\/tr\/wp-json\/wp\/v2\/media?parent=2799"}],"wp:term":[{"taxonomy":"product_cat","embeddable":true,"href":"https:\/\/cmykprinted.com\/tr\/wp-json\/wp\/v2\/product_cat?post=2799"},{"taxonomy":"product_tag","embeddable":true,"href":"https:\/\/cmykprinted.com\/tr\/wp-json\/wp\/v2\/product_tag?post=2799"}],"curies":[{"name":"wp","href":"https:\/\/api.w.org\/{rel}","templated":true}]}}