{"id":2810,"date":"2025-07-10T09:30:52","date_gmt":"2025-07-10T09:30:52","guid":{"rendered":"https:\/\/cmykprinted.com\/?post_type=product&#038;p=2810"},"modified":"2025-07-10T09:30:52","modified_gmt":"2025-07-10T09:30:52","slug":"breakaway-banner-for-football","status":"publish","type":"product","link":"https:\/\/cmykprinted.com\/tr\/urun\/kirilma-afisi-futbol-icin\/","title":{"rendered":"Rekabet\u00e7i Fiyatl\u0131 Futbol \u0130\u00e7in Kopar\u0131labilir Afi\u015f"},"content":{"rendered":"","protected":false},"excerpt":{"rendered":"<p>Futbol ma\u00e7lar\u0131n\u0131za b\u00fct\u00e7enizi zorlamadan e\u015fsiz bir heyecan ve tak\u0131m ruhu katmak m\u0131 istiyorsunuz? Futbol i\u00e7in Breakaway Banner&#039;\u0131m\u0131z, rekabet\u00e7i bir fiyata m\u00fckemmel bir \u00e7\u00f6z\u00fcm sunuyor. Oyuncular\u0131n etkileyici giri\u015fleri i\u00e7in tasarlanan bu pankartlar, hem sporculara hem de taraftarlara enerji veren heyecan verici bir g\u00f6steri yarat\u0131yor.<\/p>\n<p>\u00c7arp\u0131c\u0131 Ma\u00e7 G\u00fcn\u00fc Anlar\u0131 Yarat\u0131n<\/p>\n<p>Futbol kopu\u015f pankartlar\u0131m\u0131z, ma\u00e7lar boyunca tekrar tekrar kullan\u0131ma dayan\u0131kl\u0131, y\u00fcksek kaliteli ve dayan\u0131kl\u0131 kuma\u015ftan \u00fcretilmi\u015ftir. Pankart, c\u0131rt c\u0131rtl\u0131 ba\u011flant\u0131 elemanlar\u0131yla birbirine ba\u011flanan iki panelden olu\u015fur ve oyuncular\u0131n sahada patlay\u0131c\u0131 bir giri\u015f i\u00e7in merkezden f\u0131rlamalar\u0131n\u0131 sa\u011flar. Tak\u0131m gururunu sergilemenin ve taraftarlar\u0131 co\u015fturman\u0131n unutulmaz bir yoludur.<\/p>\n<p>Kurulumu ve Yeniden Kullan\u0131m\u0131 Kolay<\/p>\n<p>Her bir kopan futbol pankart\u0131n\u0131n her iki yan\u0131nda destek direklerini tutmak i\u00e7in cepler bulunur. Direkler, stabilite i\u00e7in zemine sabitlenebilirken, amigo k\u0131zlar\u0131 veya personel taraf\u0131ndan tutulan ipler \u00fcst k\u0131sm\u0131 sabit tutar. Kurulumu h\u0131zl\u0131 ve kolayd\u0131r, b\u00f6ylece dakikalar i\u00e7inde ba\u015flama vuru\u015funa haz\u0131r olursunuz. Ma\u00e7tan sonra, panelleri tekrar tak\u0131p pankart\u0131 kompakt bir \u015fekilde saklamak i\u00e7in rulo haline getirebilirsiniz.<\/p>\n<p>Canl\u0131 \u00d6zel Bask\u0131<\/p>\n<p>Tak\u0131m logolar\u0131, okul adlar\u0131, maskotlar, sloganlar veya sponsor grafikleriyle pankart\u0131n\u0131z\u0131 ki\u015fiselle\u015ftirebilmeniz i\u00e7in tam renkli, y\u00fcksek \u00e7\u00f6z\u00fcn\u00fcrl\u00fckl\u00fc bask\u0131 hizmeti sunuyoruz. Canl\u0131 bask\u0131lar, birden fazla kullan\u0131mdan sonra bile parlak ve g\u00f6z al\u0131c\u0131 kalarak tak\u0131m\u0131n\u0131z\u0131n sahada \u00f6ne \u00e7\u0131kmas\u0131na yard\u0131mc\u0131 olur.<\/p>\n<div style=\"width: 960px;\" class=\"wp-video\"><!--[if lt IE 9]><script>document.createElement('video');<\/script><![endif]--><br \/>\n<video class=\"wp-video-shortcode\" id=\"video-2810-1\" width=\"960\" height=\"540\" preload=\"metadata\" controls=\"controls\"><source type=\"video\/mp4\" src=\"https:\/\/cmykprinted.com\/wp-content\/uploads\/2025\/07\/Breakaway-Banners.mp4?_=1\" \/><a href=\"https:\/\/cmykprinted.com\/wp-content\/uploads\/2025\/07\/Breakaway-Banners.mp4\">https:\/\/cmykprinted.com\/wp-content\/uploads\/2025\/07\/Breakaway-Banners.mp4<\/a><\/video><\/div>","protected":false},"featured_media":2816,"template":"","meta":{"_kad_post_transparent":"default","_kad_post_title":"hide","_kad_post_layout":"fullwidth","_kad_post_sidebar_id":"","_kad_post_content_style":"unboxed","_kad_post_vertical_padding":"hide","_kad_post_feature":"hide","_kad_post_feature_position":"","_kad_post_header":false,"_kad_post_footer":false},"product_cat":[79],"product_tag":[650,649],"class_list":{"0":"post-2810","1":"product","2":"type-product","3":"status-publish","4":"has-post-thumbnail","6":"product_cat-custom-flags","7":"product_tag-breakaway-banner","8":"product_tag-breakaway-banner-for-football","10":"first","11":"instock","12":"shipping-taxable","13":"product-type-simple","14":"entry","15":"content-bg","16":"loop-entry"},"_links":{"self":[{"href":"https:\/\/cmykprinted.com\/tr\/wp-json\/wp\/v2\/product\/2810","targetHints":{"allow":["GET"]}}],"collection":[{"href":"https:\/\/cmykprinted.com\/tr\/wp-json\/wp\/v2\/product"}],"about":[{"href":"https:\/\/cmykprinted.com\/tr\/wp-json\/wp\/v2\/types\/product"}],"version-history":[{"count":1,"href":"https:\/\/cmykprinted.com\/tr\/wp-json\/wp\/v2\/product\/2810\/revisions"}],"predecessor-version":[{"id":2820,"href":"https:\/\/cmykprinted.com\/tr\/wp-json\/wp\/v2\/product\/2810\/revisions\/2820"}],"wp:featuredmedia":[{"embeddable":true,"href":"https:\/\/cmykprinted.com\/tr\/wp-json\/wp\/v2\/media\/2816"}],"wp:attachment":[{"href":"https:\/\/cmykprinted.com\/tr\/wp-json\/wp\/v2\/media?parent=2810"}],"wp:term":[{"taxonomy":"product_cat","embeddable":true,"href":"https:\/\/cmykprinted.com\/tr\/wp-json\/wp\/v2\/product_cat?post=2810"},{"taxonomy":"product_tag","embeddable":true,"href":"https:\/\/cmykprinted.com\/tr\/wp-json\/wp\/v2\/product_tag?post=2810"}],"curies":[{"name":"wp","href":"https:\/\/api.w.org\/{rel}","templated":true}]}}