{"id":2821,"date":"2025-07-16T07:13:11","date_gmt":"2025-07-16T07:13:11","guid":{"rendered":"https:\/\/cmykprinted.com\/?post_type=product&#038;p=2821"},"modified":"2025-07-16T07:13:11","modified_gmt":"2025-07-16T07:13:11","slug":"branded-backdrops","status":"publish","type":"product","link":"https:\/\/cmykprinted.com\/tr\/urun\/markali-arka-planlar\/","title":{"rendered":"Spor Etkinlikleri \u0130\u00e7in Ucuz \u00d6zel Markal\u0131 Arka Planlar"},"content":{"rendered":"","protected":false},"excerpt":{"rendered":"<p>Spor Etkinlikleri i\u00e7in \u00d6zel Markal\u0131 Arka Planlar, marka g\u00f6r\u00fcn\u00fcrl\u00fc\u011f\u00fcn\u00fcz\u00fc art\u0131rmak ve herhangi bir spor tesisinde profesyonel bir atmosfer yaratmak i\u00e7in m\u00fckemmel bir \u00e7\u00f6z\u00fcmd\u00fcr. Y\u00fcksek kaliteli kuma\u015f ve tam renkli boya s\u00fcblimasyon bask\u0131 ile tasarlanan bu arka planlar, logolar\u0131, sponsorlar\u0131, tak\u0131m adlar\u0131n\u0131 ve promosyon mesajlar\u0131n\u0131 canl\u0131 ve net bir \u015fekilde sergiler.<\/p>\n<p>Podyum arkas\u0131, bas\u0131n toplant\u0131s\u0131 alanlar\u0131, foto\u011fraf alanlar\u0131 veya giri\u015fler gibi alanlarda kullan\u0131lan bu \u00fcr\u00fcnler, dikkat \u00e7ekmeye yard\u0131mc\u0131 olur ve medya dostu ideal bir ortam sa\u011flar.<\/p>\n<p>Arka planlar\u0131m\u0131z \u00e7e\u015fitli boyutlarda mevcuttur ve etkinli\u011finizin \u00f6zel ihtiya\u00e7lar\u0131n\u0131 kar\u015f\u0131layacak \u015fekilde uyarlanabilir. Hafif, ta\u015f\u0131nabilir ve kurulumu kolayd\u0131r; h\u0131zl\u0131 kurulum ve k\u0131r\u0131\u015fmayan bir y\u00fczey i\u00e7in al\u00fcminyum \u00e7er\u00e7eve veya gergi kuma\u015f sistemleriyle birlikte gelir. Hem i\u00e7 hem de d\u0131\u015f mekan spor etkinlikleri i\u00e7in ideal olan bu \u00f6zel stantlar, dayan\u0131kl\u0131 ve tekrar kullan\u0131labilirdir.<\/p>\n<p>\u00d6zel spor etkinli\u011fi arka planlar\u0131m\u0131zla markan\u0131z\u0131n etkisini art\u0131r\u0131n ve tutarl\u0131 bir g\u00f6rsel kimlik yarat\u0131n.<\/p>\n<div style=\"width: 720px;\" class=\"wp-video\"><!--[if lt IE 9]><script>document.createElement('video');<\/script><![endif]--><br \/>\n<video class=\"wp-video-shortcode\" id=\"video-2821-1\" width=\"720\" height=\"1280\" preload=\"metadata\" controls=\"controls\"><source type=\"video\/mp4\" src=\"https:\/\/cmykprinted.com\/wp-content\/uploads\/2025\/07\/Branded-Backdrops.mp4?_=1\" \/><a href=\"https:\/\/cmykprinted.com\/wp-content\/uploads\/2025\/07\/Branded-Backdrops.mp4\">https:\/\/cmykprinted.com\/wp-content\/uploads\/2025\/07\/Branded-Backdrops.mp4<\/a><\/video><\/div>","protected":false},"featured_media":2825,"template":"","meta":{"_kad_post_transparent":"default","_kad_post_title":"hide","_kad_post_layout":"fullwidth","_kad_post_sidebar_id":"","_kad_post_content_style":"unboxed","_kad_post_vertical_padding":"hide","_kad_post_feature":"hide","_kad_post_feature_position":"","_kad_post_header":false,"_kad_post_footer":false},"product_cat":[97,100],"product_tag":[651,653,654,652],"class_list":{"0":"post-2821","1":"product","2":"type-product","3":"status-publish","4":"has-post-thumbnail","6":"product_cat-tension-fabric-displays","7":"product_cat-straight-tension-fabric-backdrop","8":"product_tag-branded-backdrops","9":"product_tag-branded-backdrops-for-sports-event","10":"product_tag-cheap-custom-branded-backdrops","11":"product_tag-custom-branded-backdrops","13":"first","14":"instock","15":"shipping-taxable","16":"product-type-simple","17":"entry","18":"content-bg","19":"loop-entry"},"_links":{"self":[{"href":"https:\/\/cmykprinted.com\/tr\/wp-json\/wp\/v2\/product\/2821","targetHints":{"allow":["GET"]}}],"collection":[{"href":"https:\/\/cmykprinted.com\/tr\/wp-json\/wp\/v2\/product"}],"about":[{"href":"https:\/\/cmykprinted.com\/tr\/wp-json\/wp\/v2\/types\/product"}],"version-history":[{"count":2,"href":"https:\/\/cmykprinted.com\/tr\/wp-json\/wp\/v2\/product\/2821\/revisions"}],"predecessor-version":[{"id":2829,"href":"https:\/\/cmykprinted.com\/tr\/wp-json\/wp\/v2\/product\/2821\/revisions\/2829"}],"wp:featuredmedia":[{"embeddable":true,"href":"https:\/\/cmykprinted.com\/tr\/wp-json\/wp\/v2\/media\/2825"}],"wp:attachment":[{"href":"https:\/\/cmykprinted.com\/tr\/wp-json\/wp\/v2\/media?parent=2821"}],"wp:term":[{"taxonomy":"product_cat","embeddable":true,"href":"https:\/\/cmykprinted.com\/tr\/wp-json\/wp\/v2\/product_cat?post=2821"},{"taxonomy":"product_tag","embeddable":true,"href":"https:\/\/cmykprinted.com\/tr\/wp-json\/wp\/v2\/product_tag?post=2821"}],"curies":[{"name":"wp","href":"https:\/\/api.w.org\/{rel}","templated":true}]}}