{"id":2831,"date":"2025-07-19T07:54:12","date_gmt":"2025-07-19T07:54:12","guid":{"rendered":"https:\/\/cmykprinted.com\/?post_type=product&#038;p=2831"},"modified":"2025-07-19T07:54:12","modified_gmt":"2025-07-19T07:54:12","slug":"champagne-metallic-transfer-stickers","status":"publish","type":"product","link":"https:\/\/cmykprinted.com\/tr\/urun\/sampanya-metalik-transfer-etiketler\/","title":{"rendered":"\u015ei\u015feler \u0130\u00e7in Ucuz \u015eampanya Metalik Transfer \u00c7\u0131kartmalar\u0131"},"content":{"rendered":"","protected":false},"excerpt":{"rendered":"<p>Uygun fiyatl\u0131 \u015eampanya Metalik Transfer \u00c7\u0131kartmalar\u0131m\u0131zla \u015fi\u015fe ambalajlar\u0131n\u0131z\u0131 g\u00fczelle\u015ftirin. Bu g\u00f6z al\u0131c\u0131 \u00e7\u0131kartmalar, \u015farap, \u015fampanya veya di\u011fer \u015fi\u015felenmi\u015f \u00fcr\u00fcnlere birinci s\u0131n\u0131f ve zarif bir g\u00f6r\u00fcn\u00fcm kazand\u0131rmak i\u00e7in tasarlanm\u0131\u015ft\u0131r.<\/p>\n<p>Y\u00fcksek kaliteli nikel metalik malzemeden \u00fcretilen bu etiketler, \u0131\u015f\u0131\u011f\u0131 g\u00fczelce yans\u0131tan ve marka sunumunu g\u00fc\u00e7lendiren parlak \u015fampanya tonuna sahiptir. \u00dcr\u00fcn etiketleri, etkinlik hediyeleri veya promosyon ambalajlar\u0131 i\u00e7in ideal olan bu transfer etiketler, cam, plastik veya metal y\u00fczeylere kolayca yap\u0131\u015f\u0131r. Kolay uygulan\u0131r ve uzun \u00f6m\u00fcrl\u00fcd\u00fcr. B\u00fct\u00e7enizi zorlamadan l\u00fcks ve \u00f6zel markal\u0131 bir g\u00f6r\u00fcn\u00fcm elde etmek i\u00e7in uygun maliyetli bir \u00e7\u00f6z\u00fcm sunar. \u015earap imalathaneleri, partiler veya k\u00fc\u00e7\u00fck i\u015fletmeler i\u00e7in m\u00fckemmeldir.<\/p>\n<div style=\"width: 1280px;\" class=\"wp-video\"><!--[if lt IE 9]><script>document.createElement('video');<\/script><![endif]--><br \/>\n<video class=\"wp-video-shortcode\" id=\"video-2831-1\" width=\"1280\" height=\"720\" preload=\"metadata\" controls=\"controls\"><source type=\"video\/mp4\" src=\"https:\/\/cmykprinted.com\/wp-content\/uploads\/2024\/05\/champagne-metal-transfer-label-1.mp4?_=1\" \/><a href=\"https:\/\/cmykprinted.com\/wp-content\/uploads\/2024\/05\/champagne-metal-transfer-label-1.mp4\">https:\/\/cmykprinted.com\/wp-content\/uploads\/2024\/05\/champagne-metal-transfer-label-1.mp4<\/a><\/video><\/div>","protected":false},"featured_media":2832,"template":"","meta":{"_kad_post_transparent":"default","_kad_post_title":"hide","_kad_post_layout":"fullwidth","_kad_post_sidebar_id":"","_kad_post_content_style":"unboxed","_kad_post_vertical_padding":"hide","_kad_post_feature":"hide","_kad_post_feature_position":"","_kad_post_header":false,"_kad_post_footer":false},"product_cat":[101,102],"product_tag":[655,447,656],"class_list":{"0":"post-2831","1":"product","2":"type-product","3":"status-publish","4":"has-post-thumbnail","6":"product_cat-transfer-stickers","7":"product_cat-metal-transfer-stickers","8":"product_tag-champagne-metallic-transfer-stickers","9":"product_tag-metallic-transfer-stickers","10":"product_tag-transfer-stickers-for-bottles","12":"first","13":"instock","14":"shipping-taxable","15":"product-type-simple","16":"entry","17":"content-bg","18":"loop-entry"},"_links":{"self":[{"href":"https:\/\/cmykprinted.com\/tr\/wp-json\/wp\/v2\/product\/2831","targetHints":{"allow":["GET"]}}],"collection":[{"href":"https:\/\/cmykprinted.com\/tr\/wp-json\/wp\/v2\/product"}],"about":[{"href":"https:\/\/cmykprinted.com\/tr\/wp-json\/wp\/v2\/types\/product"}],"version-history":[{"count":1,"href":"https:\/\/cmykprinted.com\/tr\/wp-json\/wp\/v2\/product\/2831\/revisions"}],"predecessor-version":[{"id":2836,"href":"https:\/\/cmykprinted.com\/tr\/wp-json\/wp\/v2\/product\/2831\/revisions\/2836"}],"wp:featuredmedia":[{"embeddable":true,"href":"https:\/\/cmykprinted.com\/tr\/wp-json\/wp\/v2\/media\/2832"}],"wp:attachment":[{"href":"https:\/\/cmykprinted.com\/tr\/wp-json\/wp\/v2\/media?parent=2831"}],"wp:term":[{"taxonomy":"product_cat","embeddable":true,"href":"https:\/\/cmykprinted.com\/tr\/wp-json\/wp\/v2\/product_cat?post=2831"},{"taxonomy":"product_tag","embeddable":true,"href":"https:\/\/cmykprinted.com\/tr\/wp-json\/wp\/v2\/product_tag?post=2831"}],"curies":[{"name":"wp","href":"https:\/\/api.w.org\/{rel}","templated":true}]}}