{"id":2856,"date":"2025-10-17T08:07:33","date_gmt":"2025-10-17T08:07:33","guid":{"rendered":"https:\/\/cmykprinted.com\/?post_type=product&#038;p=2856"},"modified":"2025-10-17T08:07:33","modified_gmt":"2025-10-17T08:07:33","slug":"ez-tube-display","status":"publish","type":"product","link":"https:\/\/cmykprinted.com\/tr\/urun\/ez-boru-ekran\/","title":{"rendered":"Ucuz \u00d6zel EZ T\u00fcp Ekran Afi\u015fi D\u00fcz Gerilim Kuma\u015f Arka Plan"},"content":{"rendered":"","protected":false},"excerpt":{"rendered":"<p>Markan\u0131z\u0131 profesyonel, g\u00f6z al\u0131c\u0131 ve etkili bir \u015fekilde sergilemek s\u00f6z konusu oldu\u011funda, hi\u00e7bir \u015fey EZ Tube Display ile boy \u00f6l\u00e7\u00fc\u015femez. \u015e\u0131k bir stil ve kolay kurulum d\u00fc\u015f\u00fcn\u00fclerek tasarlanan bu ta\u015f\u0131nabilir te\u015fhir sistemi, hem rahatl\u0131\u011fa hem de etkiye \u00f6nem veren kat\u0131l\u0131mc\u0131lar, etkinlik planlay\u0131c\u0131lar\u0131 ve pazarlama profesyonelleri aras\u0131nda favori bir tercihtir. \u0130ster fuarlar, ister \u00fcr\u00fcn lansmanlar\u0131, sergiler veya kurumsal etkinlikler olsun, EZ Tube Display markan\u0131za an\u0131nda dikkat \u00e7eken \u015f\u0131k ve l\u00fcks bir g\u00f6r\u00fcn\u00fcm kazand\u0131r\u0131r.<\/p>\n<p>G\u00fcn\u00fcm\u00fcz\u00fcn rekabet\u00e7i pazarlama ortam\u0131nda, EZ Tube Display, kal\u0131c\u0131 bir izlenim b\u0131rakmak isteyen i\u015fletmeler i\u00e7in \u00e7ok y\u00f6nl\u00fc, dayan\u0131kl\u0131 ve g\u00f6rsel olarak \u00e7arp\u0131c\u0131 bir \u00e7\u00f6z\u00fcm olarak \u00f6ne \u00e7\u0131k\u0131yor. Aletsiz kurulumu, canl\u0131 bask\u0131 kalitesi ve yeniden kullan\u0131labilir yap\u0131s\u0131yla, profesyonel etkinlik pazarlamas\u0131 i\u00e7in e\u015fsiz bir de\u011fer ve kolayl\u0131k sunuyor. Bir sonraki fuar\u0131n\u0131z\u0131 veya tan\u0131t\u0131m etkinli\u011finizi, sadeli\u011fin zarafetle bulu\u015ftu\u011fu ve markan\u0131z\u0131n \u00f6n plana \u00e7\u0131kt\u0131\u011f\u0131 bir EZ Tube Display ile zenginle\u015ftirin.<\/p>\n<div style=\"width: 720px;\" class=\"wp-video\"><!--[if lt IE 9]><script>document.createElement('video');<\/script><![endif]--><br \/>\n<video class=\"wp-video-shortcode\" id=\"video-2856-1\" width=\"720\" height=\"1280\" preload=\"metadata\" controls=\"controls\"><source type=\"video\/mp4\" src=\"https:\/\/cmykprinted.com\/wp-content\/uploads\/2025\/07\/Branded-Backdrops.mp4?_=1\" \/><a href=\"https:\/\/cmykprinted.com\/wp-content\/uploads\/2025\/07\/Branded-Backdrops.mp4\">https:\/\/cmykprinted.com\/wp-content\/uploads\/2025\/07\/Branded-Backdrops.mp4<\/a><\/video><\/div>","protected":false},"featured_media":2857,"template":"","meta":{"_kad_post_transparent":"default","_kad_post_title":"hide","_kad_post_layout":"fullwidth","_kad_post_sidebar_id":"","_kad_post_content_style":"unboxed","_kad_post_vertical_padding":"hide","_kad_post_feature":"hide","_kad_post_feature_position":"","_kad_post_header":false,"_kad_post_footer":false},"product_cat":[97,100],"product_tag":[664,662,663,197],"class_list":{"0":"post-2856","1":"product","2":"type-product","3":"status-publish","4":"has-post-thumbnail","6":"product_cat-tension-fabric-displays","7":"product_cat-straight-tension-fabric-backdrop","8":"product_tag-custom-straight-tension-fabric-backdrop","9":"product_tag-ez-tube-display","10":"product_tag-ez-tube-display-banner","11":"product_tag-tension-fabric-backdrop","13":"first","14":"instock","15":"shipping-taxable","16":"product-type-simple","17":"entry","18":"content-bg","19":"loop-entry"},"_links":{"self":[{"href":"https:\/\/cmykprinted.com\/tr\/wp-json\/wp\/v2\/product\/2856","targetHints":{"allow":["GET"]}}],"collection":[{"href":"https:\/\/cmykprinted.com\/tr\/wp-json\/wp\/v2\/product"}],"about":[{"href":"https:\/\/cmykprinted.com\/tr\/wp-json\/wp\/v2\/types\/product"}],"version-history":[{"count":1,"href":"https:\/\/cmykprinted.com\/tr\/wp-json\/wp\/v2\/product\/2856\/revisions"}],"predecessor-version":[{"id":2863,"href":"https:\/\/cmykprinted.com\/tr\/wp-json\/wp\/v2\/product\/2856\/revisions\/2863"}],"wp:featuredmedia":[{"embeddable":true,"href":"https:\/\/cmykprinted.com\/tr\/wp-json\/wp\/v2\/media\/2857"}],"wp:attachment":[{"href":"https:\/\/cmykprinted.com\/tr\/wp-json\/wp\/v2\/media?parent=2856"}],"wp:term":[{"taxonomy":"product_cat","embeddable":true,"href":"https:\/\/cmykprinted.com\/tr\/wp-json\/wp\/v2\/product_cat?post=2856"},{"taxonomy":"product_tag","embeddable":true,"href":"https:\/\/cmykprinted.com\/tr\/wp-json\/wp\/v2\/product_tag?post=2856"}],"curies":[{"name":"wp","href":"https:\/\/api.w.org\/{rel}","templated":true}]}}