{"id":2866,"date":"2025-10-30T09:12:11","date_gmt":"2025-10-30T09:12:11","guid":{"rendered":"https:\/\/cmykprinted.com\/?post_type=product&#038;p=2866"},"modified":"2025-10-30T09:12:11","modified_gmt":"2025-10-30T09:12:11","slug":"collapsible-trade-show-displays","status":"publish","type":"product","link":"https:\/\/cmykprinted.com\/tr\/urun\/katlanabilir-fuar-standlari\/","title":{"rendered":"LED \u0131\u015f\u0131kl\u0131 en kaliteli katlanabilir fuar standlar\u0131"},"content":{"rendered":"","protected":false},"excerpt":{"rendered":"<p>Ta\u015f\u0131nabilirlik, profesyonellik ve g\u00f6rsel etkinin m\u00fckemmel birle\u015fimi olan LED I\u015f\u0131kl\u0131 En Kaliteli Katlanabilir Fuar Standlar\u0131m\u0131zla markan\u0131z\u0131 her fuarda parlat\u0131n. H\u0131zl\u0131 kurulum ve an\u0131nda \u00f6ne \u00e7\u0131kma ihtiyac\u0131 duyan modern pazarlamac\u0131lar i\u00e7in tasarlanan bu standlar, hafif al\u00fcminyum \u00e7er\u00e7eveler ve g\u00f6z al\u0131c\u0131, k\u0131r\u0131\u015f\u0131ks\u0131z g\u00f6rseller sunan birinci s\u0131n\u0131f gergin kuma\u015f grafiklerle donat\u0131lm\u0131\u015ft\u0131r.<\/p>\n<p>Yenilik\u00e7i katlanabilir yap\u0131s\u0131yla kurulumu ve s\u00f6k\u00fcm\u00fc sadece birka\u00e7 dakika s\u00fcrer; alet gerektirmez. Monte edildikten sonra dayan\u0131kl\u0131 \u00e7er\u00e7eve sa\u011flam bir temel olu\u015ftururken, entegre LED ayd\u0131nlatma sistemi marka grafiklerinizin parlak bir \u015fekilde ayd\u0131nlat\u0131lmas\u0131n\u0131 sa\u011flayarak en kalabal\u0131k fuar ortamlar\u0131nda bile dikkat \u00e7eker.<\/p>\n<p>Fuarlar, sergiler, kongreler ve perakende promosyonlar\u0131 i\u00e7in ideal olan bu stantlar, paketlenmesi, ta\u015f\u0131nmas\u0131 ve yeniden kullan\u0131lmas\u0131 kolay oldu\u011fundan, uygun maliyetli ve uzun vadeli bir yat\u0131r\u0131md\u0131r. \u00d6zel bask\u0131 se\u00e7enekleri, \u015firketinizin renklerini, logolar\u0131n\u0131 ve pazarlama mesajlar\u0131n\u0131 canl\u0131 ve y\u00fcksek \u00e7\u00f6z\u00fcn\u00fcrl\u00fckl\u00fc bir kalitede sergilemenize olanak tan\u0131r.<\/p>\n<p>\u0130ster yeni bir \u00fcr\u00fcn lansman\u0131 yap\u0131yor olun, ister marka bilinirli\u011finizi art\u0131r\u0131yor veya m\u00fc\u015fterilerinizle y\u00fcz y\u00fcze etkile\u015fim kuruyor olun, katlanabilir LED fuar standlar\u0131m\u0131z minimum \u00e7abayla maksimum etki yarat\u0131r. Hedef kitlenizi etkileyin, marka g\u00f6r\u00fcn\u00fcrl\u00fc\u011f\u00fcn\u00fcz\u00fc art\u0131r\u0131n ve her zaman, her yerde ger\u00e7ekten \u00f6ne \u00e7\u0131kan profesyonel bir sunum yarat\u0131n.<\/p>\n<div style=\"width: 720px;\" class=\"wp-video\"><!--[if lt IE 9]><script>document.createElement('video');<\/script><![endif]--><br \/>\n<video class=\"wp-video-shortcode\" id=\"video-2866-1\" width=\"720\" height=\"1280\" preload=\"metadata\" controls=\"controls\"><source type=\"video\/mp4\" src=\"https:\/\/cmykprinted.com\/wp-content\/uploads\/2025\/10\/Collapsible-Trade-Show-Displays.mp4?_=1\" \/><a href=\"https:\/\/cmykprinted.com\/wp-content\/uploads\/2025\/10\/Collapsible-Trade-Show-Displays.mp4\">https:\/\/cmykprinted.com\/wp-content\/uploads\/2025\/10\/Collapsible-Trade-Show-Displays.mp4<\/a><\/video><\/div>","protected":false},"featured_media":2868,"template":"","meta":{"_kad_post_transparent":"default","_kad_post_title":"hide","_kad_post_layout":"fullwidth","_kad_post_sidebar_id":"","_kad_post_content_style":"unboxed","_kad_post_vertical_padding":"hide","_kad_post_feature":"hide","_kad_post_feature_position":"","_kad_post_header":false,"_kad_post_footer":false},"product_cat":[97,99],"product_tag":[665,667,668,666],"class_list":{"0":"post-2866","1":"product","2":"type-product","3":"status-publish","4":"has-post-thumbnail","6":"product_cat-tension-fabric-displays","7":"product_cat-custom-fabric-displays","8":"product_tag-collapsible-trade-show-displays","9":"product_tag-top-quality-collapsible-trade-show-displays","10":"product_tag-trade-show-displays","11":"product_tag-trade-show-displays-with-led-light","13":"first","14":"instock","15":"shipping-taxable","16":"product-type-simple","17":"entry","18":"content-bg","19":"loop-entry"},"_links":{"self":[{"href":"https:\/\/cmykprinted.com\/tr\/wp-json\/wp\/v2\/product\/2866","targetHints":{"allow":["GET"]}}],"collection":[{"href":"https:\/\/cmykprinted.com\/tr\/wp-json\/wp\/v2\/product"}],"about":[{"href":"https:\/\/cmykprinted.com\/tr\/wp-json\/wp\/v2\/types\/product"}],"version-history":[{"count":1,"href":"https:\/\/cmykprinted.com\/tr\/wp-json\/wp\/v2\/product\/2866\/revisions"}],"predecessor-version":[{"id":2875,"href":"https:\/\/cmykprinted.com\/tr\/wp-json\/wp\/v2\/product\/2866\/revisions\/2875"}],"wp:featuredmedia":[{"embeddable":true,"href":"https:\/\/cmykprinted.com\/tr\/wp-json\/wp\/v2\/media\/2868"}],"wp:attachment":[{"href":"https:\/\/cmykprinted.com\/tr\/wp-json\/wp\/v2\/media?parent=2866"}],"wp:term":[{"taxonomy":"product_cat","embeddable":true,"href":"https:\/\/cmykprinted.com\/tr\/wp-json\/wp\/v2\/product_cat?post=2866"},{"taxonomy":"product_tag","embeddable":true,"href":"https:\/\/cmykprinted.com\/tr\/wp-json\/wp\/v2\/product_tag?post=2866"}],"curies":[{"name":"wp","href":"https:\/\/api.w.org\/{rel}","templated":true}]}}