{"id":2883,"date":"2025-11-03T04:08:00","date_gmt":"2025-11-03T04:08:00","guid":{"rendered":"https:\/\/cmykprinted.com\/?post_type=product&#038;p=2883"},"modified":"2025-11-03T04:08:00","modified_gmt":"2025-11-03T04:08:00","slug":"custom-trade-show-table-runner","status":"publish","type":"product","link":"https:\/\/cmykprinted.com\/tr\/urun\/ozel-ticaret-fuari-masa-ortusu\/","title":{"rendered":"48 Saat Teslimat S\u00fcreli Ucuz Toptan \u00d6zel Fuar Masa \u00d6rt\u00fcs\u00fc"},"content":{"rendered":"","protected":false},"excerpt":{"rendered":"<p data-start=\"1431\" data-end=\"1712\">Markan\u0131z\u0131 sergilemenin ak\u0131ll\u0131 ve uygun fiyatl\u0131 yolu olan Ucuz Toptan \u00d6zel Fuar Masa \u00d6rt\u00fclerimizle her etkinlikte \u00f6ne \u00e7\u0131k\u0131n. Fuar masa \u00f6rt\u00fclerimiz dayan\u0131kl\u0131, k\u0131r\u0131\u015fmaya dayan\u0131kl\u0131 kuma\u015ftan \u00fcretilmi\u015ftir ve logonuzun parlamas\u0131n\u0131 sa\u011flamak i\u00e7in canl\u0131, tam renkli bask\u0131lara sahiptir.<\/p>\n<p data-start=\"1431\" data-end=\"1712\">Fuarlar, kongreler ve tan\u0131t\u0131m etkinlikleri i\u00e7in m\u00fckemmel olan bu fuar masa \u00f6rt\u00fcleri, her t\u00fcrl\u00fc sergilemeye an\u0131nda profesyonellik katar. Markan\u0131za m\u00fckemmel uyum sa\u011flamas\u0131 i\u00e7in boyutunuzu, tasar\u0131m\u0131n\u0131z\u0131 ve logonuzu \u00f6zelle\u015ftirin.<\/p>\n<p data-start=\"1431\" data-end=\"1712\">48 saatlik teslimat s\u00fcremizle, yo\u011fun programlar\u0131n\u0131z ve son dakika etkinlikleriniz i\u00e7in ideal olan y\u00fcksek kaliteli fuar masa \u00f6rt\u00fclerini h\u0131zl\u0131 bir \u015fekilde teslim alacaks\u0131n\u0131z. \u0130ster bir adet ister y\u00fczlerce adet sipari\u015f edin, rakipsiz toptan sat\u0131\u015f fiyatlar\u0131 ve g\u00fcvenilir hizmet sunuyoruz. Kalite, h\u0131z ve de\u011feri bir araya getiren \u00f6zel fuar masa \u00f6rt\u00fcleriyle stand\u0131n\u0131z\u0131 unutulmaz k\u0131l\u0131n.<\/p>\n<div style=\"width: 1280px;\" class=\"wp-video\"><!--[if lt IE 9]><script>document.createElement('video');<\/script><![endif]--><br \/>\n<video class=\"wp-video-shortcode\" id=\"video-2883-1\" width=\"1280\" height=\"720\" preload=\"metadata\" controls=\"controls\"><source type=\"video\/mp4\" src=\"https:\/\/cmykprinted.com\/wp-content\/uploads\/2025\/11\/Custom-Trade-Show-Table-Runner.mp4?_=1\" \/><a href=\"https:\/\/cmykprinted.com\/wp-content\/uploads\/2025\/11\/Custom-Trade-Show-Table-Runner.mp4\">https:\/\/cmykprinted.com\/wp-content\/uploads\/2025\/11\/Custom-Trade-Show-Table-Runner.mp4<\/a><\/video><\/div>","protected":false},"featured_media":2884,"template":"","meta":{"_kad_post_transparent":"default","_kad_post_title":"hide","_kad_post_layout":"fullwidth","_kad_post_sidebar_id":"","_kad_post_content_style":"unboxed","_kad_post_vertical_padding":"hide","_kad_post_feature":"hide","_kad_post_feature_position":"","_kad_post_header":false,"_kad_post_footer":false},"product_cat":[80,81],"product_tag":[244,672,671],"class_list":{"0":"post-2883","1":"product","2":"type-product","3":"status-publish","4":"has-post-thumbnail","6":"product_cat-custom-tablecloth","7":"product_cat-custom-stretch-tablecloth","8":"product_tag-custom-table-runner","9":"product_tag-custom-trade-show-table-runner","10":"product_tag-trade-show-table-runner","12":"first","13":"instock","14":"shipping-taxable","15":"product-type-simple","16":"entry","17":"content-bg","18":"loop-entry"},"_links":{"self":[{"href":"https:\/\/cmykprinted.com\/tr\/wp-json\/wp\/v2\/product\/2883","targetHints":{"allow":["GET"]}}],"collection":[{"href":"https:\/\/cmykprinted.com\/tr\/wp-json\/wp\/v2\/product"}],"about":[{"href":"https:\/\/cmykprinted.com\/tr\/wp-json\/wp\/v2\/types\/product"}],"version-history":[{"count":1,"href":"https:\/\/cmykprinted.com\/tr\/wp-json\/wp\/v2\/product\/2883\/revisions"}],"predecessor-version":[{"id":2890,"href":"https:\/\/cmykprinted.com\/tr\/wp-json\/wp\/v2\/product\/2883\/revisions\/2890"}],"wp:featuredmedia":[{"embeddable":true,"href":"https:\/\/cmykprinted.com\/tr\/wp-json\/wp\/v2\/media\/2884"}],"wp:attachment":[{"href":"https:\/\/cmykprinted.com\/tr\/wp-json\/wp\/v2\/media?parent=2883"}],"wp:term":[{"taxonomy":"product_cat","embeddable":true,"href":"https:\/\/cmykprinted.com\/tr\/wp-json\/wp\/v2\/product_cat?post=2883"},{"taxonomy":"product_tag","embeddable":true,"href":"https:\/\/cmykprinted.com\/tr\/wp-json\/wp\/v2\/product_tag?post=2883"}],"curies":[{"name":"wp","href":"https:\/\/api.w.org\/{rel}","templated":true}]}}