{"id":2901,"date":"2025-11-07T02:21:11","date_gmt":"2025-11-07T02:21:11","guid":{"rendered":"https:\/\/cmykprinted.com\/?post_type=product&#038;p=2901"},"modified":"2025-11-07T02:21:11","modified_gmt":"2025-11-07T02:21:11","slug":"trade-show-table-covers-with-logo","status":"publish","type":"product","link":"https:\/\/cmykprinted.com\/tr\/urun\/fuar-masa-ortuleri-logolu\/","title":{"rendered":"48 Saat Teslimat S\u00fcreli Logolu Fuar Masa \u00d6rt\u00fcleri"},"content":{"rendered":"","protected":false},"excerpt":{"rendered":"<p>Profesyonel markala\u015fmaya h\u0131zl\u0131 bir \u015fekilde ihtiya\u00e7 duyan i\u015fletmeler i\u00e7in tasarlanm\u0131\u015f Logolu Fuar Masa \u00d6rt\u00fclerimizle etkinlik varl\u0131\u011f\u0131n\u0131z\u0131 an\u0131nda art\u0131r\u0131n.<\/p>\n<p>Bu birinci s\u0131n\u0131f fuar masa \u00f6rt\u00fcleri, logonuzu, mesaj\u0131n\u0131z\u0131 ve g\u00f6rsellerinizi maksimum etkiyle vurgulamak i\u00e7in y\u00fcksek \u00e7\u00f6z\u00fcn\u00fcrl\u00fckl\u00fc, tam renkli bask\u0131yla tamamen \u00f6zelle\u015ftirilmi\u015ftir.<\/p>\n<p>Herhangi bir te\u015fhir stand\u0131n\u0131 bir \u00fcst seviyeye ta\u015f\u0131mak i\u00e7in tasarlanan \u00f6zel bask\u0131l\u0131 fuar masa \u00f6rt\u00fclerimiz, s\u0131radan masalar\u0131 dikkat \u00e7ekici marka vitrinlerine d\u00f6n\u00fc\u015ft\u00fcr\u00fcyor.<\/p>\n<p>Garantili 48 saatlik teslimat s\u00fcremizle, son dakika fuarlar\u0131na, konferanslara ve pazarlama etkinliklerine kaliteden \u00f6d\u00fcn vermeden g\u00fcvenle haz\u0131rlanabilirsiniz. Dayan\u0131kl\u0131 ve k\u0131r\u0131\u015fmaya dayan\u0131kl\u0131 kuma\u015ftan \u00fcretilen fuar masa \u00f6rt\u00fclerimiz, her t\u00fcrl\u00fc stant d\u00fczenine uyum sa\u011flayacak \u015fekilde, v\u00fccuda oturan, esnek ve d\u00f6k\u00fcml\u00fc modellerde mevcuttur.<\/p>\n<p>Kullan\u0131m\u0131 kolay, tekrar kullan\u0131labilir ve her etkinlikte tutarl\u0131 ve profesyonel bir sunum isteyen \u015firketler i\u00e7in idealdir.<\/p>\n<p>Bir sonraki fuar\u0131n\u0131zda \u00f6ne \u00e7\u0131kmak ve daha fazla ziyaret\u00e7i \u00e7ekmek i\u00e7in h\u0131zl\u0131, g\u00fcvenilir ve y\u00fcksek kaliteli fuar masa \u00f6rt\u00fclerimizi se\u00e7in.<\/p>\n<div style=\"width: 1280px;\" class=\"wp-video\"><!--[if lt IE 9]><script>document.createElement('video');<\/script><![endif]--><br \/>\n<video class=\"wp-video-shortcode\" id=\"video-2901-1\" width=\"1280\" height=\"720\" preload=\"metadata\" controls=\"controls\"><source type=\"video\/mp4\" src=\"https:\/\/cmykprinted.com\/wp-content\/uploads\/2025\/11\/Trade-Show-Table-Covers-with-Logo.mp4?_=1\" \/><a href=\"https:\/\/cmykprinted.com\/wp-content\/uploads\/2025\/11\/Trade-Show-Table-Covers-with-Logo.mp4\">https:\/\/cmykprinted.com\/wp-content\/uploads\/2025\/11\/Trade-Show-Table-Covers-with-Logo.mp4<\/a><\/video><\/div>","protected":false},"featured_media":2903,"template":"","meta":{"_kad_post_transparent":"default","_kad_post_title":"hide","_kad_post_layout":"fullwidth","_kad_post_sidebar_id":"","_kad_post_content_style":"unboxed","_kad_post_vertical_padding":"hide","_kad_post_feature":"hide","_kad_post_feature_position":"","_kad_post_header":false,"_kad_post_footer":false},"product_cat":[80,81],"product_tag":[676,675,677],"class_list":{"0":"post-2901","1":"product","2":"type-product","3":"status-publish","4":"has-post-thumbnail","6":"product_cat-custom-tablecloth","7":"product_cat-custom-stretch-tablecloth","8":"product_tag-table-covers","9":"product_tag-trade-show-table-covers","10":"product_tag-trade-show-table-covers-with-logo","12":"first","13":"instock","14":"shipping-taxable","15":"product-type-simple","16":"entry","17":"content-bg","18":"loop-entry"},"_links":{"self":[{"href":"https:\/\/cmykprinted.com\/tr\/wp-json\/wp\/v2\/product\/2901","targetHints":{"allow":["GET"]}}],"collection":[{"href":"https:\/\/cmykprinted.com\/tr\/wp-json\/wp\/v2\/product"}],"about":[{"href":"https:\/\/cmykprinted.com\/tr\/wp-json\/wp\/v2\/types\/product"}],"version-history":[{"count":1,"href":"https:\/\/cmykprinted.com\/tr\/wp-json\/wp\/v2\/product\/2901\/revisions"}],"predecessor-version":[{"id":2907,"href":"https:\/\/cmykprinted.com\/tr\/wp-json\/wp\/v2\/product\/2901\/revisions\/2907"}],"wp:featuredmedia":[{"embeddable":true,"href":"https:\/\/cmykprinted.com\/tr\/wp-json\/wp\/v2\/media\/2903"}],"wp:attachment":[{"href":"https:\/\/cmykprinted.com\/tr\/wp-json\/wp\/v2\/media?parent=2901"}],"wp:term":[{"taxonomy":"product_cat","embeddable":true,"href":"https:\/\/cmykprinted.com\/tr\/wp-json\/wp\/v2\/product_cat?post=2901"},{"taxonomy":"product_tag","embeddable":true,"href":"https:\/\/cmykprinted.com\/tr\/wp-json\/wp\/v2\/product_tag?post=2901"}],"curies":[{"name":"wp","href":"https:\/\/api.w.org\/{rel}","templated":true}]}}