{"id":393,"date":"2022-12-03T03:54:51","date_gmt":"2022-12-03T03:54:51","guid":{"rendered":"https:\/\/cmykprinted.com\/?post_type=product&#038;p=393"},"modified":"2022-12-09T09:14:36","modified_gmt":"2022-12-09T09:14:36","slug":"custom-printed-advertising-promotional-beach-feather-flag","status":"publish","type":"product","link":"https:\/\/cmykprinted.com\/tr\/urun\/custom-printed-advertising-promotional-beach-feather-flag\/","title":{"rendered":"\u00d6zel Bask\u0131l\u0131 Reklam Promosyon Plaj T\u00fcy Bayra\u011f\u0131"},"content":{"rendered":"","protected":false},"excerpt":{"rendered":"<p>Kalabal\u0131k bir caddede veya kalabal\u0131k fuar etkinliklerinde \u00f6ne \u00e7\u0131kmaya m\u0131 \u00e7al\u0131\u015f\u0131yorsunuz? Cesur \u00f6zel bayraklar, bir \u00e7ift\u00e7i pazar\u0131nda, ticaret fuar\u0131nda veya g\u0131da kamyonunda i\u015fimize dikkat \u00e7ekmenin kan\u0131tlanm\u0131\u015f bir yoludur. Ayn\u0131 zamanda etkili, y\u00fcksek g\u00f6r\u00fcn\u00fcrl\u00fckl\u00fc pazarlamad\u0131r \u2013 i\u015fletmenizin ad\u0131n\u0131, logosunu ve renklerini hem yayalar hem de karayolu trafi\u011fi taraf\u0131ndan fark ettirebilmeniz i\u00e7in bir f\u0131rsat. Reklam bayraklar\u0131m\u0131z, d\u00fcz bir y\u00fczeye kurman\u0131z i\u00e7in ihtiyac\u0131n\u0131z olan her \u015feyle birlikte gelir. Paketiniz, hava ko\u015fullar\u0131na dayan\u0131kl\u0131 bir polyester bayrak, fiberglas ve al\u00fcminyum direk, bir zemin kaz\u0131\u011f\u0131 taban\u0131 ve hatta kolay ta\u015f\u0131ma i\u00e7in yumu\u015fak bir k\u0131l\u0131f i\u00e7erecektir. Sekt\u00f6re ve etkinli\u011fe \u00f6zg\u00fc se\u00e7enekler de dahil olmak \u00fczere \u00f6zel bayrak \u015fablonlar\u0131 galerimizi ke\u015ffedin. Favori bir se\u00e7enek buldu\u011funuzda, \u00f6zel ayr\u0131nt\u0131lar\u0131n\u0131z\u0131 \u00e7evrimi\u00e7i tasar\u0131m st\u00fcdyomuzda ekleyin. Gerisini biz hallederiz, sipari\u015finizi profesyonelce yazd\u0131r\u0131r ve g\u00f6ndeririz. Reklam bayra\u011f\u0131n\u0131z harika g\u00f6r\u00fcnecek ve dikkatleri \u00fczerinize \u00e7ekmeye haz\u0131r olacak.<\/p>\n<div style=\"width: 1280px;\" class=\"wp-video\"><!--[if lt IE 9]><script>document.createElement('video');<\/script><![endif]--><br \/>\n<video class=\"wp-video-shortcode\" id=\"video-393-1\" width=\"1280\" height=\"720\" loop autoplay preload=\"auto\" controls=\"controls\"><source type=\"video\/mp4\" src=\"http:\/\/cmykprinted.com\/wp-content\/uploads\/2022\/12\/Custom-Printed-Advertising-Promotional-Beach-Feather-Flag.mp4?_=1\" \/><a href=\"http:\/\/cmykprinted.com\/wp-content\/uploads\/2022\/12\/Custom-Printed-Advertising-Promotional-Beach-Feather-Flag.mp4\">http:\/\/cmykprinted.com\/wp-content\/uploads\/2022\/12\/Custom-Printed-Advertising-Promotional-Beach-Feather-Flag.mp4<\/a><\/video><\/div>","protected":false},"featured_media":394,"template":"","meta":{"_kad_post_transparent":"default","_kad_post_title":"hide","_kad_post_layout":"fullwidth","_kad_post_sidebar_id":"","_kad_post_content_style":"unboxed","_kad_post_vertical_padding":"hide","_kad_post_feature":"hide","_kad_post_feature_position":"","_kad_post_header":false,"_kad_post_footer":false},"product_cat":[64,65,66,67],"product_tag":[107,104,105,106,108],"class_list":{"0":"post-393","1":"product","2":"type-product","3":"status-publish","4":"has-post-thumbnail","6":"product_cat-beach-flags","7":"product_cat-feather-flags-banners","8":"product_cat-rectangular-flags-banners","9":"product_cat-teardrop-flags-banners","10":"product_tag-advertising-beach-flag","11":"product_tag-beach-feather-flag","12":"product_tag-custom-beach-flag","13":"product_tag-custom-beach-flag-feather-flag","14":"product_tag-promotional-beach-flag","16":"first","17":"instock","18":"shipping-taxable","19":"product-type-simple","20":"entry","21":"content-bg","22":"loop-entry"},"_links":{"self":[{"href":"https:\/\/cmykprinted.com\/tr\/wp-json\/wp\/v2\/product\/393","targetHints":{"allow":["GET"]}}],"collection":[{"href":"https:\/\/cmykprinted.com\/tr\/wp-json\/wp\/v2\/product"}],"about":[{"href":"https:\/\/cmykprinted.com\/tr\/wp-json\/wp\/v2\/types\/product"}],"version-history":[{"count":3,"href":"https:\/\/cmykprinted.com\/tr\/wp-json\/wp\/v2\/product\/393\/revisions"}],"predecessor-version":[{"id":433,"href":"https:\/\/cmykprinted.com\/tr\/wp-json\/wp\/v2\/product\/393\/revisions\/433"}],"wp:featuredmedia":[{"embeddable":true,"href":"https:\/\/cmykprinted.com\/tr\/wp-json\/wp\/v2\/media\/394"}],"wp:attachment":[{"href":"https:\/\/cmykprinted.com\/tr\/wp-json\/wp\/v2\/media?parent=393"}],"wp:term":[{"taxonomy":"product_cat","embeddable":true,"href":"https:\/\/cmykprinted.com\/tr\/wp-json\/wp\/v2\/product_cat?post=393"},{"taxonomy":"product_tag","embeddable":true,"href":"https:\/\/cmykprinted.com\/tr\/wp-json\/wp\/v2\/product_tag?post=393"}],"curies":[{"name":"wp","href":"https:\/\/api.w.org\/{rel}","templated":true}]}}