{"id":510,"date":"2022-12-17T13:15:19","date_gmt":"2022-12-17T13:15:19","guid":{"rendered":"https:\/\/cmykprinted.com\/?post_type=product&#038;p=510"},"modified":"2022-12-17T14:48:04","modified_gmt":"2022-12-17T14:48:04","slug":"outdoor-flexible-custom-printed-fence-mesh-banners-signs","status":"publish","type":"product","link":"https:\/\/cmykprinted.com\/tr\/urun\/outdoor-flexible-custom-printed-fence-mesh-banners-signs\/","title":{"rendered":"A\u00e7\u0131k Hava Esnek \u00d6zel Bask\u0131l\u0131 \u00c7it \u00d6rg\u00fc Afi\u015fleri Tabelalar\u0131"},"content":{"rendered":"","protected":false},"excerpt":{"rendered":"<p>Tel \u00f6rg\u00fc afi\u015fler, r\u00fczgar ve di\u011fer olumsuz hava ko\u015fullar\u0131na dayanacak \u015fekilde tasarlanm\u0131\u015f bir t\u00fcr d\u0131\u015f mekan reklam malzemesidir. R\u00fczgar\u0131n ge\u00e7mesine izin veren a\u011f benzeri bir malzemeden yap\u0131l\u0131rlar, bu da r\u00fczgarda kanat \u00e7\u0131rpma veya dalgalanma olas\u0131l\u0131\u011f\u0131n\u0131 azalt\u0131r. Bu onlar\u0131 \u00f6zellikle direkler aras\u0131 te\u015fhirlerde, bina giydirmelerinde ve iskele tabelalar\u0131nda kullan\u0131ma uygun hale getirir. Kafes afi\u015fler tipik olarak birinci s\u0131n\u0131f 440 GSM a\u011f vinil \u00fczerine bas\u0131l\u0131r ve bir yap\u0131ya kolayca as\u0131lmalar\u0131na veya ili\u015ftirilmelerine izin vermek i\u00e7in sar\u0131l\u0131 ve delikli olarak sa\u011flan\u0131r. \u0130\u015fletmenizi veya etkinli\u011finizi tan\u0131tman\u0131n ve tan\u0131tman\u0131n uygun maliyetli bir yolu olabilirler ve fabrikam\u0131z b\u00fcy\u00fck sipari\u015flerde toplu indirimler sunabilir.<\/p>\n<div style=\"width: 1290px;\" class=\"wp-video\"><!--[if lt IE 9]><script>document.createElement('video');<\/script><![endif]--><br \/>\n<video class=\"wp-video-shortcode\" id=\"video-510-1\" width=\"1290\" height=\"726\" loop autoplay preload=\"auto\" controls=\"controls\"><source type=\"video\/mp4\" src=\"http:\/\/cmykprinted.com\/wp-content\/uploads\/2022\/12\/Fence-Mesh-Banners.mp4?_=1\" \/><a href=\"http:\/\/cmykprinted.com\/wp-content\/uploads\/2022\/12\/Fence-Mesh-Banners.mp4\">http:\/\/cmykprinted.com\/wp-content\/uploads\/2022\/12\/Fence-Mesh-Banners.mp4<\/a><\/video><\/div>\n<p>&nbsp;<\/p>","protected":false},"featured_media":512,"template":"","meta":{"_kad_post_transparent":"default","_kad_post_title":"hide","_kad_post_layout":"fullwidth","_kad_post_sidebar_id":"","_kad_post_content_style":"unboxed","_kad_post_vertical_padding":"hide","_kad_post_feature":"hide","_kad_post_feature_position":"","_kad_post_header":false,"_kad_post_footer":false},"product_cat":[85,87,86],"product_tag":[123,121,124,122],"class_list":{"0":"post-510","1":"product","2":"type-product","3":"status-publish","4":"has-post-thumbnail","6":"product_cat-outdoor-vinyl-banners","7":"product_cat-fabric-mesh-banners","8":"product_cat-fence-mesh-banners","9":"product_tag-custom-mesh-banners","10":"product_tag-fence-mesh-banners","11":"product_tag-flexible-mesh-banners","12":"product_tag-outdoor-mesh-banners","14":"first","15":"instock","16":"shipping-taxable","17":"product-type-simple","18":"entry","19":"content-bg","20":"loop-entry"},"_links":{"self":[{"href":"https:\/\/cmykprinted.com\/tr\/wp-json\/wp\/v2\/product\/510","targetHints":{"allow":["GET"]}}],"collection":[{"href":"https:\/\/cmykprinted.com\/tr\/wp-json\/wp\/v2\/product"}],"about":[{"href":"https:\/\/cmykprinted.com\/tr\/wp-json\/wp\/v2\/types\/product"}],"version-history":[{"count":4,"href":"https:\/\/cmykprinted.com\/tr\/wp-json\/wp\/v2\/product\/510\/revisions"}],"predecessor-version":[{"id":522,"href":"https:\/\/cmykprinted.com\/tr\/wp-json\/wp\/v2\/product\/510\/revisions\/522"}],"wp:featuredmedia":[{"embeddable":true,"href":"https:\/\/cmykprinted.com\/tr\/wp-json\/wp\/v2\/media\/512"}],"wp:attachment":[{"href":"https:\/\/cmykprinted.com\/tr\/wp-json\/wp\/v2\/media?parent=510"}],"wp:term":[{"taxonomy":"product_cat","embeddable":true,"href":"https:\/\/cmykprinted.com\/tr\/wp-json\/wp\/v2\/product_cat?post=510"},{"taxonomy":"product_tag","embeddable":true,"href":"https:\/\/cmykprinted.com\/tr\/wp-json\/wp\/v2\/product_tag?post=510"}],"curies":[{"name":"wp","href":"https:\/\/api.w.org\/{rel}","templated":true}]}}