{"id":549,"date":"2022-12-18T09:53:56","date_gmt":"2022-12-18T09:53:56","guid":{"rendered":"https:\/\/cmykprinted.com\/?post_type=product&#038;p=549"},"modified":"2022-12-18T10:09:57","modified_gmt":"2022-12-18T10:09:57","slug":"custom-shop-front-flag-double-sided-wall-flag-banner-sign","status":"publish","type":"product","link":"https:\/\/cmykprinted.com\/tr\/urun\/custom-shop-front-flag-double-sided-wall-flag-banner-sign\/","title":{"rendered":"\u00d6zel Ma\u011faza \u00d6n Bayra\u011f\u0131 \u00c7ift Tarafl\u0131 Duvar Bayra\u011f\u0131 Banner Burcu"},"content":{"rendered":"","protected":false},"excerpt":{"rendered":"<p>Ma\u011faza \u00f6n bayraklar\u0131, i\u015fletmelerin \u00fcr\u00fcnlerini veya hizmetlerini yoldan ge\u00e7enlere tan\u0131tman\u0131n pop\u00fcler bir yoludur. Tipik olarak bir ma\u011fazan\u0131n veya d\u00fckkan\u0131n d\u0131\u015f\u0131na monte edilirler ve g\u00f6z al\u0131c\u0131 olacak ve dikkat \u00e7ekecek \u015fekilde tasarlan\u0131rlar. \u0130ki ana ma\u011faza \u00f6n bayra\u011f\u0131 t\u00fcr\u00fc sivri ve d\u00fcz kenar stilleridir. Sivri kenarl\u0131 bayraklar \u00fc\u00e7gen bir \u015fekle sahiptir ve tipik olarak bir dire\u011fe monte edilirken, d\u00fcz kenarl\u0131 bayraklar dikd\u00f6rtgendir ve duvara monte edilebilir veya tavandan as\u0131labilir. Her iki tip bayrak da i\u015fletmenin ihtiyac\u0131na g\u00f6re tek veya \u00e7ift tarafl\u0131 olarak bask\u0131 yap\u0131labilmektedir.<br \/>\nMa\u011faza \u00f6n bayraklar\u0131 genellikle al\u00fcminyum veya kuma\u015ftan yap\u0131l\u0131r ve UV dijital bask\u0131 veya s\u00fcblimasyon dahil olmak \u00fczere \u00e7e\u015fitli y\u00f6ntemlerle bas\u0131labilir. UV dijital bask\u0131, m\u00fcrekkebi iyile\u015ftirmek i\u00e7in UV \u0131\u015f\u0131\u011f\u0131n\u0131 kullanan bir i\u015flemdir, bu da daha uzun s\u00fcre dayanan renk ve solmaya ve su hasar\u0131na kar\u015f\u0131 geli\u015ftirilmi\u015f diren\u00e7le sonu\u00e7lan\u0131r. S\u00fcblimasyon, m\u00fcrekkebi \u00f6zel bir ka\u011f\u0131ttan kuma\u015fa aktarmak i\u00e7in \u0131s\u0131 kullanan ve canl\u0131 ve keskin bir y\u00fczey elde edilen bir i\u015flemdir.<\/p>\n<p>&nbsp;<\/p>","protected":false},"featured_media":550,"template":"","meta":{"_kad_post_transparent":"default","_kad_post_title":"hide","_kad_post_layout":"fullwidth","_kad_post_sidebar_id":"","_kad_post_content_style":"unboxed","_kad_post_vertical_padding":"hide","_kad_post_feature":"hide","_kad_post_feature_position":"","_kad_post_header":false,"_kad_post_footer":false},"product_cat":[79],"product_tag":[131,133,132,129,130],"class_list":{"0":"post-549","1":"product","2":"type-product","3":"status-publish","4":"has-post-thumbnail","6":"product_cat-custom-flags","7":"product_tag-custom-flag","8":"product_tag-custom-wall-sign","9":"product_tag-double-sided-wall-flag","10":"product_tag-shop-front-flag","11":"product_tag-wall-flag","13":"first","14":"instock","15":"shipping-taxable","16":"product-type-simple","17":"entry","18":"content-bg","19":"loop-entry"},"_links":{"self":[{"href":"https:\/\/cmykprinted.com\/tr\/wp-json\/wp\/v2\/product\/549","targetHints":{"allow":["GET"]}}],"collection":[{"href":"https:\/\/cmykprinted.com\/tr\/wp-json\/wp\/v2\/product"}],"about":[{"href":"https:\/\/cmykprinted.com\/tr\/wp-json\/wp\/v2\/types\/product"}],"version-history":[{"count":2,"href":"https:\/\/cmykprinted.com\/tr\/wp-json\/wp\/v2\/product\/549\/revisions"}],"predecessor-version":[{"id":556,"href":"https:\/\/cmykprinted.com\/tr\/wp-json\/wp\/v2\/product\/549\/revisions\/556"}],"wp:featuredmedia":[{"embeddable":true,"href":"https:\/\/cmykprinted.com\/tr\/wp-json\/wp\/v2\/media\/550"}],"wp:attachment":[{"href":"https:\/\/cmykprinted.com\/tr\/wp-json\/wp\/v2\/media?parent=549"}],"wp:term":[{"taxonomy":"product_cat","embeddable":true,"href":"https:\/\/cmykprinted.com\/tr\/wp-json\/wp\/v2\/product_cat?post=549"},{"taxonomy":"product_tag","embeddable":true,"href":"https:\/\/cmykprinted.com\/tr\/wp-json\/wp\/v2\/product_tag?post=549"}],"curies":[{"name":"wp","href":"https:\/\/api.w.org\/{rel}","templated":true}]}}