{"id":590,"date":"2022-12-19T03:28:56","date_gmt":"2022-12-19T03:28:56","guid":{"rendered":"https:\/\/cmykprinted.com\/?post_type=product&#038;p=590"},"modified":"2022-12-19T05:12:32","modified_gmt":"2022-12-19T05:12:32","slug":"high-quality-custom-uv-transfer-stickers-in-various-colors","status":"publish","type":"product","link":"https:\/\/cmykprinted.com\/tr\/urun\/high-quality-custom-uv-transfer-stickers-in-various-colors\/","title":{"rendered":"\u00c7e\u015fitli Renklerde Y\u00fcksek Kaliteli \u00d6zel UV Transfer Etiketleri"},"content":{"rendered":"","protected":false},"excerpt":{"rendered":"<p>\u00d6zel UV transfer etiketlerimiz, i\u015finizi tan\u0131tman\u0131n veya arac\u0131n\u0131za ki\u015fisel bir dokunu\u015f katman\u0131n m\u00fckemmel ve uygun maliyetli bir yoludur. Yans\u0131t\u0131c\u0131, par\u0131lt\u0131l\u0131 ve holografik se\u00e7enekler de dahil olmak \u00fczere 50&#039;den fazla \u00f6zel malzeme ve renk aras\u0131ndan ihtiya\u00e7lar\u0131n\u0131za uygun m\u00fckemmel transfer etiketini olu\u015fturabilirsiniz. \u0130ster i\u015finizin, markan\u0131z\u0131n veya grubunuzun reklam\u0131n\u0131 yapmak i\u00e7in \u015firket ara\u00e7lar\u0131n\u0131z\u0131 kullanmak isteyin, ister sadece araban\u0131za biraz ki\u015filik katmak isteyin, \u00f6zel \u00e7\u0131kartmalar\u0131m\u0131z m\u00fckemmel bir se\u00e7imdir. Ayr\u0131ca, kullan\u0131m\u0131 kolay tasar\u0131m arac\u0131m\u0131z, nereye giderseniz gidin fark edilmenizi sa\u011flayacak destans\u0131, hareket halinde \u00f6zel \u00e7\u0131kartmalar olu\u015fturmay\u0131 kolayla\u015ft\u0131r\u0131r. \u00d6yleyse neden bekleyelim? \u00d6zel UV transfer etiketlerinizi tasarlamaya bug\u00fcn ba\u015flay\u0131n ve pazarlama \u00e7abalar\u0131n\u0131z\u0131 bir sonraki seviyeye ta\u015f\u0131y\u0131n!<\/p>\n<div style=\"width: 1290px;\" class=\"wp-video\"><!--[if lt IE 9]><script>document.createElement('video');<\/script><![endif]--><br \/>\n<video class=\"wp-video-shortcode\" id=\"video-590-1\" width=\"1290\" height=\"726\" loop autoplay preload=\"auto\" controls=\"controls\"><source type=\"video\/mp4\" src=\"http:\/\/cmykprinted.com\/wp-content\/uploads\/2022\/12\/UV-Transfer-Stickers.mp4?_=1\" \/><a href=\"http:\/\/cmykprinted.com\/wp-content\/uploads\/2022\/12\/UV-Transfer-Stickers.mp4\">http:\/\/cmykprinted.com\/wp-content\/uploads\/2022\/12\/UV-Transfer-Stickers.mp4<\/a><\/video><\/div>\n<p>&nbsp;<\/p>","protected":false},"featured_media":591,"template":"","meta":{"_kad_post_transparent":"default","_kad_post_title":"hide","_kad_post_layout":"fullwidth","_kad_post_sidebar_id":"","_kad_post_content_style":"unboxed","_kad_post_vertical_padding":"hide","_kad_post_feature":"hide","_kad_post_feature_position":"","_kad_post_header":false,"_kad_post_footer":false},"product_cat":[101,103],"product_tag":[139,141,140,138],"class_list":{"0":"post-590","1":"product","2":"type-product","3":"status-publish","4":"has-post-thumbnail","6":"product_cat-transfer-stickers","7":"product_cat-uv-transfer-stickers","8":"product_tag-custom-uv-sticker","9":"product_tag-custom-uv-transfer-stickers","10":"product_tag-high-quality-transfer-stickers","11":"product_tag-uv-transfer-stickers","13":"first","14":"instock","15":"shipping-taxable","16":"product-type-simple","17":"entry","18":"content-bg","19":"loop-entry"},"_links":{"self":[{"href":"https:\/\/cmykprinted.com\/tr\/wp-json\/wp\/v2\/product\/590","targetHints":{"allow":["GET"]}}],"collection":[{"href":"https:\/\/cmykprinted.com\/tr\/wp-json\/wp\/v2\/product"}],"about":[{"href":"https:\/\/cmykprinted.com\/tr\/wp-json\/wp\/v2\/types\/product"}],"version-history":[{"count":3,"href":"https:\/\/cmykprinted.com\/tr\/wp-json\/wp\/v2\/product\/590\/revisions"}],"predecessor-version":[{"id":598,"href":"https:\/\/cmykprinted.com\/tr\/wp-json\/wp\/v2\/product\/590\/revisions\/598"}],"wp:featuredmedia":[{"embeddable":true,"href":"https:\/\/cmykprinted.com\/tr\/wp-json\/wp\/v2\/media\/591"}],"wp:attachment":[{"href":"https:\/\/cmykprinted.com\/tr\/wp-json\/wp\/v2\/media?parent=590"}],"wp:term":[{"taxonomy":"product_cat","embeddable":true,"href":"https:\/\/cmykprinted.com\/tr\/wp-json\/wp\/v2\/product_cat?post=590"},{"taxonomy":"product_tag","embeddable":true,"href":"https:\/\/cmykprinted.com\/tr\/wp-json\/wp\/v2\/product_tag?post=590"}],"curies":[{"name":"wp","href":"https:\/\/api.w.org\/{rel}","templated":true}]}}