{"id":599,"date":"2022-12-21T12:16:59","date_gmt":"2022-12-21T12:16:59","guid":{"rendered":"https:\/\/cmykprinted.com\/?post_type=product&#038;p=599"},"modified":"2022-12-21T13:11:04","modified_gmt":"2022-12-21T13:11:04","slug":"outdoor-promotional-custom-rectangular-beach-flags-banners","status":"publish","type":"product","link":"https:\/\/cmykprinted.com\/tr\/urun\/outdoor-promotional-custom-rectangular-beach-flags-banners\/","title":{"rendered":"A\u00e7\u0131k Promosyon \u00d6zel Dikd\u00f6rtgen Plaj Bayraklar\u0131 Afi\u015fler"},"content":{"rendered":"","protected":false},"excerpt":{"rendered":"<p>Dikd\u00f6rtgen Plaj Bayra\u011f\u0131 di\u011fer bayrak bask\u0131 \u00fcr\u00fcnlerinden farkl\u0131 olarak d\u00fcz ve gergin kal\u0131r ve en f\u0131rt\u0131nal\u0131 ko\u015fullarda bile r\u00fczgarla birlikte d\u00f6nmez. Bunun nedeni, bayra\u011f\u0131 dik ve sabit tutmak i\u00e7in hafif, dayan\u0131kl\u0131 malzemeler ve sa\u011flam bir taban kullanan benzersiz tasar\u0131m\u0131 ve yap\u0131s\u0131d\u0131r. U\u00e7an pankart olarak da bilinen bu \u00f6zel plaj bayra\u011f\u0131, reklam materyalinde net bir \u015fekilde okunabilir metinlere sahip olman\u0131n \u00f6nemli oldu\u011fu durumlarda kullan\u0131m i\u00e7in idealdir. Bu bask\u0131l\u0131 bayraklar, ticari fuarlar, etkinlikler ve di\u011fer a\u00e7\u0131k hava toplant\u0131lar\u0131 i\u00e7in pop\u00fcler bir reklam bi\u00e7imidir ve hem i\u00e7 hem de d\u0131\u015f mekanlarda kullan\u0131ma uygundur. Bayra\u011f\u0131n her iki taraf\u0131na da bas\u0131ld\u0131\u011f\u0131 \u00e7ift tarafl\u0131 se\u00e7ene\u011fi, maksimum etki ve g\u00f6r\u00fcn\u00fcrl\u00fck i\u00e7in mevcuttur ve \u00f6zellikle bayra\u011f\u0131n birden fazla a\u00e7\u0131dan g\u00f6r\u00fcnt\u00fclenece\u011fi durumlarda kullan\u0131\u015fl\u0131d\u0131r. Bu bayraklar i\u00e7in mevcut olan \u00e7e\u015fitli boyutlar ve tabanlar hakk\u0131nda daha fazla bilgi i\u00e7in l\u00fctfen \u00f6zellikler sekmesine bak\u0131n.<\/p>\n<div style=\"width: 1290px;\" class=\"wp-video\"><!--[if lt IE 9]><script>document.createElement('video');<\/script><![endif]--><br \/>\n<video class=\"wp-video-shortcode\" id=\"video-599-1\" width=\"1290\" height=\"726\" loop autoplay preload=\"auto\" controls=\"controls\"><source type=\"video\/mp4\" src=\"http:\/\/cmykprinted.com\/wp-content\/uploads\/2022\/12\/Rectangular-Beach-Flags.mp4?_=1\" \/><a href=\"http:\/\/cmykprinted.com\/wp-content\/uploads\/2022\/12\/Rectangular-Beach-Flags.mp4\">http:\/\/cmykprinted.com\/wp-content\/uploads\/2022\/12\/Rectangular-Beach-Flags.mp4<\/a><\/video><\/div>","protected":false},"featured_media":600,"template":"","meta":{"_kad_post_transparent":"default","_kad_post_title":"hide","_kad_post_layout":"fullwidth","_kad_post_sidebar_id":"","_kad_post_content_style":"unboxed","_kad_post_vertical_padding":"hide","_kad_post_feature":"hide","_kad_post_feature_position":"","_kad_post_header":false,"_kad_post_footer":false},"product_cat":[64,66],"product_tag":[144,142,146,143,145],"class_list":{"0":"post-599","1":"product","2":"type-product","3":"status-publish","4":"has-post-thumbnail","6":"product_cat-beach-flags","7":"product_cat-rectangular-flags-banners","8":"product_tag-custom-beach-flags","9":"product_tag-outdoor-beach-flags","10":"product_tag-outdoor-promotional-beach-banners","11":"product_tag-promotional-beach-flags","12":"product_tag-rectangular-beach-flags","14":"first","15":"instock","16":"shipping-taxable","17":"product-type-simple","18":"entry","19":"content-bg","20":"loop-entry"},"_links":{"self":[{"href":"https:\/\/cmykprinted.com\/tr\/wp-json\/wp\/v2\/product\/599","targetHints":{"allow":["GET"]}}],"collection":[{"href":"https:\/\/cmykprinted.com\/tr\/wp-json\/wp\/v2\/product"}],"about":[{"href":"https:\/\/cmykprinted.com\/tr\/wp-json\/wp\/v2\/types\/product"}],"version-history":[{"count":5,"href":"https:\/\/cmykprinted.com\/tr\/wp-json\/wp\/v2\/product\/599\/revisions"}],"predecessor-version":[{"id":611,"href":"https:\/\/cmykprinted.com\/tr\/wp-json\/wp\/v2\/product\/599\/revisions\/611"}],"wp:featuredmedia":[{"embeddable":true,"href":"https:\/\/cmykprinted.com\/tr\/wp-json\/wp\/v2\/media\/600"}],"wp:attachment":[{"href":"https:\/\/cmykprinted.com\/tr\/wp-json\/wp\/v2\/media?parent=599"}],"wp:term":[{"taxonomy":"product_cat","embeddable":true,"href":"https:\/\/cmykprinted.com\/tr\/wp-json\/wp\/v2\/product_cat?post=599"},{"taxonomy":"product_tag","embeddable":true,"href":"https:\/\/cmykprinted.com\/tr\/wp-json\/wp\/v2\/product_tag?post=599"}],"curies":[{"name":"wp","href":"https:\/\/api.w.org\/{rel}","templated":true}]}}