{"id":612,"date":"2022-12-21T13:15:52","date_gmt":"2022-12-21T13:15:52","guid":{"rendered":"https:\/\/cmykprinted.com\/?post_type=product&#038;p=612"},"modified":"2022-12-21T14:08:22","modified_gmt":"2022-12-21T14:08:22","slug":"outdoor-folding-50mm-heavy-duty-hexagonal-aluminum-tents","status":"publish","type":"product","link":"https:\/\/cmykprinted.com\/tr\/urun\/outdoor-folding-50mm-heavy-duty-hexagonal-aluminum-tents\/","title":{"rendered":"A\u00e7\u0131k Katlan\u0131r 50mm A\u011f\u0131r Hizmet Alt\u0131gen Al\u00fcminyum \u00c7ad\u0131rlar"},"content":{"rendered":"","protected":false},"excerpt":{"rendered":"<p>50 mm&#039;lik a\u011f\u0131r hizmet tipi alt\u0131gen al\u00fcminyum \u00e7ad\u0131rlar\u0131m\u0131z, bit pazarlar\u0131, zanaat g\u00f6sterileri, spor etkinlikleri ve sanat festivalleri dahil her t\u00fcr a\u00e7\u0131k hava etkinli\u011fi i\u00e7in nihai \u00e7\u00f6z\u00fcmd\u00fcr. Ayn\u0131 zamanda i\u00e7 mekan kullan\u0131m\u0131 i\u00e7in de uygundurlar, bu da onlar\u0131 inan\u0131lmaz derecede \u00e7ok y\u00f6nl\u00fc ve kullan\u0131\u015fl\u0131 hale getirir. Kanopi \u00fcstleri, hem suya dayan\u0131kl\u0131 hem de UV korumal\u0131 m\u00fcrekkeplerle bas\u0131lm\u0131\u015f a\u011f\u0131r hizmet tipi polyesterden yap\u0131lm\u0131\u015ft\u0131r, bu da uzun s\u00fcre dayanacak ve elementlere dayanacak \u015fekilde tasarlanmalar\u0131n\u0131 sa\u011flar. Dayan\u0131kl\u0131l\u0131k ve i\u015flevselliklerine ek olarak, \u00f6zel \u00e7ad\u0131rlar\u0131m\u0131z son derece portatiftir ve bu da onlar\u0131, hemen hemen her yere seyahat edebilen g\u00fcvenilir ve kullan\u0131m\u0131 kolay bir bar\u0131nak \u00e7\u00f6z\u00fcm\u00fcne ihtiya\u00e7 duyan bireyler ve kurulu\u015flar i\u00e7in m\u00fckemmel bir se\u00e7im haline getirir. \u0130ster tek seferlik bir etkinlik i\u00e7in ge\u00e7ici bir kanopiye, ister i\u015fletmeniz veya kurulu\u015funuz i\u00e7in uzun vadeli bir bar\u0131nak \u00e7\u00f6z\u00fcm\u00fcne ihtiyac\u0131n\u0131z olsun, 50 mm&#039;lik a\u011f\u0131r hizmet tipi alt\u0131gen al\u00fcminyum \u00e7ad\u0131rlar\u0131m\u0131z g\u00fc\u00e7, dayan\u0131kl\u0131l\u0131k ve rahatl\u0131\u011f\u0131n m\u00fckemmel kombinasyonunu sunar.<\/p>\n<div style=\"width: 1290px;\" class=\"wp-video\"><!--[if lt IE 9]><script>document.createElement('video');<\/script><![endif]--><br \/>\n<video class=\"wp-video-shortcode\" id=\"video-612-1\" width=\"1290\" height=\"726\" loop autoplay preload=\"auto\" controls=\"controls\"><source type=\"video\/mp4\" src=\"http:\/\/cmykprinted.com\/wp-content\/uploads\/2022\/12\/50mm-Heavy-Duty-Hexagon-Aluminum-Tents.mp4?_=1\" \/><a href=\"http:\/\/cmykprinted.com\/wp-content\/uploads\/2022\/12\/50mm-Heavy-Duty-Hexagon-Aluminum-Tents.mp4\">http:\/\/cmykprinted.com\/wp-content\/uploads\/2022\/12\/50mm-Heavy-Duty-Hexagon-Aluminum-Tents.mp4<\/a><\/video><\/div>","protected":false},"featured_media":613,"template":"","meta":{"_kad_post_transparent":"default","_kad_post_title":"hide","_kad_post_layout":"fullwidth","_kad_post_sidebar_id":"","_kad_post_content_style":"unboxed","_kad_post_vertical_padding":"hide","_kad_post_feature":"hide","_kad_post_feature_position":"","_kad_post_header":false,"_kad_post_footer":false},"product_cat":[68,75,74],"product_tag":[147,151,149,148,150],"class_list":{"0":"post-612","1":"product","2":"type-product","3":"status-publish","4":"has-post-thumbnail","6":"product_cat-custom-canopy-tents","7":"product_cat-10x10-custom-branded-canopy-tents","8":"product_cat-50mm-heavy-duty-hexagon-aluminum-tents","9":"product_tag-50mm-heavy-duty-hexagonal-aluminum-tents","10":"product_tag-folding-aluminum-tents","11":"product_tag-heavy-duty-aluminum-tents","12":"product_tag-hexagonal-aluminum-tents","13":"product_tag-outdoor-aluminum-tents","15":"first","16":"instock","17":"shipping-taxable","18":"product-type-simple","19":"entry","20":"content-bg","21":"loop-entry"},"_links":{"self":[{"href":"https:\/\/cmykprinted.com\/tr\/wp-json\/wp\/v2\/product\/612","targetHints":{"allow":["GET"]}}],"collection":[{"href":"https:\/\/cmykprinted.com\/tr\/wp-json\/wp\/v2\/product"}],"about":[{"href":"https:\/\/cmykprinted.com\/tr\/wp-json\/wp\/v2\/types\/product"}],"version-history":[{"count":3,"href":"https:\/\/cmykprinted.com\/tr\/wp-json\/wp\/v2\/product\/612\/revisions"}],"predecessor-version":[{"id":623,"href":"https:\/\/cmykprinted.com\/tr\/wp-json\/wp\/v2\/product\/612\/revisions\/623"}],"wp:featuredmedia":[{"embeddable":true,"href":"https:\/\/cmykprinted.com\/tr\/wp-json\/wp\/v2\/media\/613"}],"wp:attachment":[{"href":"https:\/\/cmykprinted.com\/tr\/wp-json\/wp\/v2\/media?parent=612"}],"wp:term":[{"taxonomy":"product_cat","embeddable":true,"href":"https:\/\/cmykprinted.com\/tr\/wp-json\/wp\/v2\/product_cat?post=612"},{"taxonomy":"product_tag","embeddable":true,"href":"https:\/\/cmykprinted.com\/tr\/wp-json\/wp\/v2\/product_tag?post=612"}],"curies":[{"name":"wp","href":"https:\/\/api.w.org\/{rel}","templated":true}]}}