{"id":624,"date":"2022-12-22T03:01:03","date_gmt":"2022-12-22T03:01:03","guid":{"rendered":"https:\/\/cmykprinted.com\/?post_type=product&#038;p=624"},"modified":"2022-12-22T03:51:54","modified_gmt":"2022-12-22T03:51:54","slug":"custom-printed-hand-flags-handheld-stick-flag-at-cheap-price","status":"publish","type":"product","link":"https:\/\/cmykprinted.com\/tr\/urun\/custom-printed-hand-flags-handheld-stick-flag-at-cheap-price\/","title":{"rendered":"\u00d6zel Bask\u0131l\u0131 El Bayraklar\u0131 Ucuz Fiyata El Sopa Bayra\u011f\u0131"},"content":{"rendered":"","protected":false},"excerpt":{"rendered":"<p>\u00d6zel bask\u0131l\u0131 el bayraklar\u0131, herhangi bir etkinlik veya promosyonda mesaj\u0131n\u0131z\u0131 iletmenin m\u00fckemmel bir yoludur. Uygun fiyatl\u0131d\u0131rlar, ancak i\u015f dikkat \u00e7ekmeye geldi\u011finde yumruk at\u0131yorlar. \u0130ster bir ticaret fuar\u0131nda, ister spor kar\u015f\u0131la\u015fmas\u0131nda, ge\u00e7it t\u00f6reninde, konferansta veya ba\u015fka herhangi bir etkinlikte olun, \u00f6zel bask\u0131l\u0131 el bayraklar\u0131, markan\u0131z\u0131 veya mesaj\u0131n\u0131z\u0131 sergilemenin harika bir yoludur. Dayan\u0131kl\u0131 polyester kuma\u015ftan \u00fcretilirler ve renklerin g\u00fc\u00e7l\u00fc ve canl\u0131 olmas\u0131n\u0131 sa\u011flayan s\u00fcblimasyon bask\u0131 kullan\u0131larak bas\u0131l\u0131rlar. Bayraklar tek ters bask\u0131l\u0131d\u0131r, bu da g\u00f6r\u00fcnt\u00fcn\u00fcn bir tarafta g\u00f6r\u00fcn\u00fcr oldu\u011fu ve tersinin ayna g\u00f6r\u00fcnt\u00fcs\u00fc oldu\u011fu anlam\u0131na gelir. Plastik veya ah\u015fap bir d\u00fcbel ile bitirilirler ve bir bayrak man\u015fonu kullan\u0131larak \u00e7ubu\u011fa tutturulurlar. \u00d6zel bask\u0131l\u0131 el bayraklar\u0131, yaln\u0131zca markan\u0131z\u0131 veya mesaj\u0131n\u0131z\u0131 tan\u0131tman\u0131n harika bir yolu de\u011fil, ayn\u0131 zamanda izleyicilerinizle etkile\u015fim kurman\u0131n e\u011flenceli ve etkile\u015fimli bir yoludur. \u00d6yleyse neden bekleyelim? \u00d6zel bask\u0131l\u0131 el bayraklar\u0131n\u0131z\u0131 bug\u00fcn al\u0131n ve mesaj\u0131n\u0131z\u0131n u\u00e7mas\u0131n\u0131 izleyin!<\/p>\n<div style=\"width: 1290px;\" class=\"wp-video\"><!--[if lt IE 9]><script>document.createElement('video');<\/script><![endif]--><br \/>\n<video class=\"wp-video-shortcode\" id=\"video-624-1\" width=\"1290\" height=\"726\" loop autoplay preload=\"auto\" controls=\"controls\"><source type=\"video\/mp4\" src=\"http:\/\/cmykprinted.com\/wp-content\/uploads\/2022\/12\/Custom-Printed-Hand-Flags.mp4?_=1\" \/><a href=\"http:\/\/cmykprinted.com\/wp-content\/uploads\/2022\/12\/Custom-Printed-Hand-Flags.mp4\">http:\/\/cmykprinted.com\/wp-content\/uploads\/2022\/12\/Custom-Printed-Hand-Flags.mp4<\/a><\/video><\/div>\n<p>&nbsp;<\/p>","protected":false},"featured_media":625,"template":"","meta":{"_kad_post_transparent":"default","_kad_post_title":"hide","_kad_post_layout":"fullwidth","_kad_post_sidebar_id":"","_kad_post_content_style":"unboxed","_kad_post_vertical_padding":"hide","_kad_post_feature":"hide","_kad_post_feature_position":"","_kad_post_header":false,"_kad_post_footer":false},"product_cat":[79],"product_tag":[153,155,152,154],"class_list":{"0":"post-624","1":"product","2":"type-product","3":"status-publish","4":"has-post-thumbnail","6":"product_cat-custom-flags","7":"product_tag-custom-hand-flags","8":"product_tag-custom-handheld-flag","9":"product_tag-custom-printed-hand-flags","10":"product_tag-handheld-stick-flag","12":"first","13":"instock","14":"shipping-taxable","15":"product-type-simple","16":"entry","17":"content-bg","18":"loop-entry"},"_links":{"self":[{"href":"https:\/\/cmykprinted.com\/tr\/wp-json\/wp\/v2\/product\/624","targetHints":{"allow":["GET"]}}],"collection":[{"href":"https:\/\/cmykprinted.com\/tr\/wp-json\/wp\/v2\/product"}],"about":[{"href":"https:\/\/cmykprinted.com\/tr\/wp-json\/wp\/v2\/types\/product"}],"version-history":[{"count":4,"href":"https:\/\/cmykprinted.com\/tr\/wp-json\/wp\/v2\/product\/624\/revisions"}],"predecessor-version":[{"id":635,"href":"https:\/\/cmykprinted.com\/tr\/wp-json\/wp\/v2\/product\/624\/revisions\/635"}],"wp:featuredmedia":[{"embeddable":true,"href":"https:\/\/cmykprinted.com\/tr\/wp-json\/wp\/v2\/media\/625"}],"wp:attachment":[{"href":"https:\/\/cmykprinted.com\/tr\/wp-json\/wp\/v2\/media?parent=624"}],"wp:term":[{"taxonomy":"product_cat","embeddable":true,"href":"https:\/\/cmykprinted.com\/tr\/wp-json\/wp\/v2\/product_cat?post=624"},{"taxonomy":"product_tag","embeddable":true,"href":"https:\/\/cmykprinted.com\/tr\/wp-json\/wp\/v2\/product_tag?post=624"}],"curies":[{"name":"wp","href":"https:\/\/api.w.org\/{rel}","templated":true}]}}