{"id":644,"date":"2022-12-22T07:18:12","date_gmt":"2022-12-22T07:18:12","guid":{"rendered":"https:\/\/cmykprinted.com\/?post_type=product&#038;p=644"},"modified":"2022-12-22T07:55:34","modified_gmt":"2022-12-22T07:55:34","slug":"custom-table-runners-table-cover-trade-show-tablecloth","status":"publish","type":"product","link":"https:\/\/cmykprinted.com\/tr\/urun\/custom-table-runners-table-cover-trade-show-tablecloth\/","title":{"rendered":"\u00d6zel Masa Ko\u015fucular\u0131 Masa \u00d6rt\u00fcs\u00fc Fuar Masa \u00d6rt\u00fcs\u00fc"},"content":{"rendered":"","protected":false},"excerpt":{"rendered":"<p>\u0130\u015finiz veya ki\u015fisel etkinlikleriniz i\u00e7in \u00f6zel masa ko\u015fucular\u0131na ihtiyac\u0131n\u0131z varsa, size yard\u0131mc\u0131 olabiliriz. Y\u00fcksek kaliteli masa \u00f6rt\u00fclerimiz ticari fuarlardan ba\u011f\u0131\u015f toplama etkinliklerine kadar her \u015fey i\u00e7in m\u00fckemmeldir ve uzun s\u00fcre dayanacak \u015fekilde tasarlanm\u0131\u015ft\u0131r. Birinci s\u0131n\u0131f polyester kuma\u015ftan yap\u0131lm\u0131\u015f ve tam renkli, 1440DPI s\u00fcblimasyonlu bask\u0131 \u00f6zelli\u011fine sahip bu \u00f6zel bask\u0131l\u0131 masa \u00f6rt\u00fcleri, kesinlikle kal\u0131c\u0131 bir izlenim b\u0131rakacakt\u0131r. Konferanslarda, etkinliklerde veya ticari fuarlarda markan\u0131z\u0131 veya logonuzu tan\u0131tmak i\u00e7in bunlar\u0131 kullan\u0131n veya zarafet ve dekor dokunu\u015fu i\u00e7in sa\u011flam bir masa \u00f6rt\u00fcs\u00fcne ekleyin. \u00d6nceden tan\u0131mlanm\u0131\u015f 2&#039;x7,5&#039; boyutlar\u0131nda mevcut olup, ihtiya\u00e7lar\u0131n\u0131za m\u00fckemmel \u015fekilde uymas\u0131 i\u00e7in \u00f6zel boyutlar\u0131 bile se\u00e7ebilirsiniz. \u0130\u015fletmenizin reklam\u0131n\u0131 etkili bir \u015fekilde yapacak ve zamana kar\u015f\u0131 dayan\u0131kl\u0131 \u00f6zel masa ko\u015fucular\u0131 i\u00e7in g\u00fcvenilir kayna\u011f\u0131n\u0131z olarak bize g\u00fcvenin.<\/p>","protected":false},"featured_media":647,"template":"","meta":{"_kad_post_transparent":"default","_kad_post_title":"hide","_kad_post_layout":"fullwidth","_kad_post_sidebar_id":"","_kad_post_content_style":"unboxed","_kad_post_vertical_padding":"hide","_kad_post_feature":"hide","_kad_post_feature_position":"","_kad_post_header":false,"_kad_post_footer":false},"product_cat":[80,82],"product_tag":[157,156,158,159],"class_list":{"0":"post-644","1":"product","2":"type-product","3":"status-publish","4":"has-post-thumbnail","6":"product_cat-custom-tablecloth","7":"product_cat-custom-table-runner","8":"product_tag-custom-table-cover","9":"product_tag-custom-table-runners","10":"product_tag-custom-tablecloth","11":"product_tag-trade-show-tablecloth","13":"first","14":"instock","15":"shipping-taxable","16":"product-type-simple","17":"entry","18":"content-bg","19":"loop-entry"},"_links":{"self":[{"href":"https:\/\/cmykprinted.com\/tr\/wp-json\/wp\/v2\/product\/644","targetHints":{"allow":["GET"]}}],"collection":[{"href":"https:\/\/cmykprinted.com\/tr\/wp-json\/wp\/v2\/product"}],"about":[{"href":"https:\/\/cmykprinted.com\/tr\/wp-json\/wp\/v2\/types\/product"}],"version-history":[{"count":2,"href":"https:\/\/cmykprinted.com\/tr\/wp-json\/wp\/v2\/product\/644\/revisions"}],"predecessor-version":[{"id":646,"href":"https:\/\/cmykprinted.com\/tr\/wp-json\/wp\/v2\/product\/644\/revisions\/646"}],"wp:featuredmedia":[{"embeddable":true,"href":"https:\/\/cmykprinted.com\/tr\/wp-json\/wp\/v2\/media\/647"}],"wp:attachment":[{"href":"https:\/\/cmykprinted.com\/tr\/wp-json\/wp\/v2\/media?parent=644"}],"wp:term":[{"taxonomy":"product_cat","embeddable":true,"href":"https:\/\/cmykprinted.com\/tr\/wp-json\/wp\/v2\/product_cat?post=644"},{"taxonomy":"product_tag","embeddable":true,"href":"https:\/\/cmykprinted.com\/tr\/wp-json\/wp\/v2\/product_tag?post=644"}],"curies":[{"name":"wp","href":"https:\/\/api.w.org\/{rel}","templated":true}]}}