{"id":654,"date":"2022-12-22T08:00:58","date_gmt":"2022-12-22T08:00:58","guid":{"rendered":"https:\/\/cmykprinted.com\/?post_type=product&#038;p=654"},"modified":"2022-12-22T09:11:25","modified_gmt":"2022-12-22T09:11:25","slug":"custom-size-outdoor-vinyl-pvc-banners-with-free-printing","status":"publish","type":"product","link":"https:\/\/cmykprinted.com\/tr\/urun\/custom-size-outdoor-vinyl-pvc-banners-with-free-printing\/","title":{"rendered":"\u00dccretsiz Bask\u0131l\u0131 \u00d6zel Boyutlu D\u0131\u015f Mekan Vinil PVC Afi\u015fler"},"content":{"rendered":"","protected":false},"excerpt":{"rendered":"<p>D\u0131\u015f mekan vinil PVC afi\u015fler, dikkatleri mekan\u0131n\u0131za \u00e7ekmenin ve \u00f6nemli bilgileri ge\u00e7en trafi\u011fe iletmenin olduk\u00e7a etkili bir yoludur. Birinci s\u0131n\u0131f, hava ko\u015fullar\u0131na dayan\u0131kl\u0131 malzemelerden olu\u015fan bir se\u00e7ki \u00fczerine bas\u0131lm\u0131\u015ft\u0131r ve dayan\u0131kl\u0131, uygun maliyetli sonu\u00e7lar vermelerini sa\u011flamak i\u00e7in asmak i\u00e7in kenarlar ve halkalarla tamamlanm\u0131\u015ft\u0131r. \u015eirketimizde, \u00f6zel ihtiya\u00e7lar\u0131n\u0131z i\u00e7in en iyi malzemeleri \u00f6nerebiliriz. Afi\u015finiz ayakl\u0131 bir d\u0131\u015f mekan te\u015fhiri olarak kullan\u0131lacaksa, r\u00fczgar direnci daha y\u00fcksek olan Mesh PVC afi\u015f kullanman\u0131z\u0131 tavsiye edebiliriz. Ek olarak, daha s\u00fcrd\u00fcr\u00fclebilir bir se\u00e7enek arayanlar i\u00e7in daha \u00e7evre dostu PVC olmayan afi\u015fler de sunuyoruz.<\/p>\n<div style=\"width: 1290px;\" class=\"wp-video\"><!--[if lt IE 9]><script>document.createElement('video');<\/script><![endif]--><br \/>\n<video class=\"wp-video-shortcode\" id=\"video-654-1\" width=\"1290\" height=\"726\" loop autoplay preload=\"auto\" controls=\"controls\"><source type=\"video\/mp4\" src=\"http:\/\/cmykprinted.com\/wp-content\/uploads\/2022\/12\/vinyl-PVC-banners.mp4?_=1\" \/><a href=\"http:\/\/cmykprinted.com\/wp-content\/uploads\/2022\/12\/vinyl-PVC-banners.mp4\">http:\/\/cmykprinted.com\/wp-content\/uploads\/2022\/12\/vinyl-PVC-banners.mp4<\/a><\/video><\/div>\n<p>&nbsp;<\/p>","protected":false},"featured_media":655,"template":"","meta":{"_kad_post_transparent":"default","_kad_post_title":"hide","_kad_post_layout":"fullwidth","_kad_post_sidebar_id":"","_kad_post_content_style":"unboxed","_kad_post_vertical_padding":"hide","_kad_post_feature":"hide","_kad_post_feature_position":"","_kad_post_header":false,"_kad_post_footer":false},"product_cat":[85,90,91,89],"product_tag":[161,162,163,164,160],"class_list":{"0":"post-654","1":"product","2":"type-product","3":"status-publish","4":"has-post-thumbnail","6":"product_cat-outdoor-vinyl-banners","7":"product_cat-glossy-pvc-banners","8":"product_cat-matte-vinyl-banners","9":"product_cat-pvc-banners","10":"product_tag-custom-vinyl-banners","11":"product_tag-outdoor-pvc-banners","12":"product_tag-outdoor-vinyl-banners","13":"product_tag-vinyl-banners-printing","14":"product_tag-vinyl-pvc-banners","16":"first","17":"instock","18":"shipping-taxable","19":"product-type-simple","20":"entry","21":"content-bg","22":"loop-entry"},"_links":{"self":[{"href":"https:\/\/cmykprinted.com\/tr\/wp-json\/wp\/v2\/product\/654","targetHints":{"allow":["GET"]}}],"collection":[{"href":"https:\/\/cmykprinted.com\/tr\/wp-json\/wp\/v2\/product"}],"about":[{"href":"https:\/\/cmykprinted.com\/tr\/wp-json\/wp\/v2\/types\/product"}],"version-history":[{"count":2,"href":"https:\/\/cmykprinted.com\/tr\/wp-json\/wp\/v2\/product\/654\/revisions"}],"predecessor-version":[{"id":663,"href":"https:\/\/cmykprinted.com\/tr\/wp-json\/wp\/v2\/product\/654\/revisions\/663"}],"wp:featuredmedia":[{"embeddable":true,"href":"https:\/\/cmykprinted.com\/tr\/wp-json\/wp\/v2\/media\/655"}],"wp:attachment":[{"href":"https:\/\/cmykprinted.com\/tr\/wp-json\/wp\/v2\/media?parent=654"}],"wp:term":[{"taxonomy":"product_cat","embeddable":true,"href":"https:\/\/cmykprinted.com\/tr\/wp-json\/wp\/v2\/product_cat?post=654"},{"taxonomy":"product_tag","embeddable":true,"href":"https:\/\/cmykprinted.com\/tr\/wp-json\/wp\/v2\/product_tag?post=654"}],"curies":[{"name":"wp","href":"https:\/\/api.w.org\/{rel}","templated":true}]}}